{"id":35306,"date":"2019-09-03T14:17:54","date_gmt":"2019-09-03T19:17:54","guid":{"rendered":"http:\/\/congresocoahuila.gob.mx\/portal\/?page_id=35306"},"modified":"2020-01-09T14:07:40","modified_gmt":"2020-01-09T20:07:40","slug":"segundo-periodo-ordinario-de-la-lxi-legislatura-2019","status":"publish","type":"page","link":"https:\/\/www.congresocoahuila.gob.mx\/portal\/segundo-periodo-ordinario-de-la-lxi-legislatura-2019\/","title":{"rendered":"Segundo Per\u00edodo Ordinario de la LXI Legislatura 2019"},"content":{"rendered":"<strong>LISTA DE ASISTENCIA\u00a0<\/strong>\n\n<a href=\"https:\/\/congresocoahuila.gob.mx\/transparencia\/ART\/26\/05\/2DO_PERIODO_ORDINARIO_LXI_2019\/SPO_S01_20190902.pdf\">Primera Sesi\u00f3n, 02 de septiembre de 2019<\/a>\n\n<a href=\"https:\/\/congresocoahuila.gob.mx\/transparencia\/ART\/26\/05\/2DO_PERIODO_ORDINARIO_LXI_2019\/SPO_S02_20190911.pdf\">Segunda Sesi\u00f3n, 11 de septiembre de 2019<\/a>\n\n<a href=\"https:\/\/congresocoahuila.gob.mx\/transparencia\/ART\/26\/05\/2DO_PERIODO_ORDINARIO_LXI_2019\/SPO_S03_20190918.pdf\">Tercera Sesi\u00f3n, 18 de septiembre de 2019<\/a>\n\n<a href=\"https:\/\/congresocoahuila.gob.mx\/transparencia\/ART\/26\/05\/2DO_PERIODO_ORDINARIO_LXI_2019\/SPO_S04_20190925.pdf\">Cuarta Sesi\u00f3n, 25 de septiembre de 2019<\/a>\n\n<a href=\"https:\/\/congresocoahuila.gob.mx\/transparencia\/ART\/26\/05\/2DO_PERIODO_ORDINARIO_LXI_2019\/SPO_S05_20191002.pdf\">Quinta Sesi\u00f3n, 02 de octubre de 2019<\/a>\n\n<a href=\"https:\/\/congresocoahuila.gob.mx\/transparencia\/ART\/26\/05\/2DO_PERIODO_ORDINARIO_LXI_2019\/SPO_S06_20191016.pdf\">Sexta Sesi\u00f3n, 16 de octubre de 2019<\/a>\n\n<a href=\"https:\/\/congresocoahuila.gob.mx\/transparencia\/ART\/26\/05\/2DO_PERIODO_ORDINARIO_LXI_2019\/SPO_S07_20191023.pdf\">S\u00e9ptima Sesi\u00f3n, 23 de octubre de 2019<\/a>\n\n<a href=\"https:\/\/congresocoahuila.gob.mx\/transparencia\/ART\/26\/05\/2DO_PERIODO_ORDINARIO_LXI_2019\/SPO_S08_20191030.pdf\">Octava Sesi\u00f3n, 30 de octubre de 2019<\/a>\n\n<a href=\"https:\/\/congresocoahuila.gob.mx\/transparencia\/ART\/26\/05\/2DO_PERIODO_ORDINARIO_LXI_2019\/SPO_S09_20191031.pdf\">Novena Sesi\u00f3n, 31 de octubre de 2019<\/a>\n\n<a href=\"https:\/\/congresocoahuila.gob.mx\/transparencia\/ART\/26\/05\/2DO_PERIODO_ORDINARIO_LXI_2019\/SPO_S10_20191106.pdf\">D\u00e9cima Sesi\u00f3n, 06 de noviembre de 2019<\/a>\n\n<a href=\"https:\/\/congresocoahuila.gob.mx\/transparencia\/ART\/26\/05\/2DO_PERIODO_ORDINARIO_LXI_2019\/SPO_S11_20191113.pdf\">D\u00e9cima Primera Sesi\u00f3n, 13 de noviembre de 2019<\/a>\n\n<a href=\"https:\/\/congresocoahuila.gob.mx\/transparencia\/ART\/26\/05\/2DO_PERIODO_ORDINARIO_LXI_2019\/SPO_S12_20191129.pdf\">D\u00e9cima Segunda Sesi\u00f3n, 29 de noviembre de 2019<\/a>\n\n<a href=\"https:\/\/congresocoahuila.gob.mx\/transparencia\/ART\/26\/05\/2DO_PERIODO_ORDINARIO_LXI_2019\/SPO_S13_20191130.pdf\">D\u00e9cima Tercera Sesi\u00f3n, 30 de noviembre de 201 &#8211; Sesi\u00f3n Solemne<\/a>\n\n<a href=\"https:\/\/congresocoahuila.gob.mx\/transparencia\/ART\/26\/05\/2DO_PERIODO_ORDINARIO_LXI_2019\/SPO_S14_20191204.pdf\">D\u00e9cima Cuarta Sesi\u00f3n, 04 de diciembre de 2019<\/a>\n\n<a href=\"https:\/\/congresocoahuila.gob.mx\/transparencia\/ART\/26\/05\/2DO_PERIODO_ORDINARIO_LXI_2019\/SPO_S15_20191211.pdf\">D\u00e9cima Quinta Sesi\u00f3n, 11 de diciembre de 2019<\/a>\n\n<a href=\"https:\/\/congresocoahuila.gob.mx\/transparencia\/ART\/26\/05\/2DO_PERIODO_ORDINARIO_LXI_2019\/SPO_S16_20191218.pdf\">D\u00e9cima Sexta Sesi\u00f3n, 18 de diciembre de 2019<\/a>\n\n<a href=\"https:\/\/congresocoahuila.gob.mx\/transparencia\/ART\/26\/05\/2DO_PERIODO_ORDINARIO_LXI_2019\/SPO_S17_20191219.pdf\">D\u00e9cima S\u00e9ptima Sesi\u00f3n, 19 de diciembre de 2019<\/a>\n\n<a href=\"https:\/\/congresocoahuila.gob.mx\/transparencia\/ART\/26\/05\/2DO_PERIODO_ORDINARIO_LXI_2019\/SPO_S18_20191227.pdf\">D\u00e9cima Octava Sesi\u00f3n, 27 de diciembre de 2019<\/a>\n\n<!-- \/wp:post-content -->","protected":false},"excerpt":{"rendered":"<p>LISTA DE ASISTENCIA\u00a0 Primera Sesi\u00f3n, 02 de septiembre de 2019 Segunda Sesi\u00f3n, 11 de septiembre de 2019 Tercera Sesi\u00f3n, 18 de septiembre de 2019 Cuarta Sesi\u00f3n, 25 de septiembre de 2019 Quinta Sesi\u00f3n, 02 de octubre de 2019 Sexta Sesi\u00f3n, 16 de octubre de 2019 S\u00e9ptima Sesi\u00f3n, 23 de octubre de 2019 Octava Sesi\u00f3n, 30 [&hellip;]<\/p>\n","protected":false},"author":5,"featured_media":0,"parent":0,"menu_order":0,"comment_status":"closed","ping_status":"closed","template":"","meta":{"footnotes":""},"categories":[],"tags":[],"class_list":["post-35306","page","type-page","status-publish","hentry"],"_links":{"self":[{"href":"https:\/\/www.congresocoahuila.gob.mx\/portal\/wp-json\/wp\/v2\/pages\/35306","targetHints":{"allow":["GET"]}}],"collection":[{"href":"https:\/\/www.congresocoahuila.gob.mx\/portal\/wp-json\/wp\/v2\/pages"}],"about":[{"href":"https:\/\/www.congresocoahuila.gob.mx\/portal\/wp-json\/wp\/v2\/types\/page"}],"author":[{"embeddable":true,"href":"https:\/\/www.congresocoahuila.gob.mx\/portal\/wp-json\/wp\/v2\/users\/5"}],"replies":[{"embeddable":true,"href":"https:\/\/www.congresocoahuila.gob.mx\/portal\/wp-json\/wp\/v2\/comments?post=35306"}],"version-history":[{"count":18,"href":"https:\/\/www.congresocoahuila.gob.mx\/portal\/wp-json\/wp\/v2\/pages\/35306\/revisions"}],"predecessor-version":[{"id":36441,"href":"https:\/\/www.congresocoahuila.gob.mx\/portal\/wp-json\/wp\/v2\/pages\/35306\/revisions\/36441"}],"wp:attachment":[{"href":"https:\/\/www.congresocoahuila.gob.mx\/portal\/wp-json\/wp\/v2\/media?parent=35306"}],"wp:term":[{"taxonomy":"category","embeddable":true,"href":"https:\/\/www.congresocoahuila.gob.mx\/portal\/wp-json\/wp\/v2\/categories?post=35306"},{"taxonomy":"post_tag","embeddable":true,"href":"https:\/\/www.congresocoahuila.gob.mx\/portal\/wp-json\/wp\/v2\/tags?post=35306"}],"curies":[{"name":"wp","href":"https:\/\/api.w.org\/{rel}","templated":true}]}}