{"id":35412,"date":"2019-09-09T12:26:22","date_gmt":"2019-09-09T17:26:22","guid":{"rendered":"http:\/\/congresocoahuila.gob.mx\/portal\/?page_id=35412"},"modified":"2020-01-10T23:48:50","modified_gmt":"2020-01-11T05:48:50","slug":"segundo-periodo-ordinario-2019","status":"publish","type":"page","link":"https:\/\/www.congresocoahuila.gob.mx\/portal\/segundo-periodo-ordinario-2019\/","title":{"rendered":"SEGUNDO PER\u00cdODO ORDINARIO 2019"},"content":{"rendered":"<p><strong>SEGUNDO A\u00d1O DE EJERCICIO CONSTITUCIONAL 2019<br \/>SEGUNDO PER\u00cdODO ORDINARIO<\/strong><\/p>\n<p><a href=\"https:\/\/congresocoahuila.gob.mx\/transparencia\/03\/Debates-2018-2020\/20190902_SPO_S01.docx\">Primera Sesi\u00f3n, 02 de septiembre de 2019<\/a><\/p>\n<p><a href=\"https:\/\/congresocoahuila.gob.mx\/transparencia\/03\/Debates-2018-2020\/20190911_SPO_S02.docx\">Segunda Sesi\u00f3n, 11 de septiembre de 2019<\/a><\/p>\n<p><a href=\"https:\/\/congresocoahuila.gob.mx\/transparencia\/03\/Debates-2018-2020\/20190918_SPO_S03.docx\">Tercera Sesi\u00f3n, 18 de septiembre de 2019<\/a><\/p>\n<p><a href=\"https:\/\/congresocoahuila.gob.mx\/transparencia\/03\/Debates-2018-2020\/20190925_SPO_S04.docx\">Cuarta Sesi\u00f3n, 25 de septiembre de 2019<\/a><\/p>\n<p><a href=\"https:\/\/congresocoahuila.gob.mx\/transparencia\/03\/Debates-2018-2020\/20191002_SPO_S05.docx\">Quinta Sesi\u00f3n, 02 de octubre de 2019 \/ 09 de octubre continuaci\u00f3n de la Sesi\u00f3n<\/a><\/p>\n<p><a href=\"https:\/\/congresocoahuila.gob.mx\/transparencia\/03\/Debates-2018-2020\/20191016_SPO_S06.docx\">Sexta Sesi\u00f3n, 16 de octubre de 2019<\/a><\/p>\n<p><a href=\"https:\/\/congresocoahuila.gob.mx\/transparencia\/03\/Debates-2018-2020\/20191023_SPO_S07.docx\">S\u00e9ptima Sesi\u00f3n, 23 de octubre de 2019<\/a><\/p>\n<p><a href=\"https:\/\/congresocoahuila.gob.mx\/transparencia\/03\/Debates-2018-2020\/20191030_SPO_S08.docx\">Octava Sesi\u00f3n, 30 de octubre de 2019<\/a><\/p>\n<p><a href=\"https:\/\/congresocoahuila.gob.mx\/transparencia\/03\/Debates-2018-2020\/20191031_SPO_S09.docx\">Novena Sesi\u00f3n, 31 de octubre de 2019<\/a><\/p>\n<p><a href=\"https:\/\/congresocoahuila.gob.mx\/transparencia\/03\/Debates-2018-2020\/20191106_SPO_S10.docx\">D\u00e9cima Sesi\u00f3n, 06 de noviembre de 2019<\/a><\/p>\n<p><a href=\"https:\/\/congresocoahuila.gob.mx\/transparencia\/03\/Debates-2018-2020\/20191113_SPO_S11.docx\">D\u00e9cima Primera Sesi\u00f3n, 13 de noviembre de 2019<\/a><\/p>\n<p><a href=\"https:\/\/congresocoahuila.gob.mx\/transparencia\/03\/Debates-2018-2020\/20191129_SPO_S12.docx\">D\u00e9cima Segunda Sesi\u00f3n, 29 de noviembre de 2019<\/a><\/p>\n<p><a href=\"https:\/\/congresocoahuila.gob.mx\/transparencia\/03\/Debates-2018-2020\/20191130_SPO_S13_Solemne.docx\">Sesi\u00f3n Solemne, 30 de noviembre de 2019 \u2013 Segundo Informe de Gobierno, Ing. Miguel \u00c1ngel Riquelme Sol\u00eds, Gobernador del Estado de Coahuila de Zaragoza<\/a><\/p>\n<p><a href=\"https:\/\/congresocoahuila.gob.mx\/transparencia\/03\/Debates-2018-2020\/20191204_SPO_S14.docx\">D\u00e9cima Cuarta Sesi\u00f3n, 04 de diciembre de 2019<\/a><\/p>\n<p><a href=\"https:\/\/congresocoahuila.gob.mx\/transparencia\/03\/Debates-2018-2020\/20191211_SPO_S15.docx\">D\u00e9cima Quinta Sesi\u00f3n, 11 de diciembre de 2019<\/a><\/p>\n<p><a href=\"https:\/\/congresocoahuila.gob.mx\/transparencia\/03\/Debates-2018-2020\/20191218_SPO_S16.docx\">D\u00e9cima Sexta Sesi\u00f3n, 18 de diciembre de 2019<\/a><\/p>\n<p><a href=\"https:\/\/congresocoahuila.gob.mx\/transparencia\/03\/Debates-2018-2020\/20191219_SPO_S17.docx\">D\u00e9cima S\u00e9ptima Sesi\u00f3n, 19 de diciembre de 2019<\/a><\/p>\n<p><a href=\"https:\/\/congresocoahuila.gob.mx\/transparencia\/03\/Debates-2018-2020\/20191227_SPO_S18.docx\">D\u00e9cima Octava Sesi\u00f3n, 27 de diciembre de 2019<\/a><\/p>\n<p>\u00a0<\/p>\n\n\n<p>Fecha de actualizaci\u00f3n: 31 de Diciembre de 2019. <br>Responsable de la Informaci\u00f3n: Lic. Rafael Delgado Hern\u00e1ndez<br>Oficial Mayor\u00a0del H. Congreso del Estado de Coahuila. <\/p>\n","protected":false},"excerpt":{"rendered":"<p>SEGUNDO A\u00d1O DE EJERCICIO CONSTITUCIONAL 2019SEGUNDO PER\u00cdODO ORDINARIO Primera Sesi\u00f3n, 02 de septiembre de 2019 Segunda Sesi\u00f3n, 11 de septiembre de 2019 Tercera Sesi\u00f3n, 18 de septiembre de 2019 Cuarta Sesi\u00f3n, 25 de septiembre de 2019 Quinta Sesi\u00f3n, 02 de octubre de 2019 \/ 09 de octubre continuaci\u00f3n de la Sesi\u00f3n Sexta Sesi\u00f3n, 16 de [&hellip;]<\/p>\n","protected":false},"author":5,"featured_media":0,"parent":0,"menu_order":0,"comment_status":"closed","ping_status":"closed","template":"","meta":{"footnotes":""},"categories":[],"tags":[],"class_list":["post-35412","page","type-page","status-publish","hentry"],"_links":{"self":[{"href":"https:\/\/www.congresocoahuila.gob.mx\/portal\/wp-json\/wp\/v2\/pages\/35412","targetHints":{"allow":["GET"]}}],"collection":[{"href":"https:\/\/www.congresocoahuila.gob.mx\/portal\/wp-json\/wp\/v2\/pages"}],"about":[{"href":"https:\/\/www.congresocoahuila.gob.mx\/portal\/wp-json\/wp\/v2\/types\/page"}],"author":[{"embeddable":true,"href":"https:\/\/www.congresocoahuila.gob.mx\/portal\/wp-json\/wp\/v2\/users\/5"}],"replies":[{"embeddable":true,"href":"https:\/\/www.congresocoahuila.gob.mx\/portal\/wp-json\/wp\/v2\/comments?post=35412"}],"version-history":[{"count":22,"href":"https:\/\/www.congresocoahuila.gob.mx\/portal\/wp-json\/wp\/v2\/pages\/35412\/revisions"}],"predecessor-version":[{"id":36582,"href":"https:\/\/www.congresocoahuila.gob.mx\/portal\/wp-json\/wp\/v2\/pages\/35412\/revisions\/36582"}],"wp:attachment":[{"href":"https:\/\/www.congresocoahuila.gob.mx\/portal\/wp-json\/wp\/v2\/media?parent=35412"}],"wp:term":[{"taxonomy":"category","embeddable":true,"href":"https:\/\/www.congresocoahuila.gob.mx\/portal\/wp-json\/wp\/v2\/categories?post=35412"},{"taxonomy":"post_tag","embeddable":true,"href":"https:\/\/www.congresocoahuila.gob.mx\/portal\/wp-json\/wp\/v2\/tags?post=35412"}],"curies":[{"name":"wp","href":"https:\/\/api.w.org\/{rel}","templated":true}]}}