{"id":3570,"date":"2014-11-24T19:12:47","date_gmt":"2014-11-25T01:12:47","guid":{"rendered":"http:\/\/www.congresocoahuila.gob.mx\/portal\/?page_id=3570"},"modified":"2014-11-24T19:12:47","modified_gmt":"2014-11-25T01:12:47","slug":"dip-indalecio-rodriguez-lopez","status":"publish","type":"page","link":"https:\/\/www.congresocoahuila.gob.mx\/portal\/dip-indalecio-rodriguez-lopez\/","title":{"rendered":"DIP. INDALECIO RODR\u00cdGUEZ L\u00d3PEZ"},"content":{"rendered":"<p><a href=\"http:\/\/www.congresocoahuila.gob.mx\/portal\/wp-content\/uploads\/2014\/11\/Indalecio-Rodriguez-Lopez.jpg\"><img loading=\"lazy\" decoding=\"async\" src=\"http:\/\/www.congresocoahuila.gob.mx\/portal\/wp-content\/uploads\/2014\/11\/Indalecio-Rodriguez-Lopez.jpg\" alt=\"\" width=\"80\" height=\"100\" class=\"alignnone size-full wp-image-3581\" \/><br \/>\n<\/a><a href=\"http:\/\/www.congresocoahuila.gob.mx\/portal\/wp-content\/uploads\/2014\/11\/c2.pdf\">Curr\u00edculum<\/a><\/p>\n<p><strong>Comisiones y Comit\u00e9s a las que pertenece<\/strong><br \/>\n<strong>Comisiones:<\/strong><br \/>\nFinanzas<br \/>\nDesarrollo Social  (Secretario)<br \/>\nSalud, Medio Ambiente, Recursos Naturales y Agua<br \/>\nAtenci\u00f3n Ciudadana  (Coordinador)<br \/>\nAtenci\u00f3n a Grupos Vulnerables<\/p>\n<p><strong>Comisiones y Comit\u00e9s Especiales a las que pertenece<\/strong><br \/>\nComisiones:<br \/>\nAn\u00e1lisis del origen, aplicaci\u00f3n e impacto de la deuda p\u00fablica contra\u00edda en el per\u00edodo constitucional     2005-2011 del Gobierno del Estado de Coahuila de Zaragoza.<\/p>\n","protected":false},"excerpt":{"rendered":"<p>Curr\u00edculum Comisiones y Comit\u00e9s a las que pertenece Comisiones: Finanzas Desarrollo Social (Secretario) Salud, Medio Ambiente, Recursos Naturales y Agua Atenci\u00f3n Ciudadana (Coordinador) Atenci\u00f3n a Grupos Vulnerables Comisiones y Comit\u00e9s Especiales a las que pertenece Comisiones: An\u00e1lisis del origen, aplicaci\u00f3n e impacto de la deuda p\u00fablica contra\u00edda en el per\u00edodo constitucional 2005-2011 del Gobierno del [&hellip;]<\/p>\n","protected":false},"author":3,"featured_media":0,"parent":0,"menu_order":0,"comment_status":"closed","ping_status":"closed","template":"","meta":{"footnotes":""},"categories":[],"tags":[],"class_list":["post-3570","page","type-page","status-publish","hentry"],"_links":{"self":[{"href":"https:\/\/www.congresocoahuila.gob.mx\/portal\/wp-json\/wp\/v2\/pages\/3570","targetHints":{"allow":["GET"]}}],"collection":[{"href":"https:\/\/www.congresocoahuila.gob.mx\/portal\/wp-json\/wp\/v2\/pages"}],"about":[{"href":"https:\/\/www.congresocoahuila.gob.mx\/portal\/wp-json\/wp\/v2\/types\/page"}],"author":[{"embeddable":true,"href":"https:\/\/www.congresocoahuila.gob.mx\/portal\/wp-json\/wp\/v2\/users\/3"}],"replies":[{"embeddable":true,"href":"https:\/\/www.congresocoahuila.gob.mx\/portal\/wp-json\/wp\/v2\/comments?post=3570"}],"version-history":[{"count":0,"href":"https:\/\/www.congresocoahuila.gob.mx\/portal\/wp-json\/wp\/v2\/pages\/3570\/revisions"}],"wp:attachment":[{"href":"https:\/\/www.congresocoahuila.gob.mx\/portal\/wp-json\/wp\/v2\/media?parent=3570"}],"wp:term":[{"taxonomy":"category","embeddable":true,"href":"https:\/\/www.congresocoahuila.gob.mx\/portal\/wp-json\/wp\/v2\/categories?post=3570"},{"taxonomy":"post_tag","embeddable":true,"href":"https:\/\/www.congresocoahuila.gob.mx\/portal\/wp-json\/wp\/v2\/tags?post=3570"}],"curies":[{"name":"wp","href":"https:\/\/api.w.org\/{rel}","templated":true}]}}