{"id":36,"date":"2014-11-12T14:55:58","date_gmt":"2014-11-12T20:55:58","guid":{"rendered":"http:\/\/www.congresocoahuila.gob.mx\/portal\/?page_id=36"},"modified":"2021-01-28T12:40:14","modified_gmt":"2021-01-28T18:40:14","slug":"comisiones-y-comites","status":"publish","type":"page","link":"https:\/\/www.congresocoahuila.gob.mx\/portal\/comisiones-y-comites\/","title":{"rendered":"COMISIONES Y COMITES"},"content":{"rendered":"<p><strong>COMISIONES<\/strong><\/p>\n<p><a href=\"https:\/\/congresocoahuila.gob.mx\/transparencia\/ART\/26\/18\/COMISIONES_COMITES_LXII.pdf\">Integraci\u00f3n de las Comisiones y Comit\u00e9s de la LXII Legislatura<\/a><br \/>\n<a href=\"https:\/\/congresocoahuila.gob.mx\/transparencia\/ART\/26\/18\/COMISIONES_COMITES_LXI.pdf\">Integraci\u00f3n de las Comisiones y Comit\u00e9s de la LXI Legislatura<\/a><br \/>\n<a href=\"https:\/\/congresocoahuila.gob.mx\/transparencia\/ART\/26\/18\/COMISIONES_ESPECIALES_LXI.doc\">Integraci\u00f3n de las Comisiones y Comit\u00e9s Especiales de la LXI Legislatura<\/a><br \/>\n<a href=\"https:\/\/congresocoahuila.gob.mx\/transparencia\/02\/COMISIONES_COMITES\/COMISIONES_COMITES_LX.doc\">Integraci\u00f3n de las Comisiones y Comit\u00e9s de la LX Legislatura<\/a><a href=\"http:\/\/congresocoahuila.gob.mx\/portal\/wp-content\/uploads\/2014\/11\/COMISIONES_COMITES_LX.doc\"><br \/>\n<\/a><a href=\"https:\/\/congresocoahuila.gob.mx\/transparencia\/02\/COMISIONES_COMITES\/COMISIONES_ESPECIALES_LX.doc\">Integraci\u00f3n de las Comisiones y Comit\u00e9s Especiales de la LX Legislatura<\/a><\/p>\n<p><a href=\"http:\/\/www.congresocoahuila.gob.mx\/portal\/wp-content\/uploads\/2014\/11\/comites_comisiones1.pdf\">Consultar la Integraci\u00f3n de las Comisiones y Comit\u00e9s de la LIX Legislatura<\/a><br \/>\n<a href=\"http:\/\/www.congresocoahuila.gob.mx\/portal\/wp-content\/uploads\/2014\/11\/comisiones_especiales.pdf\">Consultar la Integraci\u00f3n de las Comisiones y Comit\u00e9s Especiales de la LIX Legislatura<\/a><\/p>\n<ul>\n<li>En el Congreso del Estado habr\u00e1 comisiones dictaminadoras permanentes y especiales.<\/li>\n<\/ul>\n<ul>\n<li>Las comisiones permanentes se elegir\u00e1n durante el desarrollo del per\u00edodo de instalaci\u00f3n de la legislatura por mayor\u00eda de votos, y se integrar\u00e1n con un m\u00e1ximo de siete diputadas y diputados, excepcionalmente, podr\u00e1n integrarse con nueve, en aquellos casos en que a propuesta de la Junta de Gobierno lo apruebe el Pleno del Congreso.<\/li>\n<\/ul>\n<ul>\n<li>Las comisiones ser\u00e1n permanentes se constituyan con car\u00e1cter definitivo y funcionar\u00e1n durante todo el ejercicio de la legislatura.<\/li>\n<\/ul>\n<ul>\n<li>Las comisiones especiales ser\u00e1n aquellas que se establezcan de manera transitoria y funcionan en t\u00e9rminos de las facultades que el Congreso les otorgue y conocer\u00e1n espec\u00edficamente de los hechos que hayan motivado su conformaci\u00f3n.<\/li>\n<\/ul>\n<ul>\n<li>El acuerdo que las establece las comisiones especiales debe se\u00f1alar\u00e1 su objeto, el n\u00famero de los integrantes que las conformar\u00e1n y el plazo para efectuar las tareas que se les hayan encomendado. Cumplido su objeto se extinguir\u00e1n.<\/li>\n<\/ul>\n<ul>\n<li>En cada comisi\u00f3n existir\u00e1 un coordinador y un secretario.<\/li>\n<\/ul>\n<ul>\n<li>En el Congreso del Estado actualmente existen 25 comisiones permanentes.<\/li>\n<\/ul>\n<p><strong>COMIT\u00c9S:<\/strong><\/p>\n<ul>\n<li>Los Comit\u00e9s son \u00f3rganos del Congreso del Estado que se constituyen por disposici\u00f3n del Pleno, para realizar tareas diferentes a las de las comisiones. Tendr\u00e1n la duraci\u00f3n y funciones que se\u00f1ale el acuerdo de su creaci\u00f3n.<\/li>\n<\/ul>\n<ul>\n<li>El Congreso cuenta con los siguientes comit\u00e9s permanentes:<\/li>\n<\/ul>\n<p>I. Comit\u00e9 de Adquisiciones;<br \/>\nII. Comit\u00e9 Editorial;<br \/>\nIII. Comit\u00e9 de Gestor\u00eda y Quejas;<br \/>\nIV. Comit\u00e9 de Seguimiento de Acuerdos, y<br \/>\nV. Los dem\u00e1s que se creen conforme a las disposiciones de la Ley<br \/>\nOrg\u00e1nica del Congreso del Estado.<\/p>\n","protected":false},"excerpt":{"rendered":"<p>COMISIONES Integraci\u00f3n de las Comisiones y Comit\u00e9s de la LXII Legislatura Integraci\u00f3n de las Comisiones y Comit\u00e9s de la LXI Legislatura Integraci\u00f3n de las Comisiones y Comit\u00e9s Especiales de la LXI Legislatura Integraci\u00f3n de las Comisiones y Comit\u00e9s de la LX Legislatura Integraci\u00f3n de las Comisiones y Comit\u00e9s Especiales de la LX Legislatura Consultar la [&hellip;]<\/p>\n","protected":false},"author":3,"featured_media":0,"parent":0,"menu_order":0,"comment_status":"open","ping_status":"closed","template":"","meta":{"footnotes":""},"categories":[],"tags":[],"class_list":["post-36","page","type-page","status-publish","hentry"],"_links":{"self":[{"href":"https:\/\/www.congresocoahuila.gob.mx\/portal\/wp-json\/wp\/v2\/pages\/36","targetHints":{"allow":["GET"]}}],"collection":[{"href":"https:\/\/www.congresocoahuila.gob.mx\/portal\/wp-json\/wp\/v2\/pages"}],"about":[{"href":"https:\/\/www.congresocoahuila.gob.mx\/portal\/wp-json\/wp\/v2\/types\/page"}],"author":[{"embeddable":true,"href":"https:\/\/www.congresocoahuila.gob.mx\/portal\/wp-json\/wp\/v2\/users\/3"}],"replies":[{"embeddable":true,"href":"https:\/\/www.congresocoahuila.gob.mx\/portal\/wp-json\/wp\/v2\/comments?post=36"}],"version-history":[{"count":28,"href":"https:\/\/www.congresocoahuila.gob.mx\/portal\/wp-json\/wp\/v2\/pages\/36\/revisions"}],"predecessor-version":[{"id":40208,"href":"https:\/\/www.congresocoahuila.gob.mx\/portal\/wp-json\/wp\/v2\/pages\/36\/revisions\/40208"}],"wp:attachment":[{"href":"https:\/\/www.congresocoahuila.gob.mx\/portal\/wp-json\/wp\/v2\/media?parent=36"}],"wp:term":[{"taxonomy":"category","embeddable":true,"href":"https:\/\/www.congresocoahuila.gob.mx\/portal\/wp-json\/wp\/v2\/categories?post=36"},{"taxonomy":"post_tag","embeddable":true,"href":"https:\/\/www.congresocoahuila.gob.mx\/portal\/wp-json\/wp\/v2\/tags?post=36"}],"curies":[{"name":"wp","href":"https:\/\/api.w.org\/{rel}","templated":true}]}}