{"id":36417,"date":"2020-01-09T11:21:39","date_gmt":"2020-01-09T17:21:39","guid":{"rendered":"http:\/\/congresocoahuila.gob.mx\/portal\/?page_id=36417"},"modified":"2020-01-09T11:24:07","modified_gmt":"2020-01-09T17:24:07","slug":"articulo-21-xxiii-lxi-2020","status":"publish","type":"page","link":"https:\/\/www.congresocoahuila.gob.mx\/portal\/articulo-21-xxiii-lxi-2020\/","title":{"rendered":"ART\u00cdCULO 21-XXIII-LXI 2020"},"content":{"rendered":"\n<table class=\"wp-block-table\"><tbody><tr><td><a href=\"https:\/\/congresocoahuila.gob.mx\/transparencia\/ART\/21\/23\/DOC\/LXI\/CATALOGO_2020.pdf\" target=\"_blank\" rel=\"noreferrer noopener\" aria-label=\"Documento\u00a01 (abre en una nueva pesta\u00f1a)\">Documento\u00a01<\/a><\/td><td>CAT\u00c1LOGO DE DISPOSICI\u00d3N DOCUMENTAL<\/td><\/tr><tr><td><a href=\"https:\/\/congresocoahuila.gob.mx\/transparencia\/ART\/21\/23\/DOC\/LXI\/2020_DOC_02.xls\" target=\"_blank\" rel=\"noreferrer noopener\" aria-label=\"Documento&nbsp;2 (abre en una nueva pesta\u00f1a)\">Documento&nbsp;2<\/a><\/td><td>CUADRO DE CLASIFICACI\u00d3N DOCUMENTAL<\/td><\/tr><\/tbody><\/table>\n","protected":false},"excerpt":{"rendered":"<p>Documento\u00a01 CAT\u00c1LOGO DE DISPOSICI\u00d3N DOCUMENTAL Documento&nbsp;2 CUADRO DE CLASIFICACI\u00d3N DOCUMENTAL<\/p>\n","protected":false},"author":6,"featured_media":0,"parent":0,"menu_order":0,"comment_status":"closed","ping_status":"closed","template":"","meta":{"footnotes":""},"categories":[],"tags":[],"class_list":["post-36417","page","type-page","status-publish","hentry"],"_links":{"self":[{"href":"https:\/\/www.congresocoahuila.gob.mx\/portal\/wp-json\/wp\/v2\/pages\/36417","targetHints":{"allow":["GET"]}}],"collection":[{"href":"https:\/\/www.congresocoahuila.gob.mx\/portal\/wp-json\/wp\/v2\/pages"}],"about":[{"href":"https:\/\/www.congresocoahuila.gob.mx\/portal\/wp-json\/wp\/v2\/types\/page"}],"author":[{"embeddable":true,"href":"https:\/\/www.congresocoahuila.gob.mx\/portal\/wp-json\/wp\/v2\/users\/6"}],"replies":[{"embeddable":true,"href":"https:\/\/www.congresocoahuila.gob.mx\/portal\/wp-json\/wp\/v2\/comments?post=36417"}],"version-history":[{"count":2,"href":"https:\/\/www.congresocoahuila.gob.mx\/portal\/wp-json\/wp\/v2\/pages\/36417\/revisions"}],"predecessor-version":[{"id":36420,"href":"https:\/\/www.congresocoahuila.gob.mx\/portal\/wp-json\/wp\/v2\/pages\/36417\/revisions\/36420"}],"wp:attachment":[{"href":"https:\/\/www.congresocoahuila.gob.mx\/portal\/wp-json\/wp\/v2\/media?parent=36417"}],"wp:term":[{"taxonomy":"category","embeddable":true,"href":"https:\/\/www.congresocoahuila.gob.mx\/portal\/wp-json\/wp\/v2\/categories?post=36417"},{"taxonomy":"post_tag","embeddable":true,"href":"https:\/\/www.congresocoahuila.gob.mx\/portal\/wp-json\/wp\/v2\/tags?post=36417"}],"curies":[{"name":"wp","href":"https:\/\/api.w.org\/{rel}","templated":true}]}}