{"id":3645,"date":"2014-11-24T19:38:12","date_gmt":"2014-11-25T01:38:12","guid":{"rendered":"http:\/\/www.congresocoahuila.gob.mx\/portal\/?page_id=3645"},"modified":"2014-11-24T19:38:12","modified_gmt":"2014-11-25T01:38:12","slug":"dip-antonio-juan-marcos-villarreal","status":"publish","type":"page","link":"https:\/\/www.congresocoahuila.gob.mx\/portal\/dip-antonio-juan-marcos-villarreal\/","title":{"rendered":"DIP. ANTONIO JUAN MARCOS VILLARREAL"},"content":{"rendered":"<p><a href=\"http:\/\/www.congresocoahuila.gob.mx\/portal\/wp-content\/uploads\/2014\/11\/Antonio-Juan-Marcos-Villarreal.jpg\"><img loading=\"lazy\" decoding=\"async\" src=\"http:\/\/www.congresocoahuila.gob.mx\/portal\/wp-content\/uploads\/2014\/11\/Antonio-Juan-Marcos-Villarreal.jpg\" alt=\"\" width=\"80\" height=\"100\" class=\"alignnone size-full wp-image-3639\" \/><\/a><\/p>\n<p><a href=\"http:\/\/www.congresocoahuila.gob.mx\/portal\/wp-content\/uploads\/2014\/11\/c7.pdf\">Curr\u00edculum<\/a><\/p>\n<p><strong>Comisiones y Comit\u00e9s a las que pertenece<\/strong><br \/>\nComisiones:<br \/>\nHacienda y Cuenta P\u00fablica<br \/>\nFomento Econ\u00f3mico y Turismo (Secretario)<br \/>\nAsuntos Municipales y Zonas Metropolitanas (Coordinador)<br \/>\nSeguridad P\u00fablica<\/p>\n<p><strong>Comit\u00e9s: <\/strong><br \/>\nAdquisiciones<\/p>\n","protected":false},"excerpt":{"rendered":"<p>Curr\u00edculum Comisiones y Comit\u00e9s a las que pertenece Comisiones: Hacienda y Cuenta P\u00fablica Fomento Econ\u00f3mico y Turismo (Secretario) Asuntos Municipales y Zonas Metropolitanas (Coordinador) Seguridad P\u00fablica Comit\u00e9s: Adquisiciones<\/p>\n","protected":false},"author":3,"featured_media":0,"parent":0,"menu_order":0,"comment_status":"closed","ping_status":"closed","template":"","meta":{"footnotes":""},"categories":[],"tags":[],"class_list":["post-3645","page","type-page","status-publish","hentry"],"_links":{"self":[{"href":"https:\/\/www.congresocoahuila.gob.mx\/portal\/wp-json\/wp\/v2\/pages\/3645","targetHints":{"allow":["GET"]}}],"collection":[{"href":"https:\/\/www.congresocoahuila.gob.mx\/portal\/wp-json\/wp\/v2\/pages"}],"about":[{"href":"https:\/\/www.congresocoahuila.gob.mx\/portal\/wp-json\/wp\/v2\/types\/page"}],"author":[{"embeddable":true,"href":"https:\/\/www.congresocoahuila.gob.mx\/portal\/wp-json\/wp\/v2\/users\/3"}],"replies":[{"embeddable":true,"href":"https:\/\/www.congresocoahuila.gob.mx\/portal\/wp-json\/wp\/v2\/comments?post=3645"}],"version-history":[{"count":0,"href":"https:\/\/www.congresocoahuila.gob.mx\/portal\/wp-json\/wp\/v2\/pages\/3645\/revisions"}],"wp:attachment":[{"href":"https:\/\/www.congresocoahuila.gob.mx\/portal\/wp-json\/wp\/v2\/media?parent=3645"}],"wp:term":[{"taxonomy":"category","embeddable":true,"href":"https:\/\/www.congresocoahuila.gob.mx\/portal\/wp-json\/wp\/v2\/categories?post=3645"},{"taxonomy":"post_tag","embeddable":true,"href":"https:\/\/www.congresocoahuila.gob.mx\/portal\/wp-json\/wp\/v2\/tags?post=3645"}],"curies":[{"name":"wp","href":"https:\/\/api.w.org\/{rel}","templated":true}]}}