{"id":36500,"date":"2020-01-10T12:42:05","date_gmt":"2020-01-10T18:42:05","guid":{"rendered":"http:\/\/congresocoahuila.gob.mx\/portal\/?page_id=36500"},"modified":"2020-08-14T20:44:57","modified_gmt":"2020-08-15T01:44:57","slug":"mesa-directiva-tercer-ano-de-ejercicio-constitucional-de-la-lxi-legislatura-2020","status":"publish","type":"page","link":"https:\/\/www.congresocoahuila.gob.mx\/portal\/mesa-directiva-tercer-ano-de-ejercicio-constitucional-de-la-lxi-legislatura-2020\/","title":{"rendered":"MESA DIRECTIVA TERCER A\u00d1O DE EJERCICIO CONSTITUCIONAL DE LA LXI LEGISLATURA 2020\ufeff"},"content":{"rendered":"<p style=\"font-weight: 400;\"><strong><b>MESA DIRECTIVA EN FUNCIONES DURANTE EL TERCER A\u00d1O DE EJERCICIO CONSTITUCIONAL DE LA SEXAG\u00c9SIMA PRIMERA LEGISLATURA.<\/b><b><u><\/u>\u00a0<\/b><\/strong><\/p>\n<p style=\"font-weight: 400;\"><strong>\u00a0<\/strong><strong>PRIMER SEMESTRE:\u00a0<\/strong><strong>\u00a0<\/strong><\/p>\n<p style=\"font-weight: 400;\"><strong>PRESIDENTE:<\/strong>\u00a0DIP. JAIME BUENO ZERTUCHE.<\/p>\n<p style=\"font-weight: 400;\"><strong>VICEPRESIDENTE:<\/strong>\u00a0DIP. MARCELO DE JES\u00daS TORRES COFI\u00d1O.<\/p>\n<p style=\"font-weight: 400;\"><strong>VICEPRESIDENTA:<\/strong>\u00a0DIP. ZULMMA VERENICE GUERRERO C\u00c1ZARES.<\/p>\n<p style=\"font-weight: 400;\"><strong>SECRETARIA:<\/strong>\u00a0DIP. BLANCA EPPEN CANALES.<\/p>\n<p style=\"font-weight: 400;\"><strong>SECRETARIA:<\/strong>\u00a0DIP. LILIA ISABEL GUTI\u00c9RREZ BURCIAGA.<\/p>\n<p style=\"font-weight: 400;\"><strong>SECRETARIA:<\/strong>\u00a0DIP. ELISA CATALINA VILLALOBOS HERN\u00c1NDEZ.<\/p>\n<p style=\"font-weight: 400;\"><strong>SECRETARIA:<\/strong>\u00a0DIP. JOSEFINA GARZA BARRERA.<\/p>\n<p style=\"font-weight: 400;\"><strong>\u00a0<\/strong><\/p>\n<p style=\"font-weight: 400;\"><strong>SEGUNDO SEMESTRE:<\/strong><strong>\u00a0<\/strong><\/p>\n<p style=\"font-weight: 400;\"><strong>PRESIDENTE:<\/strong>\u00a0DIP. MARCELO DE JES\u00daS TORRES COFI\u00d1O.<\/p>\n<p style=\"font-weight: 400;\"><strong>VICEPRESIDENTE:<\/strong>\u00a0DIP. JAIME BUENO ZERTUCHE.<\/p>\n<p style=\"font-weight: 400;\"><strong>VICEPRESIDENTA:<\/strong>\u00a0DIP. ZULMMA VERENICE GUERRERO C\u00c1ZARES.<\/p>\n<p style=\"font-weight: 400;\"><strong>SECRETARIA:<\/strong>\u00a0DIP. BLANCA EPPEN CANALES.<\/p>\n<p style=\"font-weight: 400;\"><strong>SECRETARIA:<\/strong>\u00a0DIP. VER\u00d3NICA BOREQUE MART\u00cdNEZ GONZ\u00c1LEZ.<\/p>\n<p style=\"font-weight: 400;\"><strong>SECRETARIA:<\/strong>\u00a0DIP. DIANA PATRICIA GONZ\u00c1LEZ SOTO.<\/p>\n<p style=\"font-weight: 400;\"><strong>SECRETARIA:<\/strong>\u00a0DIP. JOSEFINA GARZA BARRERA.<\/p>\n","protected":false},"excerpt":{"rendered":"<p>MESA DIRECTIVA EN FUNCIONES DURANTE EL TERCER A\u00d1O DE EJERCICIO CONSTITUCIONAL DE LA SEXAG\u00c9SIMA PRIMERA LEGISLATURA.\u00a0 \u00a0PRIMER SEMESTRE:\u00a0\u00a0 PRESIDENTE:\u00a0DIP. JAIME BUENO ZERTUCHE. VICEPRESIDENTE:\u00a0DIP. MARCELO DE JES\u00daS TORRES COFI\u00d1O. VICEPRESIDENTA:\u00a0DIP. ZULMMA VERENICE GUERRERO C\u00c1ZARES. SECRETARIA:\u00a0DIP. BLANCA EPPEN CANALES. SECRETARIA:\u00a0DIP. LILIA ISABEL GUTI\u00c9RREZ BURCIAGA. SECRETARIA:\u00a0DIP. ELISA CATALINA VILLALOBOS HERN\u00c1NDEZ. SECRETARIA:\u00a0DIP. JOSEFINA GARZA BARRERA. \u00a0 SEGUNDO SEMESTRE:\u00a0 PRESIDENTE:\u00a0DIP. [&hellip;]<\/p>\n","protected":false},"author":6,"featured_media":0,"parent":0,"menu_order":0,"comment_status":"closed","ping_status":"closed","template":"","meta":{"footnotes":""},"categories":[],"tags":[],"class_list":["post-36500","page","type-page","status-publish","hentry"],"_links":{"self":[{"href":"https:\/\/www.congresocoahuila.gob.mx\/portal\/wp-json\/wp\/v2\/pages\/36500","targetHints":{"allow":["GET"]}}],"collection":[{"href":"https:\/\/www.congresocoahuila.gob.mx\/portal\/wp-json\/wp\/v2\/pages"}],"about":[{"href":"https:\/\/www.congresocoahuila.gob.mx\/portal\/wp-json\/wp\/v2\/types\/page"}],"author":[{"embeddable":true,"href":"https:\/\/www.congresocoahuila.gob.mx\/portal\/wp-json\/wp\/v2\/users\/6"}],"replies":[{"embeddable":true,"href":"https:\/\/www.congresocoahuila.gob.mx\/portal\/wp-json\/wp\/v2\/comments?post=36500"}],"version-history":[{"count":25,"href":"https:\/\/www.congresocoahuila.gob.mx\/portal\/wp-json\/wp\/v2\/pages\/36500\/revisions"}],"predecessor-version":[{"id":38539,"href":"https:\/\/www.congresocoahuila.gob.mx\/portal\/wp-json\/wp\/v2\/pages\/36500\/revisions\/38539"}],"wp:attachment":[{"href":"https:\/\/www.congresocoahuila.gob.mx\/portal\/wp-json\/wp\/v2\/media?parent=36500"}],"wp:term":[{"taxonomy":"category","embeddable":true,"href":"https:\/\/www.congresocoahuila.gob.mx\/portal\/wp-json\/wp\/v2\/categories?post=36500"},{"taxonomy":"post_tag","embeddable":true,"href":"https:\/\/www.congresocoahuila.gob.mx\/portal\/wp-json\/wp\/v2\/tags?post=36500"}],"curies":[{"name":"wp","href":"https:\/\/api.w.org\/{rel}","templated":true}]}}