{"id":36525,"date":"2020-01-10T14:17:53","date_gmt":"2020-01-10T20:17:53","guid":{"rendered":"http:\/\/congresocoahuila.gob.mx\/portal\/?page_id=36525"},"modified":"2020-03-02T10:55:53","modified_gmt":"2020-03-02T16:55:53","slug":"primer-periodo-de-la-diputacion-permanente-del-tercer-ano-de-ejercicio-constitucional-de-la-lxi-legislatura-2020","status":"publish","type":"page","link":"https:\/\/www.congresocoahuila.gob.mx\/portal\/primer-periodo-de-la-diputacion-permanente-del-tercer-ano-de-ejercicio-constitucional-de-la-lxi-legislatura-2020\/","title":{"rendered":"PRIMER PER\u00cdODO DE LA DIPUTACI\u00d3N PERMANENTE DEL TERCER A\u00d1O DE EJERCICIO CONSTITUCIONAL DE LA LXI LEGISLATURA 2020"},"content":{"rendered":"<table style=\"height: 268px;\" width=\"557\">\n<tbody>\n<tr style=\"height: 35px;\">\n<td style=\"text-align: left; height: 35px; width: 244px;\"><b>Presidenta:\u00a0<\/b>Dip. Zulmma Verenice Guerrero C\u00e1zares.<\/td>\n<td style=\"width: 305px; text-align: left;\"><b>Suplente:\u00a0<\/b>Dip.\u00a0Blanca Eppen Canales.<\/td>\n<\/tr>\n<tr style=\"height: 35px;\">\n<td style=\"text-align: left; height: 35px; width: 244px;\"><b>Vicepresidente:\u00a0<\/b>Dip. Fernando Izaguirre Vald\u00e9s.<\/td>\n<td style=\"width: 305px; text-align: left;\"><b>Suplente:\u00a0<\/b>Dip. Juan Carlos Guerra L\u00f3pez Negrete.<\/td>\n<\/tr>\n<tr style=\"height: 36px;\">\n<td style=\"text-align: left; height: 36px; width: 244px;\"><b><b>Secretaria: <\/b><\/b>Dip. Mar\u00eda del Rosario Contreras P\u00e9rez. *<\/td>\n<td style=\"width: 305px; text-align: left;\"><b>Suplente:\u00a0<\/b>Dip. Jaime Bueno Zertuche.<\/td>\n<\/tr>\n<tr style=\"height: 36px;\">\n<td style=\"text-align: left; height: 36px; width: 244px;\"><b>Secretaria:\u00a0<\/b>Dip. Elisa Catalina Villalobos Hern\u00e1ndez.<\/td>\n<td style=\"width: 305px; text-align: left;\"><b>Suplente:\u00a0<\/b>Dip. Diana Patricia Gonz\u00e1lez Soto.<\/td>\n<\/tr>\n<tr style=\"height: 36px;\">\n<td style=\"text-align: left; height: 36px; width: 244px;\"><b>Vocal:\u00a0<\/b>Dip. Gerardo Abraham Aguado G\u00f3mez.<\/td>\n<td style=\"width: 305px; text-align: left;\"><b>Suplente:\u00a0<\/b>Dip. Emilio Alejandro De Hoyos Montemayor.<\/td>\n<\/tr>\n<tr style=\"height: 36px;\">\n<td style=\"text-align: left; height: 36px; width: 244px;\"><b>Vocal:\u00a0<\/b>Dip. Ver\u00f3nica Boreque Mart\u00ednez Gonz\u00e1lez.<\/td>\n<td style=\"width: 305px; text-align: left;\"><b>Suplente:\u00a0<\/b>Dip. Jes\u00fas Berino Ranados.<\/td>\n<\/tr>\n<tr style=\"height: 36px;\">\n<td style=\"text-align: left; height: 36px; width: 244px;\"><b>Vocal:\u00a0<\/b>Dip. Lilia Isabel Guti\u00e9rrez Burciaga.<\/td>\n<td style=\"width: 305px; text-align: left;\"><b>Suplente:\u00a0<\/b>Dip. Diana Patricia Gonz\u00e1lez Soto.<\/td>\n<\/tr>\n<tr>\n<td style=\"text-align: left; width: 244px;\"><b>Vocal:\u00a0\u00a0<\/b>Dip. Claudia Isela Ram\u00edrez Pineda.<b><br \/>\n<\/b><\/td>\n<td style=\"width: 305px; text-align: left;\"><b>Suplente:\u00a0<\/b>Dip. Josefina Garza Barrera.<\/td>\n<\/tr>\n<tr>\n<td style=\"text-align: left; width: 244px;\"><b>Vocal:\u00a0<\/b>Dip. Jos\u00e9 Benito Ram\u00edrez Rosas.<b><br \/>\n<\/b><\/td>\n<td style=\"width: 305px; text-align: left;\"><b>Suplente:\u00a0<\/b>Dip. Jos\u00e9 Antonio Garc\u00eda Villa.<\/td>\n<\/tr>\n<tr>\n<td style=\"text-align: left; width: 244px;\"><b>Vocal:\u00a0<\/b>Dip. Edgar Gerardo S\u00e1nchez Garza.<\/td>\n<td style=\"width: 305px; text-align: left;\"><b>Suplente:\u00a0<\/b>Dip. Jes\u00fas Berino Granados.<\/td>\n<\/tr>\n<tr>\n<td style=\"text-align: left; width: 244px;\"><b>Vocal:\u00a0<\/b>Dip. Rosa Nilda Gonz\u00e1lez Noriega.<\/td>\n<td style=\"width: 305px; text-align: left;\"><b>Suplente:\u00a0<\/b>Dip. Gabriela Zapopan Garza Galv\u00e1n.<\/td>\n<\/tr>\n<\/tbody>\n<\/table>\n<pre>*\u00a0 Diputada Suplente en Funciones a partir del d\u00eda 26 de febrero de 2020, Por Licencia otorgada a la Dip. Luc\u00eda Azucena Ramos Ramos el d\u00eda 19 de febrero de 2020.<\/pre>\n","protected":false},"excerpt":{"rendered":"<p>Presidenta:\u00a0Dip. Zulmma Verenice Guerrero C\u00e1zares. Suplente:\u00a0Dip.\u00a0Blanca Eppen Canales. Vicepresidente:\u00a0Dip. Fernando Izaguirre Vald\u00e9s. Suplente:\u00a0Dip. Juan Carlos Guerra L\u00f3pez Negrete. Secretaria: Dip. Mar\u00eda del Rosario Contreras P\u00e9rez. * Suplente:\u00a0Dip. Jaime Bueno Zertuche. Secretaria:\u00a0Dip. Elisa Catalina Villalobos Hern\u00e1ndez. Suplente:\u00a0Dip. Diana Patricia Gonz\u00e1lez Soto. Vocal:\u00a0Dip. Gerardo Abraham Aguado G\u00f3mez. Suplente:\u00a0Dip. Emilio Alejandro De Hoyos Montemayor. Vocal:\u00a0Dip. Ver\u00f3nica Boreque Mart\u00ednez [&hellip;]<\/p>\n","protected":false},"author":6,"featured_media":0,"parent":0,"menu_order":0,"comment_status":"closed","ping_status":"closed","template":"","meta":{"footnotes":""},"categories":[],"tags":[],"class_list":["post-36525","page","type-page","status-publish","hentry"],"_links":{"self":[{"href":"https:\/\/www.congresocoahuila.gob.mx\/portal\/wp-json\/wp\/v2\/pages\/36525","targetHints":{"allow":["GET"]}}],"collection":[{"href":"https:\/\/www.congresocoahuila.gob.mx\/portal\/wp-json\/wp\/v2\/pages"}],"about":[{"href":"https:\/\/www.congresocoahuila.gob.mx\/portal\/wp-json\/wp\/v2\/types\/page"}],"author":[{"embeddable":true,"href":"https:\/\/www.congresocoahuila.gob.mx\/portal\/wp-json\/wp\/v2\/users\/6"}],"replies":[{"embeddable":true,"href":"https:\/\/www.congresocoahuila.gob.mx\/portal\/wp-json\/wp\/v2\/comments?post=36525"}],"version-history":[{"count":8,"href":"https:\/\/www.congresocoahuila.gob.mx\/portal\/wp-json\/wp\/v2\/pages\/36525\/revisions"}],"predecessor-version":[{"id":37148,"href":"https:\/\/www.congresocoahuila.gob.mx\/portal\/wp-json\/wp\/v2\/pages\/36525\/revisions\/37148"}],"wp:attachment":[{"href":"https:\/\/www.congresocoahuila.gob.mx\/portal\/wp-json\/wp\/v2\/media?parent=36525"}],"wp:term":[{"taxonomy":"category","embeddable":true,"href":"https:\/\/www.congresocoahuila.gob.mx\/portal\/wp-json\/wp\/v2\/categories?post=36525"},{"taxonomy":"post_tag","embeddable":true,"href":"https:\/\/www.congresocoahuila.gob.mx\/portal\/wp-json\/wp\/v2\/tags?post=36525"}],"curies":[{"name":"wp","href":"https:\/\/api.w.org\/{rel}","templated":true}]}}