{"id":36556,"date":"2020-01-10T16:47:39","date_gmt":"2020-01-10T22:47:39","guid":{"rendered":"http:\/\/congresocoahuila.gob.mx\/portal\/?page_id=36556"},"modified":"2021-01-10T22:23:03","modified_gmt":"2021-01-11T04:23:03","slug":"primer-periodo-de-la-diputacion-permanente-2020","status":"publish","type":"page","link":"https:\/\/www.congresocoahuila.gob.mx\/portal\/primer-periodo-de-la-diputacion-permanente-2020\/","title":{"rendered":"PRIMER PER\u00cdODO DE LA DIPUTACI\u00d3N PERMANENTE 2020"},"content":{"rendered":"<p><strong>Fecha de actualizaci\u00f3n:<\/strong> 31 de diciembre de 2020.<br \/>\n<strong>Responsable de la Informaci\u00f3n:<\/strong> Lic. Gerardo Blanco Guerra<br \/>\nOficial Mayor del H. Congreso del Estado de Coahuila.<\/p>\n<p><strong>TERCER A\u00d1O DE EJERCICIO CONSTITUCIONAL 2020<\/strong><br \/>\n<strong>PRIMER PER\u00cdODO DE LA DIPUTACI\u00d3N PERMANENTE<\/strong><\/p>\n<p style=\"text-align: justify;\">Fecha de actualizaci\u00f3n de Diario de los Debates: La presente fracci\u00f3n se actualiza, atento a lo que disponen los Art\u00edculos 247 al 252\u00a0de la Ley Org\u00e1nica del Congreso, que disponen la publicaci\u00f3n del Diario de los Debates al termino de cada sesi\u00f3n, por lo que la presente p\u00e1gina se actualiza una vez que las \u00e1reas t\u00e9cnico administrativas concluyen la labor de transcripci\u00f3n de la sesi\u00f3n correspondiente, para su publicaci\u00f3n en Internet.<\/p>\n<div>\n<div><a href=\"https:\/\/congresocoahuila.gob.mx\/transparencia\/03\/Debates-2018-2020\/20200109_PPR_S01.docx\">Primera Sesi\u00f3n del d\u00eda 09 de enero de 2020<\/a><\/div>\n<\/div>\n<p><a href=\"https:\/\/congresocoahuila.gob.mx\/transparencia\/03\/Debates-2018-2020\/20200115_PPR_S02.docx\">Segunda Sesi\u00f3n del d\u00eda 15 de enero de 2020<\/a><\/p>\n<p><a href=\"https:\/\/congresocoahuila.gob.mx\/transparencia\/03\/Debates-2018-2020\/20200122_PPR_S03.docx\">Tercera Sesi\u00f3n del d\u00eda 22 de enero de 2020<\/a><\/p>\n<p><a href=\"https:\/\/congresocoahuila.gob.mx\/transparencia\/03\/Debates-2018-2020\/20200129_PPR_S04.docx\">Cuarta Sesi\u00f3n del d\u00eda 29 de enero de 2020<\/a><\/p>\n<p><a href=\"https:\/\/congresocoahuila.gob.mx\/transparencia\/03\/Debates-2018-2020\/20200205_PPR_S05.docx\">Quinta Sesi\u00f3n del d\u00eda 05 de febrero de 2020<\/a><\/p>\n<p><a href=\"https:\/\/congresocoahuila.gob.mx\/transparencia\/03\/Debates-2018-2020\/20200212_PPR_S06.docx\">Sexta Sesi\u00f3n del d\u00eda 12 de febrero de 2020<\/a><\/p>\n<p><a href=\"https:\/\/congresocoahuila.gob.mx\/transparencia\/03\/Debates-2018-2020\/20200214_PPR_S07.docx\">S\u00e9ptima Sesi\u00f3n del d\u00eda 14 de febrero de 2020<\/a><\/p>\n<p><a href=\"https:\/\/congresocoahuila.gob.mx\/transparencia\/03\/Debates-2018-2020\/20200219_PPR_S08_Solemne.docx\">Sesi\u00f3n Solemne \u2013 19 de febrero de 2020 \u2013 para conmemorar el \u00abD\u00eda del Ej\u00e9rcito\u00bb, as\u00ed como para rendir homenaje a Don Venustiano Carranza y a los Diputados del Vig\u00e9simo Segundo Congreso Constitucional del Estado<\/a><\/p>\n<p><a href=\"https:\/\/congresocoahuila.gob.mx\/transparencia\/03\/Debates-2018-2020\/20200226_PPR_S09.docx\">Novena Sesi\u00f3n del d\u00eda 26 de febrero de 2020<\/a><\/p>\n","protected":false},"excerpt":{"rendered":"<p>Fecha de actualizaci\u00f3n: 31 de diciembre de 2020. Responsable de la Informaci\u00f3n: Lic. Gerardo Blanco Guerra Oficial Mayor del H. Congreso del Estado de Coahuila. TERCER A\u00d1O DE EJERCICIO CONSTITUCIONAL 2020 PRIMER PER\u00cdODO DE LA DIPUTACI\u00d3N PERMANENTE Fecha de actualizaci\u00f3n de Diario de los Debates: La presente fracci\u00f3n se actualiza, atento a lo que disponen [&hellip;]<\/p>\n","protected":false},"author":5,"featured_media":0,"parent":0,"menu_order":0,"comment_status":"closed","ping_status":"closed","template":"","meta":{"footnotes":""},"categories":[],"tags":[],"class_list":["post-36556","page","type-page","status-publish","hentry"],"_links":{"self":[{"href":"https:\/\/www.congresocoahuila.gob.mx\/portal\/wp-json\/wp\/v2\/pages\/36556","targetHints":{"allow":["GET"]}}],"collection":[{"href":"https:\/\/www.congresocoahuila.gob.mx\/portal\/wp-json\/wp\/v2\/pages"}],"about":[{"href":"https:\/\/www.congresocoahuila.gob.mx\/portal\/wp-json\/wp\/v2\/types\/page"}],"author":[{"embeddable":true,"href":"https:\/\/www.congresocoahuila.gob.mx\/portal\/wp-json\/wp\/v2\/users\/5"}],"replies":[{"embeddable":true,"href":"https:\/\/www.congresocoahuila.gob.mx\/portal\/wp-json\/wp\/v2\/comments?post=36556"}],"version-history":[{"count":24,"href":"https:\/\/www.congresocoahuila.gob.mx\/portal\/wp-json\/wp\/v2\/pages\/36556\/revisions"}],"predecessor-version":[{"id":39674,"href":"https:\/\/www.congresocoahuila.gob.mx\/portal\/wp-json\/wp\/v2\/pages\/36556\/revisions\/39674"}],"wp:attachment":[{"href":"https:\/\/www.congresocoahuila.gob.mx\/portal\/wp-json\/wp\/v2\/media?parent=36556"}],"wp:term":[{"taxonomy":"category","embeddable":true,"href":"https:\/\/www.congresocoahuila.gob.mx\/portal\/wp-json\/wp\/v2\/categories?post=36556"},{"taxonomy":"post_tag","embeddable":true,"href":"https:\/\/www.congresocoahuila.gob.mx\/portal\/wp-json\/wp\/v2\/tags?post=36556"}],"curies":[{"name":"wp","href":"https:\/\/api.w.org\/{rel}","templated":true}]}}