{"id":36926,"date":"2020-02-11T13:58:51","date_gmt":"2020-02-11T19:58:51","guid":{"rendered":"http:\/\/congresocoahuila.gob.mx\/portal\/?page_id=36926"},"modified":"2020-12-14T14:56:49","modified_gmt":"2020-12-14T20:56:49","slug":"articulo-21-31-2020","status":"publish","type":"page","link":"https:\/\/www.congresocoahuila.gob.mx\/portal\/articulo-21-31-2020\/","title":{"rendered":"ART\u00cdCULO 21.31 2020"},"content":{"rendered":"<p>AGENDA<\/p>\n<table style=\"width: 661px;\" width=\"641\">\n<tbody>\n<tr>\n<td style=\"text-align: left; width: 123px;\">ENERO<\/td>\n<td style=\"text-align: left; width: 538px;\">NO HAY EVENTOS CULTURALES O DEPORTIVOS PARA EL MES EN CURSO<\/td>\n<\/tr>\n<tr>\n<td style=\"text-align: left; width: 123px;\">FEBRERO<\/td>\n<td style=\"text-align: left; width: 538px;\">NO HAY EVENTOS CULTURALES O DEPORTIVOS PARA EL MES EN CURSO<\/td>\n<\/tr>\n<tr>\n<td style=\"text-align: left; width: 123px;\"><a href=\"https:\/\/congresocoahuila.gob.mx\/transparencia\/00\/INVITACION.jpg\">MARZO<\/a><\/td>\n<td style=\"text-align: left; width: 538px;\">LOS 7 C\u00d3DIGOS DE LA FELICIDAD. JES\u00daS TOB\u00cdAS<\/td>\n<\/tr>\n<tr>\n<td style=\"text-align: left; width: 123px;\">ABRIL<\/td>\n<td style=\"text-align: left; width: 538px;\">DERIVADO DE LA CONTINGENCIA POR EL COVID 19 NO SE REALIZARON EVENTOS CULTURALES O DEPORTIVOS A FIN DE SALVAGUARDAR LA SALUD DE LA CIUDADAN\u00cdA<\/td>\n<\/tr>\n<tr>\n<td style=\"text-align: left; width: 123px;\">MAYO<\/td>\n<td style=\"text-align: left; width: 538px;\">DERIVADO DE LA CONTINGENCIA POR EL COVID 19 NO SE REALIZARON EVENTOS CULTURALES O DEPORTIVOS A FIN DE SALVAGUARDAR LA SALUD DE LA CIUDADAN\u00cdA<\/td>\n<\/tr>\n<tr>\n<td style=\"text-align: left; width: 123px;\">JUNIO<\/td>\n<td style=\"text-align: left; width: 538px;\">DERIVADO DE LA CONTINGENCIA POR EL COVID 19 NO SE REALIZARON EVENTOS CULTURALES O DEPORTIVOS A FIN DE SALVAGUARDAR LA SALUD DE LA CIUDADAN\u00cdA<\/td>\n<\/tr>\n<tr>\n<td style=\"text-align: left; width: 123px;\">JULIO<\/td>\n<td style=\"text-align: left; width: 538px;\">DERIVADO DE LA CONTINGENCIA POR EL COVID 19 NO SE REALIZARON EVENTOS CULTURALES O DEPORTIVOS A FIN DE SALVAGUARDAR LA SALUD DE LA CIUDADAN\u00cdA<\/td>\n<\/tr>\n<tr>\n<td style=\"text-align: left; width: 123px;\">AGOSTO<\/td>\n<td style=\"text-align: left; width: 538px;\">DERIVADO DE LA CONTINGENCIA POR EL COVID 19 NO SE REALIZARON EVENTOS CULTURALES O DEPORTIVOS A FIN DE SALVAGUARDAR LA SALUD DE LA CIUDADAN\u00cdA<\/td>\n<\/tr>\n<tr>\n<td style=\"text-align: left; width: 123px;\">SEPTIEMBRE<\/td>\n<td style=\"text-align: left; width: 538px;\">DERIVADO DE LA CONTINGENCIA POR EL COVID 19 NO SE REALIZARON EVENTOS CULTURALES O DEPORTIVOS A FIN DE SALVAGUARDAR LA SALUD DE LA CIUDADAN\u00cdA<\/td>\n<\/tr>\n<tr>\n<td style=\"text-align: left; width: 123px;\">OCTUBRE<\/td>\n<td style=\"text-align: left; width: 538px;\">DERIVADO DE LA CONTINGENCIA POR EL COVID 19 NO SE REALIZARON EVENTOS CULTURALES O DEPORTIVOS A FIN DE SALVAGUARDAR LA SALUD DE LA CIUDADAN\u00cdA<\/td>\n<\/tr>\n<tr>\n<td style=\"text-align: left; width: 123px;\">NOVIEMBRE<\/td>\n<td style=\"text-align: left; width: 538px;\">DERIVADO DE LA CONTINGENCIA POR EL COVID 19 NO SE REALIZARON EVENTOS CULTURALES O DEPORTIVOS A FIN DE SALVAGUARDAR LA SALUD DE LA CIUDADAN\u00cdA<\/td>\n<\/tr>\n<tr>\n<td style=\"text-align: left; width: 123px;\">DICIEMBRE<\/td>\n<td style=\"text-align: left; width: 538px;\">DERIVADO DE LA CONTINGENCIA POR EL COVID 19 NO SE REALIZARON EVENTOS CULTURALES O DEPORTIVOS A FIN DE SALVAGUARDAR LA SALUD DE LA CIUDADAN\u00cdA<\/td>\n<\/tr>\n<\/tbody>\n<\/table>\n<p><\/p>\n","protected":false},"excerpt":{"rendered":"<p>AGENDA ENERO NO HAY EVENTOS CULTURALES O DEPORTIVOS PARA EL MES EN CURSO FEBRERO NO HAY EVENTOS CULTURALES O DEPORTIVOS PARA EL MES EN CURSO MARZO LOS 7 C\u00d3DIGOS DE LA FELICIDAD. JES\u00daS TOB\u00cdAS ABRIL DERIVADO DE LA CONTINGENCIA POR EL COVID 19 NO SE REALIZARON EVENTOS CULTURALES O DEPORTIVOS A FIN DE SALVAGUARDAR LA [&hellip;]<\/p>\n","protected":false},"author":6,"featured_media":0,"parent":0,"menu_order":0,"comment_status":"closed","ping_status":"closed","template":"","meta":{"footnotes":""},"categories":[],"tags":[],"class_list":["post-36926","page","type-page","status-publish","hentry"],"_links":{"self":[{"href":"https:\/\/www.congresocoahuila.gob.mx\/portal\/wp-json\/wp\/v2\/pages\/36926","targetHints":{"allow":["GET"]}}],"collection":[{"href":"https:\/\/www.congresocoahuila.gob.mx\/portal\/wp-json\/wp\/v2\/pages"}],"about":[{"href":"https:\/\/www.congresocoahuila.gob.mx\/portal\/wp-json\/wp\/v2\/types\/page"}],"author":[{"embeddable":true,"href":"https:\/\/www.congresocoahuila.gob.mx\/portal\/wp-json\/wp\/v2\/users\/6"}],"replies":[{"embeddable":true,"href":"https:\/\/www.congresocoahuila.gob.mx\/portal\/wp-json\/wp\/v2\/comments?post=36926"}],"version-history":[{"count":11,"href":"https:\/\/www.congresocoahuila.gob.mx\/portal\/wp-json\/wp\/v2\/pages\/36926\/revisions"}],"predecessor-version":[{"id":39316,"href":"https:\/\/www.congresocoahuila.gob.mx\/portal\/wp-json\/wp\/v2\/pages\/36926\/revisions\/39316"}],"wp:attachment":[{"href":"https:\/\/www.congresocoahuila.gob.mx\/portal\/wp-json\/wp\/v2\/media?parent=36926"}],"wp:term":[{"taxonomy":"category","embeddable":true,"href":"https:\/\/www.congresocoahuila.gob.mx\/portal\/wp-json\/wp\/v2\/categories?post=36926"},{"taxonomy":"post_tag","embeddable":true,"href":"https:\/\/www.congresocoahuila.gob.mx\/portal\/wp-json\/wp\/v2\/tags?post=36926"}],"curies":[{"name":"wp","href":"https:\/\/api.w.org\/{rel}","templated":true}]}}