{"id":3701,"date":"2014-11-25T09:49:45","date_gmt":"2014-11-25T15:49:45","guid":{"rendered":"http:\/\/www.congresocoahuila.gob.mx\/portal\/?page_id=3701"},"modified":"2014-11-25T09:49:45","modified_gmt":"2014-11-25T15:49:45","slug":"dip-rodrigo-fuentes-avila","status":"publish","type":"page","link":"https:\/\/www.congresocoahuila.gob.mx\/portal\/dip-rodrigo-fuentes-avila\/","title":{"rendered":"DIP. RODRIGO FUENTES \u00c1VILA"},"content":{"rendered":"<p><a href=\"http:\/\/www.congresocoahuila.gob.mx\/portal\/wp-content\/uploads\/2014\/11\/Rodrigo-Fuentes-Avila.jpg\"><img loading=\"lazy\" decoding=\"async\" src=\"http:\/\/www.congresocoahuila.gob.mx\/portal\/wp-content\/uploads\/2014\/11\/Rodrigo-Fuentes-Avila.jpg\" alt=\"\" width=\"80\" height=\"100\" class=\"alignnone size-full wp-image-3702\" \/><\/a><br \/>\n<a href=\"http:\/\/www.congresocoahuila.gob.mx\/portal\/wp-content\/uploads\/2014\/11\/c8.pdf\">Curr\u00edculum<\/a><br \/>\nComisiones y Comit\u00e9s a las que pertenece<\/p>\n<p><strong>Comisiones:<\/strong><br \/>\nGobernaci\u00f3n, Puntos Constitucionales y Justicia<br \/>\nDesarrollo Social   (Coordinador)<br \/>\nDesarrollo Rural<br \/>\nSalud, Medio Ambiente, Recursos Naturales y Agua (Secretario)<br \/>\nSeguridad P\u00fablica<\/p>\n","protected":false},"excerpt":{"rendered":"<p>Curr\u00edculum Comisiones y Comit\u00e9s a las que pertenece Comisiones: Gobernaci\u00f3n, Puntos Constitucionales y Justicia Desarrollo Social (Coordinador) Desarrollo Rural Salud, Medio Ambiente, Recursos Naturales y Agua (Secretario) Seguridad P\u00fablica<\/p>\n","protected":false},"author":3,"featured_media":0,"parent":0,"menu_order":0,"comment_status":"closed","ping_status":"closed","template":"","meta":{"footnotes":""},"categories":[],"tags":[],"class_list":["post-3701","page","type-page","status-publish","hentry"],"_links":{"self":[{"href":"https:\/\/www.congresocoahuila.gob.mx\/portal\/wp-json\/wp\/v2\/pages\/3701","targetHints":{"allow":["GET"]}}],"collection":[{"href":"https:\/\/www.congresocoahuila.gob.mx\/portal\/wp-json\/wp\/v2\/pages"}],"about":[{"href":"https:\/\/www.congresocoahuila.gob.mx\/portal\/wp-json\/wp\/v2\/types\/page"}],"author":[{"embeddable":true,"href":"https:\/\/www.congresocoahuila.gob.mx\/portal\/wp-json\/wp\/v2\/users\/3"}],"replies":[{"embeddable":true,"href":"https:\/\/www.congresocoahuila.gob.mx\/portal\/wp-json\/wp\/v2\/comments?post=3701"}],"version-history":[{"count":0,"href":"https:\/\/www.congresocoahuila.gob.mx\/portal\/wp-json\/wp\/v2\/pages\/3701\/revisions"}],"wp:attachment":[{"href":"https:\/\/www.congresocoahuila.gob.mx\/portal\/wp-json\/wp\/v2\/media?parent=3701"}],"wp:term":[{"taxonomy":"category","embeddable":true,"href":"https:\/\/www.congresocoahuila.gob.mx\/portal\/wp-json\/wp\/v2\/categories?post=3701"},{"taxonomy":"post_tag","embeddable":true,"href":"https:\/\/www.congresocoahuila.gob.mx\/portal\/wp-json\/wp\/v2\/tags?post=3701"}],"curies":[{"name":"wp","href":"https:\/\/api.w.org\/{rel}","templated":true}]}}