{"id":37065,"date":"2020-02-20T12:02:12","date_gmt":"2020-02-20T18:02:12","guid":{"rendered":"http:\/\/congresocoahuila.gob.mx\/portal\/?page_id=37065"},"modified":"2020-07-23T13:09:08","modified_gmt":"2020-07-23T18:09:08","slug":"primer-periodo-extraordinario-de-la-lxi-legislatura-20209","status":"publish","type":"page","link":"https:\/\/www.congresocoahuila.gob.mx\/portal\/primer-periodo-extraordinario-de-la-lxi-legislatura-20209\/","title":{"rendered":"PRIMER PER\u00cdODO EXTRAORDINARIO DE LA LXI LEGISLATURA 2020"},"content":{"rendered":"\n<p><a href=\"https:\/\/congresocoahuila.gob.mx\/transparencia\/ART\/26\/05\/1ER_PERIODO_EXTRA_2020\/PPE_S01_20200219.pdf\">Sesi\u00f3n del Primer Per\u00edodo Extraordinario del d\u00eda 19 de febrero de 2020<\/a><\/p>\n","protected":false},"excerpt":{"rendered":"<p>Sesi\u00f3n del Primer Per\u00edodo Extraordinario del d\u00eda 19 de febrero de 2020<\/p>\n","protected":false},"author":5,"featured_media":0,"parent":0,"menu_order":0,"comment_status":"closed","ping_status":"closed","template":"","meta":{"footnotes":""},"categories":[],"tags":[],"class_list":["post-37065","page","type-page","status-publish","hentry"],"_links":{"self":[{"href":"https:\/\/www.congresocoahuila.gob.mx\/portal\/wp-json\/wp\/v2\/pages\/37065","targetHints":{"allow":["GET"]}}],"collection":[{"href":"https:\/\/www.congresocoahuila.gob.mx\/portal\/wp-json\/wp\/v2\/pages"}],"about":[{"href":"https:\/\/www.congresocoahuila.gob.mx\/portal\/wp-json\/wp\/v2\/types\/page"}],"author":[{"embeddable":true,"href":"https:\/\/www.congresocoahuila.gob.mx\/portal\/wp-json\/wp\/v2\/users\/5"}],"replies":[{"embeddable":true,"href":"https:\/\/www.congresocoahuila.gob.mx\/portal\/wp-json\/wp\/v2\/comments?post=37065"}],"version-history":[{"count":3,"href":"https:\/\/www.congresocoahuila.gob.mx\/portal\/wp-json\/wp\/v2\/pages\/37065\/revisions"}],"predecessor-version":[{"id":38413,"href":"https:\/\/www.congresocoahuila.gob.mx\/portal\/wp-json\/wp\/v2\/pages\/37065\/revisions\/38413"}],"wp:attachment":[{"href":"https:\/\/www.congresocoahuila.gob.mx\/portal\/wp-json\/wp\/v2\/media?parent=37065"}],"wp:term":[{"taxonomy":"category","embeddable":true,"href":"https:\/\/www.congresocoahuila.gob.mx\/portal\/wp-json\/wp\/v2\/categories?post=37065"},{"taxonomy":"post_tag","embeddable":true,"href":"https:\/\/www.congresocoahuila.gob.mx\/portal\/wp-json\/wp\/v2\/tags?post=37065"}],"curies":[{"name":"wp","href":"https:\/\/api.w.org\/{rel}","templated":true}]}}