{"id":37174,"date":"2020-03-09T13:35:27","date_gmt":"2020-03-09T19:35:27","guid":{"rendered":"http:\/\/congresocoahuila.gob.mx\/portal\/?page_id=37174"},"modified":"2021-01-10T22:23:29","modified_gmt":"2021-01-11T04:23:29","slug":"primer-periodo-ordinario-2020","status":"publish","type":"page","link":"https:\/\/www.congresocoahuila.gob.mx\/portal\/primer-periodo-ordinario-2020\/","title":{"rendered":"PRIMER PER\u00cdODO ORDINARIO 2020"},"content":{"rendered":"<p><strong>Fecha de actualizaci\u00f3n: <\/strong>31 de diciembre de 2020.<br \/>\n<strong>Responsable de la Informaci\u00f3n:<\/strong> Lic. Gerardo Blanco Guerra<br \/>\nOficial Mayor del H. Congreso del Estado de Coahuila.<\/p>\n<p><strong>TERCER A\u00d1O DE EJERCICIO CONSTITUCIONAL 2020<\/strong><br \/>\n<strong>PRIMER PER\u00cdODO ORDINARIO<\/strong><\/p>\n<p style=\"text-align: justify;\">Fecha de actualizaci\u00f3n de Diario de los Debates: La presente fracci\u00f3n se actualiza, atento a lo que disponen los Art\u00edculos 247 al 252\u00a0de la Ley Org\u00e1nica del Congreso, que disponen la publicaci\u00f3n del Diario de los Debates al termino de cada sesi\u00f3n, por lo que la presente p\u00e1gina se actualiza una vez que las \u00e1reas t\u00e9cnico administrativas concluyen la labor de transcripci\u00f3n de la sesi\u00f3n correspondiente, para su publicaci\u00f3n en Internet.<\/p>\n<p><a href=\"https:\/\/congresocoahuila.gob.mx\/transparencia\/03\/Debates-2018-2020\/20200302_PPO_S01.docx\">Primera Sesi\u00f3n, 02 de marzo de 2020<\/a><br \/>\n<a href=\"https:\/\/congresocoahuila.gob.mx\/transparencia\/03\/Debates-2018-2020\/20200311_PPO_S02_Solemne.docx\">Sesi\u00f3n Solemne \u2013 11 de marzo de 2020 \u2013 para conmemorar el \u201cD\u00eda Internacional de la Mujer<\/a><a href=\"https:\/\/congresocoahuila.gob.mx\/transparencia\/03\/GACETA-PARLAMENTARIA\/20180219_PPRS06_Solemne.doc\">\u201d<\/a><a href=\"https:\/\/congresocoahuila.gob.mx\/transparencia\/03\/GACETA-PARLAMENTARIA\/20180307_PPOS02_Solemne.doc\">.<\/a><br \/>\n<a href=\"https:\/\/congresocoahuila.gob.mx\/transparencia\/03\/Debates-2018-2020\/20200311_PPO_S03.docx\">Tercera Sesi\u00f3n, 11 de marzo de 2020<\/a><br \/>\n<a href=\"https:\/\/congresocoahuila.gob.mx\/transparencia\/03\/Debates-2018-2020\/20200318_PPO_S04.docx\">Cuarta Sesi\u00f3n, 18 de marzo de 2020<\/a><br \/>\n<a href=\"https:\/\/congresocoahuila.gob.mx\/transparencia\/03\/Debates-2018-2020\/20200325_PPO_S05.docx\">Quinta Sesi\u00f3n, 25 de marzo de 2020<\/a><br \/>\n<a href=\"https:\/\/congresocoahuila.gob.mx\/transparencia\/03\/Debates-2018-2020\/20200401_PPO_S06.docx\">Sexta Sesi\u00f3n, 01 de abril de 2020<\/a><br \/>\n<a href=\"https:\/\/congresocoahuila.gob.mx\/transparencia\/03\/Debates-2018-2020\/20200402_PPO_S07.docx\">S\u00e9ptima Sesi\u00f3n, 02 de abril de 2020<\/a><br \/>\n<a href=\"https:\/\/congresocoahuila.gob.mx\/transparencia\/03\/Debates-2018-2020\/20200403_PPO_S08.docx\">Octava Sesi\u00f3n, 03 de abril de 2020<\/a><br \/>\n<a href=\"https:\/\/congresocoahuila.gob.mx\/transparencia\/03\/Debates-2018-2020\/20200423_PPO_S09.docx\">Novena Sesi\u00f3n, 23 de abril de 2020<\/a><br \/>\n<a href=\"https:\/\/congresocoahuila.gob.mx\/transparencia\/03\/Debates-2018-2020\/20200429_PPO_S10.docx\">D\u00e9cima Sesi\u00f3n, 29 de abril de 2020<\/a><br \/>\n<a href=\"https:\/\/congresocoahuila.gob.mx\/transparencia\/03\/Debates-2018-2020\/20200506_PPO_S11.docx\">D\u00e9cima Primera Sesi\u00f3n, 06 de mayo de 2020<\/a><br \/>\n<a href=\"https:\/\/congresocoahuila.gob.mx\/transparencia\/03\/Debates-2018-2020\/20200513_PPO_S12.docx\">D\u00e9cima Segunda Sesi\u00f3n, 13 de mayo de 2020<\/a><br \/>\n<a href=\"https:\/\/congresocoahuila.gob.mx\/transparencia\/03\/Debates-2018-2020\/20200521_PPO_S13.docx\">D\u00e9cima Tercera Sesi\u00f3n, 21 de mayo de 2020<\/a><br \/>\n<a href=\"https:\/\/congresocoahuila.gob.mx\/transparencia\/03\/Debates-2018-2020\/20200527_PPO_S14.docx\">D\u00e9cima Cuarta Sesi\u00f3n, 27 de mayo de 2020<\/a><br \/>\n<a href=\"https:\/\/congresocoahuila.gob.mx\/transparencia\/03\/Debates-2018-2020\/20200603_PPO_S15.docx\">D\u00e9cima Quinta Sesi\u00f3n, 03 de junio de 2020<\/a><br \/>\n<a href=\"https:\/\/congresocoahuila.gob.mx\/transparencia\/03\/Debates-2018-2020\/20200610_PPO_S16.docx\">D\u00e9cima Sexta Sesi\u00f3n, 10 de junio de 2020<\/a><br \/>\n<a href=\"https:\/\/congresocoahuila.gob.mx\/transparencia\/03\/Debates-2018-2020\/20200617_PPO_S17.docx\">D\u00e9cima S\u00e9ptima Sesi\u00f3n, 17 de junio de 2020<\/a><br \/>\n<a href=\"https:\/\/congresocoahuila.gob.mx\/transparencia\/03\/Debates-2018-2020\/20200624_PPO_S18.docx\">D\u00e9cima Octava Sesi\u00f3n, 24 de junio de 2020<\/a><br \/>\n<a href=\"https:\/\/congresocoahuila.gob.mx\/transparencia\/03\/Debates-2018-2020\/20200630_PPO_S19.docx\">D\u00e9cima Novena Sesi\u00f3n, 30 de junio de 2020<\/a><\/p>\n","protected":false},"excerpt":{"rendered":"<p>Fecha de actualizaci\u00f3n: 31 de diciembre de 2020. Responsable de la Informaci\u00f3n: Lic. Gerardo Blanco Guerra Oficial Mayor del H. Congreso del Estado de Coahuila. TERCER A\u00d1O DE EJERCICIO CONSTITUCIONAL 2020 PRIMER PER\u00cdODO ORDINARIO Fecha de actualizaci\u00f3n de Diario de los Debates: La presente fracci\u00f3n se actualiza, atento a lo que disponen los Art\u00edculos 247 [&hellip;]<\/p>\n","protected":false},"author":5,"featured_media":0,"parent":0,"menu_order":0,"comment_status":"closed","ping_status":"closed","template":"","meta":{"footnotes":""},"categories":[],"tags":[],"class_list":["post-37174","page","type-page","status-publish","hentry"],"_links":{"self":[{"href":"https:\/\/www.congresocoahuila.gob.mx\/portal\/wp-json\/wp\/v2\/pages\/37174","targetHints":{"allow":["GET"]}}],"collection":[{"href":"https:\/\/www.congresocoahuila.gob.mx\/portal\/wp-json\/wp\/v2\/pages"}],"about":[{"href":"https:\/\/www.congresocoahuila.gob.mx\/portal\/wp-json\/wp\/v2\/types\/page"}],"author":[{"embeddable":true,"href":"https:\/\/www.congresocoahuila.gob.mx\/portal\/wp-json\/wp\/v2\/users\/5"}],"replies":[{"embeddable":true,"href":"https:\/\/www.congresocoahuila.gob.mx\/portal\/wp-json\/wp\/v2\/comments?post=37174"}],"version-history":[{"count":28,"href":"https:\/\/www.congresocoahuila.gob.mx\/portal\/wp-json\/wp\/v2\/pages\/37174\/revisions"}],"predecessor-version":[{"id":39676,"href":"https:\/\/www.congresocoahuila.gob.mx\/portal\/wp-json\/wp\/v2\/pages\/37174\/revisions\/39676"}],"wp:attachment":[{"href":"https:\/\/www.congresocoahuila.gob.mx\/portal\/wp-json\/wp\/v2\/media?parent=37174"}],"wp:term":[{"taxonomy":"category","embeddable":true,"href":"https:\/\/www.congresocoahuila.gob.mx\/portal\/wp-json\/wp\/v2\/categories?post=37174"},{"taxonomy":"post_tag","embeddable":true,"href":"https:\/\/www.congresocoahuila.gob.mx\/portal\/wp-json\/wp\/v2\/tags?post=37174"}],"curies":[{"name":"wp","href":"https:\/\/api.w.org\/{rel}","templated":true}]}}