{"id":3720,"date":"2014-11-25T10:16:10","date_gmt":"2014-11-25T16:16:10","guid":{"rendered":"http:\/\/www.congresocoahuila.gob.mx\/portal\/?page_id=3720"},"modified":"2014-11-25T10:16:10","modified_gmt":"2014-11-25T16:16:10","slug":"dip-ricardo-lopez-campos","status":"publish","type":"page","link":"https:\/\/www.congresocoahuila.gob.mx\/portal\/dip-ricardo-lopez-campos\/","title":{"rendered":"DIP. RICARDO L\u00d3PEZ CAMPOS"},"content":{"rendered":"<p><a href=\"http:\/\/www.congresocoahuila.gob.mx\/portal\/wp-content\/uploads\/2014\/11\/Ricardo-Flores-Campos.jpg\"><img loading=\"lazy\" decoding=\"async\" src=\"http:\/\/www.congresocoahuila.gob.mx\/portal\/wp-content\/uploads\/2014\/11\/Ricardo-Flores-Campos.jpg\" alt=\"\" width=\"80\" height=\"100\" class=\"alignnone size-full wp-image-3721\" \/><\/a><\/p>\n<p><a href=\"http:\/\/www.congresocoahuila.gob.mx\/portal\/wp-content\/uploads\/2014\/11\/c12.pdf\">Curr\u00edculum<\/a><br \/>\n<strong>Comisiones y Comit\u00e9s a las que pertenece<\/strong><\/p>\n<p><strong>Comisiones:<\/strong><br \/>\nGobernaci\u00f3n, Puntos Constitucionales y Justicia  (Coordinador)<br \/>\nDefensa de los Derechos Humanos<br \/>\nTrabajo y Previsi\u00f3n Social<br \/>\nAsuntos Fronterizos<br \/>\nInstructora de Juicio Pol\u00edtico y de Declaraci\u00f3n de Procedencia en Materia de Responsabilidad Penal  (Secretario)<br \/>\nTransparencia y Acceso a la Informaci\u00f3n<\/p>\n","protected":false},"excerpt":{"rendered":"<p>Curr\u00edculum Comisiones y Comit\u00e9s a las que pertenece Comisiones: Gobernaci\u00f3n, Puntos Constitucionales y Justicia (Coordinador) Defensa de los Derechos Humanos Trabajo y Previsi\u00f3n Social Asuntos Fronterizos Instructora de Juicio Pol\u00edtico y de Declaraci\u00f3n de Procedencia en Materia de Responsabilidad Penal (Secretario) Transparencia y Acceso a la Informaci\u00f3n<\/p>\n","protected":false},"author":3,"featured_media":0,"parent":0,"menu_order":0,"comment_status":"closed","ping_status":"closed","template":"","meta":{"footnotes":""},"categories":[],"tags":[],"class_list":["post-3720","page","type-page","status-publish","hentry"],"_links":{"self":[{"href":"https:\/\/www.congresocoahuila.gob.mx\/portal\/wp-json\/wp\/v2\/pages\/3720","targetHints":{"allow":["GET"]}}],"collection":[{"href":"https:\/\/www.congresocoahuila.gob.mx\/portal\/wp-json\/wp\/v2\/pages"}],"about":[{"href":"https:\/\/www.congresocoahuila.gob.mx\/portal\/wp-json\/wp\/v2\/types\/page"}],"author":[{"embeddable":true,"href":"https:\/\/www.congresocoahuila.gob.mx\/portal\/wp-json\/wp\/v2\/users\/3"}],"replies":[{"embeddable":true,"href":"https:\/\/www.congresocoahuila.gob.mx\/portal\/wp-json\/wp\/v2\/comments?post=3720"}],"version-history":[{"count":0,"href":"https:\/\/www.congresocoahuila.gob.mx\/portal\/wp-json\/wp\/v2\/pages\/3720\/revisions"}],"wp:attachment":[{"href":"https:\/\/www.congresocoahuila.gob.mx\/portal\/wp-json\/wp\/v2\/media?parent=3720"}],"wp:term":[{"taxonomy":"category","embeddable":true,"href":"https:\/\/www.congresocoahuila.gob.mx\/portal\/wp-json\/wp\/v2\/categories?post=3720"},{"taxonomy":"post_tag","embeddable":true,"href":"https:\/\/www.congresocoahuila.gob.mx\/portal\/wp-json\/wp\/v2\/tags?post=3720"}],"curies":[{"name":"wp","href":"https:\/\/api.w.org\/{rel}","templated":true}]}}