{"id":37352,"date":"2020-03-29T11:11:57","date_gmt":"2020-03-29T17:11:57","guid":{"rendered":"http:\/\/congresocoahuila.gob.mx\/portal\/?page_id=37352"},"modified":"2021-01-06T13:49:34","modified_gmt":"2021-01-06T19:49:34","slug":"jesus-andres-loya-cardona-2020","status":"publish","type":"page","link":"https:\/\/www.congresocoahuila.gob.mx\/portal\/jesus-andres-loya-cardona-2020\/","title":{"rendered":"JES\u00daS ANDR\u00c9S LOYA CARDONA 2020"},"content":{"rendered":"<table border=\"0\" width=\"459\" cellspacing=\"0\" cellpadding=\"0\">\n<tbody>\n<tr>\n<td bgcolor=\"#FFFFFF\" width=\"165\">\n<p style=\"text-align: center;\"><a href=\"https:\/\/congresocoahuila.gob.mx\/transparencia\/02\/DIP_CV\/LXI\/16_JESUS_ANDRES_LOYA_CARDONA.docx\"><strong><img loading=\"lazy\" decoding=\"async\" class=\"alignnone size-full wp-image-31877\" src=\"http:\/\/congresocoahuila.gob.mx\/portal\/wp-content\/uploads\/2014\/12\/16-9.jpg\" alt=\"16\" width=\"218\" height=\"266\" \/><\/strong><\/a><\/p>\n<\/td>\n<td style=\"text-align: left;\" valign=\"middle\" bgcolor=\"#FFFFFF\" width=\"425\"><b>\u00a0<\/b><\/p>\n<div><strong><b>GESTIONES 2020<\/b><br \/>\n<\/strong><a href=\"https:\/\/congresocoahuila.gob.mx\/transparencia\/ART\/26\/13\/INF\/2020\/ENERO\/DIP_ANDES_LOYA.docx\">Enero<\/a><\/div>\n<div><a href=\"https:\/\/congresocoahuila.gob.mx\/transparencia\/ART\/26\/13\/INF\/2020\/FEBRERO\/DIP_ANDES_LOYA.docx\">Febrero<\/a><\/div>\n<div><a href=\"https:\/\/congresocoahuila.gob.mx\/transparencia\/ART\/26\/13\/INF\/2020\/MARZO\/DIP_ANDES_LOYA_MARZO.docx\">Marzo<\/a><\/div>\n<div><a href=\"https:\/\/congresocoahuila.gob.mx\/transparencia\/ART\/26\/13\/INF\/2020\/ABRIL\/DIP_ANDES_LOYA_ABRIL.docx\">Abril<\/a><\/div>\n<div><a href=\"https:\/\/congresocoahuila.gob.mx\/transparencia\/ART\/26\/13\/INF\/2020\/MAYO\/DIP_ANDES_LOYA_MAYO.docx\">Mayo<\/a><\/div>\n<div><a href=\"https:\/\/congresocoahuila.gob.mx\/transparencia\/ART\/26\/13\/INF\/2020\/JUNIO\/DIP_ANDES_LOYA_JUNIO.docx\">Junio<\/a><\/div>\n<div><a href=\"https:\/\/congresocoahuila.gob.mx\/transparencia\/ART\/26\/13\/INF\/2020\/JULIO\/DIP_ANDES_LOYA_JULIO.docx\">Julio<\/a><\/div>\n<div><a href=\"https:\/\/congresocoahuila.gob.mx\/transparencia\/ART\/26\/13\/INF\/2020\/AGOSTO\/DIP_ANDES_LOYA_AGOSTO.docx\">Agosto<\/a><\/div>\n<div><a href=\"https:\/\/congresocoahuila.gob.mx\/transparencia\/ART\/26\/13\/INF\/2020\/SEPTIEMBRE\/DIP_ANDES_LOYA_SEPTIEMBRE.docx\">Septiembre<\/a><\/div>\n<div><a href=\"https:\/\/congresocoahuila.gob.mx\/transparencia\/ART\/26\/13\/INF\/2020\/OCTUBRE\/DIP_ANDES_LOYA_OCTUBRE.docx\">Octubre<\/a><\/div>\n<div><a href=\"https:\/\/congresocoahuila.gob.mx\/transparencia\/ART\/26\/13\/INF\/2020\/NOVIEMBRE\/DIP_ANDES_LOYA_NOVIEMBRE.docx\">Noviembre<\/a><\/div>\n<div><a href=\"https:\/\/congresocoahuila.gob.mx\/transparencia\/ART\/26\/13\/INF\/2020\/DICIEMBRE\/DIP_ANDES_LOYA_DICIEMBRE.docx\">Diciembre<\/a><\/div>\n<p style=\"text-align: left;\"><strong>\u00a0<\/strong><\/p>\n<\/td>\n<\/tr>\n<\/tbody>\n<\/table>\n<pre><strong>Direcci\u00f3n Casa de Gesti\u00f3n:<\/strong>\nBlvd. Antonio Cardenas #2742 -2, Colonia Lourdes; C.P.\n\n*\u00a0 Diputado Suplente en Funciones a partir del d\u00eda 18 de septiembre del 2018, por Licencia otorgada al Dip. Samuel Rodr\u00edguez Mart\u00ednez el d\u00eda 18 de septiembre del 2018.<\/pre>\n","protected":false},"excerpt":{"rendered":"<p>\u00a0 GESTIONES 2020 Enero Febrero Marzo Abril Mayo Junio Julio Agosto Septiembre Octubre Noviembre Diciembre \u00a0 Direcci\u00f3n Casa de Gesti\u00f3n: Blvd. Antonio Cardenas #2742 -2, Colonia Lourdes; C.P. *\u00a0 Diputado Suplente en Funciones a partir del d\u00eda 18 de septiembre del 2018, por Licencia otorgada al Dip. Samuel Rodr\u00edguez Mart\u00ednez el d\u00eda 18 de septiembre [&hellip;]<\/p>\n","protected":false},"author":6,"featured_media":0,"parent":0,"menu_order":0,"comment_status":"closed","ping_status":"closed","template":"","meta":{"footnotes":""},"categories":[],"tags":[],"class_list":["post-37352","page","type-page","status-publish","hentry"],"_links":{"self":[{"href":"https:\/\/www.congresocoahuila.gob.mx\/portal\/wp-json\/wp\/v2\/pages\/37352","targetHints":{"allow":["GET"]}}],"collection":[{"href":"https:\/\/www.congresocoahuila.gob.mx\/portal\/wp-json\/wp\/v2\/pages"}],"about":[{"href":"https:\/\/www.congresocoahuila.gob.mx\/portal\/wp-json\/wp\/v2\/types\/page"}],"author":[{"embeddable":true,"href":"https:\/\/www.congresocoahuila.gob.mx\/portal\/wp-json\/wp\/v2\/users\/6"}],"replies":[{"embeddable":true,"href":"https:\/\/www.congresocoahuila.gob.mx\/portal\/wp-json\/wp\/v2\/comments?post=37352"}],"version-history":[{"count":10,"href":"https:\/\/www.congresocoahuila.gob.mx\/portal\/wp-json\/wp\/v2\/pages\/37352\/revisions"}],"predecessor-version":[{"id":39589,"href":"https:\/\/www.congresocoahuila.gob.mx\/portal\/wp-json\/wp\/v2\/pages\/37352\/revisions\/39589"}],"wp:attachment":[{"href":"https:\/\/www.congresocoahuila.gob.mx\/portal\/wp-json\/wp\/v2\/media?parent=37352"}],"wp:term":[{"taxonomy":"category","embeddable":true,"href":"https:\/\/www.congresocoahuila.gob.mx\/portal\/wp-json\/wp\/v2\/categories?post=37352"},{"taxonomy":"post_tag","embeddable":true,"href":"https:\/\/www.congresocoahuila.gob.mx\/portal\/wp-json\/wp\/v2\/tags?post=37352"}],"curies":[{"name":"wp","href":"https:\/\/api.w.org\/{rel}","templated":true}]}}