{"id":37358,"date":"2020-03-29T11:35:19","date_gmt":"2020-03-29T17:35:19","guid":{"rendered":"http:\/\/congresocoahuila.gob.mx\/portal\/?page_id=37358"},"modified":"2020-03-31T15:46:13","modified_gmt":"2020-03-31T21:46:13","slug":"veronica-boreque-martinez-gonzalez-2020","status":"publish","type":"page","link":"https:\/\/www.congresocoahuila.gob.mx\/portal\/veronica-boreque-martinez-gonzalez-2020\/","title":{"rendered":"Ver\u00f3nica Boreque Mart\u00ednez Gonz\u00e1lez 2020"},"content":{"rendered":"<table border=\"0\" width=\"459\" cellspacing=\"0\" cellpadding=\"0\">\n<tbody>\n<tr>\n<td bgcolor=\"#FFFFFF\" width=\"165\">\n<h3>\u00a0<a href=\"http:\/\/congresocoahuila.gob.mx\/portal\/wp-content\/uploads\/2014\/12\/17-1.jpg\"><img loading=\"lazy\" decoding=\"async\" class=\"alignnone size-full wp-image-29507\" src=\"http:\/\/congresocoahuila.gob.mx\/portal\/wp-content\/uploads\/2014\/12\/17-1.jpg\" alt=\"PRI_H\" width=\"218\" height=\"266\" \/><\/a><\/h3>\n<p style=\"text-align: center;\">\n<\/td>\n<td style=\"text-align: left;\" valign=\"middle\" bgcolor=\"#FFFFFF\" width=\"425\">\n<div><strong><b>GESTIONES 2020<\/b><br \/>\n<\/strong><a href=\"https:\/\/congresocoahuila.gob.mx\/transparencia\/ART\/26\/13\/INF\/2020\/ENERO\/DIP_VERONICA_BOREQUE_ENERO.pdf\">Enero<\/a><br \/>\n<a href=\"https:\/\/congresocoahuila.gob.mx\/transparencia\/ART\/26\/13\/INF\/2020\/FEBRERO\/DIP_VERONICA_BOREQUE_FEBRERO.pdf\">Febrero<\/a><br \/>\nMarzo<br \/>\nAbril<br \/>\nMayo<br \/>\nJunio<strong><br \/>\n<\/strong><\/div>\n<div>Julio<\/div>\n<div>Agosto<\/div>\n<div>Septiembre<\/div>\n<div>Octubre<\/div>\n<div>Noviembre<\/div>\n<div>Diciembre<\/div>\n<\/td>\n<\/tr>\n<\/tbody>\n<\/table>\n<p><strong>Direcci\u00f3n Casa de Gesti\u00f3n:<\/strong><br \/>\nNi\u00f1os H\u00e9roes N\u00fam. 1113 Nte. Barrio la Placita Fundadores.<\/p>\n","protected":false},"excerpt":{"rendered":"<p>\u00a0 GESTIONES 2020 Enero Febrero Marzo Abril Mayo Junio Julio Agosto Septiembre Octubre Noviembre Diciembre Direcci\u00f3n Casa de Gesti\u00f3n: Ni\u00f1os H\u00e9roes N\u00fam. 1113 Nte. Barrio la Placita Fundadores.<\/p>\n","protected":false},"author":6,"featured_media":0,"parent":0,"menu_order":0,"comment_status":"closed","ping_status":"closed","template":"","meta":{"footnotes":""},"categories":[],"tags":[],"class_list":["post-37358","page","type-page","status-publish","hentry"],"_links":{"self":[{"href":"https:\/\/www.congresocoahuila.gob.mx\/portal\/wp-json\/wp\/v2\/pages\/37358","targetHints":{"allow":["GET"]}}],"collection":[{"href":"https:\/\/www.congresocoahuila.gob.mx\/portal\/wp-json\/wp\/v2\/pages"}],"about":[{"href":"https:\/\/www.congresocoahuila.gob.mx\/portal\/wp-json\/wp\/v2\/types\/page"}],"author":[{"embeddable":true,"href":"https:\/\/www.congresocoahuila.gob.mx\/portal\/wp-json\/wp\/v2\/users\/6"}],"replies":[{"embeddable":true,"href":"https:\/\/www.congresocoahuila.gob.mx\/portal\/wp-json\/wp\/v2\/comments?post=37358"}],"version-history":[{"count":4,"href":"https:\/\/www.congresocoahuila.gob.mx\/portal\/wp-json\/wp\/v2\/pages\/37358\/revisions"}],"predecessor-version":[{"id":37375,"href":"https:\/\/www.congresocoahuila.gob.mx\/portal\/wp-json\/wp\/v2\/pages\/37358\/revisions\/37375"}],"wp:attachment":[{"href":"https:\/\/www.congresocoahuila.gob.mx\/portal\/wp-json\/wp\/v2\/media?parent=37358"}],"wp:term":[{"taxonomy":"category","embeddable":true,"href":"https:\/\/www.congresocoahuila.gob.mx\/portal\/wp-json\/wp\/v2\/categories?post=37358"},{"taxonomy":"post_tag","embeddable":true,"href":"https:\/\/www.congresocoahuila.gob.mx\/portal\/wp-json\/wp\/v2\/tags?post=37358"}],"curies":[{"name":"wp","href":"https:\/\/api.w.org\/{rel}","templated":true}]}}