{"id":3736,"date":"2014-11-25T10:26:50","date_gmt":"2014-11-25T16:26:50","guid":{"rendered":"http:\/\/www.congresocoahuila.gob.mx\/portal\/?page_id=3736"},"modified":"2014-11-25T10:26:50","modified_gmt":"2014-11-25T16:26:50","slug":"dip-juan-alfredo-botello-najera","status":"publish","type":"page","link":"https:\/\/www.congresocoahuila.gob.mx\/portal\/dip-juan-alfredo-botello-najera\/","title":{"rendered":"DIP. JUAN ALFREDO BOTELLO N\u00c1JERA"},"content":{"rendered":"<p><a href=\"http:\/\/www.congresocoahuila.gob.mx\/portal\/wp-content\/uploads\/2014\/11\/Juan-Alfredo-Botello.jpg\"><img loading=\"lazy\" decoding=\"async\" src=\"http:\/\/www.congresocoahuila.gob.mx\/portal\/wp-content\/uploads\/2014\/11\/Juan-Alfredo-Botello.jpg\" alt=\"\" width=\"80\" height=\"100\" class=\"alignnone size-full wp-image-3737\" \/><\/a><\/p>\n<p><a href=\"http:\/\/www.congresocoahuila.gob.mx\/portal\/wp-content\/uploads\/2014\/11\/c16.pdf\">Curr\u00edculum<\/a><br \/>\nComisiones y Comit\u00e9s a las que pertenece<\/p>\n<p><strong>Comisiones:<\/strong><br \/>\nEducaci\u00f3n, Cultura y Actividades C\u00edvicas<br \/>\nDefensa de los Derechos Humanos<br \/>\nAsuntos Fronterizos  (Secretario)<br \/>\nTrabajo y Previsi\u00f3n Social<br \/>\nSeguridad P\u00fablica  (Coordinador)<\/p>\n<p><strong>Comisiones y Comit\u00e9s Especiales a las que pertenece<\/strong><br \/>\nComisiones:<br \/>\nEstudio de la problem\u00e1tica asociada a la obesidad por el consumo de bebidas y alimentos hipocal\u00f3ricos.<\/p>\n","protected":false},"excerpt":{"rendered":"<p>Curr\u00edculum Comisiones y Comit\u00e9s a las que pertenece Comisiones: Educaci\u00f3n, Cultura y Actividades C\u00edvicas Defensa de los Derechos Humanos Asuntos Fronterizos (Secretario) Trabajo y Previsi\u00f3n Social Seguridad P\u00fablica (Coordinador) Comisiones y Comit\u00e9s Especiales a las que pertenece Comisiones: Estudio de la problem\u00e1tica asociada a la obesidad por el consumo de bebidas y alimentos hipocal\u00f3ricos.<\/p>\n","protected":false},"author":3,"featured_media":0,"parent":0,"menu_order":0,"comment_status":"closed","ping_status":"closed","template":"","meta":{"footnotes":""},"categories":[],"tags":[],"class_list":["post-3736","page","type-page","status-publish","hentry"],"_links":{"self":[{"href":"https:\/\/www.congresocoahuila.gob.mx\/portal\/wp-json\/wp\/v2\/pages\/3736","targetHints":{"allow":["GET"]}}],"collection":[{"href":"https:\/\/www.congresocoahuila.gob.mx\/portal\/wp-json\/wp\/v2\/pages"}],"about":[{"href":"https:\/\/www.congresocoahuila.gob.mx\/portal\/wp-json\/wp\/v2\/types\/page"}],"author":[{"embeddable":true,"href":"https:\/\/www.congresocoahuila.gob.mx\/portal\/wp-json\/wp\/v2\/users\/3"}],"replies":[{"embeddable":true,"href":"https:\/\/www.congresocoahuila.gob.mx\/portal\/wp-json\/wp\/v2\/comments?post=3736"}],"version-history":[{"count":0,"href":"https:\/\/www.congresocoahuila.gob.mx\/portal\/wp-json\/wp\/v2\/pages\/3736\/revisions"}],"wp:attachment":[{"href":"https:\/\/www.congresocoahuila.gob.mx\/portal\/wp-json\/wp\/v2\/media?parent=3736"}],"wp:term":[{"taxonomy":"category","embeddable":true,"href":"https:\/\/www.congresocoahuila.gob.mx\/portal\/wp-json\/wp\/v2\/categories?post=3736"},{"taxonomy":"post_tag","embeddable":true,"href":"https:\/\/www.congresocoahuila.gob.mx\/portal\/wp-json\/wp\/v2\/tags?post=3736"}],"curies":[{"name":"wp","href":"https:\/\/api.w.org\/{rel}","templated":true}]}}