{"id":37369,"date":"2020-03-31T15:40:17","date_gmt":"2020-03-31T21:40:17","guid":{"rendered":"http:\/\/congresocoahuila.gob.mx\/portal\/?page_id=37369"},"modified":"2020-12-21T21:37:01","modified_gmt":"2020-12-22T03:37:01","slug":"diana-patricia-gonzalez-soto-2020","status":"publish","type":"page","link":"https:\/\/www.congresocoahuila.gob.mx\/portal\/diana-patricia-gonzalez-soto-2020\/","title":{"rendered":"Diana Patricia Gonz\u00e1lez Soto 2020"},"content":{"rendered":"<table border=\"0\" width=\"459\" cellspacing=\"0\" cellpadding=\"0\">\n<tbody>\n<tr>\n<td style=\"width: 147px;\" bgcolor=\"#FFFFFF\" width=\"165\">\n<h3>\u00a0<img loading=\"lazy\" decoding=\"async\" class=\"alignnone size-full wp-image-15934\" src=\"http:\/\/congresocoahuila.gob.mx\/portal\/wp-content\/uploads\/2014\/12\/19-1.jpg\" alt=\"J_Armando_Pruneda_Valdez\" width=\"218\" height=\"266\" \/><\/h3>\n<p style=\"text-align: center;\"><a href=\"https:\/\/congresocoahuila.gob.mx\/transparencia\/02\/DIP_CV\/LXI\/19_DIP_DIANA_PATRICIA_GONZALEZ_SOTO.docx\"><strong>CURR\u00cdCULUM<\/strong><\/a><\/p>\n<\/td>\n<td style=\"text-align: left; width: 310px;\" valign=\"middle\" bgcolor=\"#FFFFFF\" width=\"425\">\n<div><strong><b>GESTIONES 2020<\/b><br \/>\n<\/strong><a href=\"https:\/\/congresocoahuila.gob.mx\/transparencia\/ART\/26\/13\/INF\/2020\/ENERO\/DIP_DIANA_PATRICIA_ENERO.docx\">Enero<\/a><\/div>\n<div><a href=\"https:\/\/congresocoahuila.gob.mx\/transparencia\/ART\/26\/13\/INF\/2020\/FEBRERO\/DIP_DIANA_PATRICIA_FEBRERO.docx\">Febrero<\/a><\/div>\n<div><a href=\"https:\/\/congresocoahuila.gob.mx\/transparencia\/ART\/26\/13\/INF\/2020\/MARZO\/DIP_DIANA_PATRICIA_MARZO.docx\">Marzo<\/a><\/div>\n<div><a href=\"https:\/\/congresocoahuila.gob.mx\/transparencia\/ART\/26\/13\/INF\/2020\/ABRIL\/DIP_DIANA_PATRICIA_ABRIL.docx\">Abril<\/a><\/div>\n<div><a href=\"https:\/\/congresocoahuila.gob.mx\/transparencia\/ART\/26\/13\/INF\/2020\/MAYO\/DIP_DIANA_PATRICIA_MAYO.docx\">Mayo<\/a><\/div>\n<div><a href=\"https:\/\/congresocoahuila.gob.mx\/transparencia\/ART\/26\/13\/INF\/2020\/JUNIO\/DIP_DIANA_PATRICIA_JUNIO.docx\">Junio<\/a><\/div>\n<div><a href=\"https:\/\/congresocoahuila.gob.mx\/transparencia\/ART\/26\/13\/INF\/2020\/JULIO\/DIP_DIANA_PATRICIA_JULIO.docx\">Julio<\/a><\/div>\n<div><a href=\"https:\/\/congresocoahuila.gob.mx\/transparencia\/ART\/26\/13\/INF\/2020\/AGOSTO\/DIP_DIANA_PATRICIA_AGOSTO.docx\">Agosto<\/a><\/div>\n<div><a href=\"https:\/\/congresocoahuila.gob.mx\/transparencia\/ART\/26\/13\/INF\/2020\/SEPTIEMBRE\/DIP_DIANA_PATRICIA_SEPTIEMBRE.docx\">Septiembre<\/a><\/div>\n<div>Octubre<\/div>\n<div>Noviembre<\/div>\n<div>Diciembre<\/div>\n<p><strong>\u00a0<\/strong><\/p>\n<p style=\"text-align: left;\"><strong>\u00a0<\/strong><\/p>\n<\/td>\n<\/tr>\n<\/tbody>\n<\/table>\n<p><strong>Direcci\u00f3n Casa de Gesti\u00f3n: <\/strong><br \/>\nBlvd. Nazario S. Ort\u00edz Garza No. 3604, 4TO. Piso Fraccionamiento Espa\u00f1a. Saltillo, Coahuila<\/p>\n","protected":false},"excerpt":{"rendered":"<p>\u00a0 CURR\u00cdCULUM GESTIONES 2020 Enero Febrero Marzo Abril Mayo Junio Julio Agosto Septiembre Octubre Noviembre Diciembre \u00a0 \u00a0 Direcci\u00f3n Casa de Gesti\u00f3n: Blvd. Nazario S. Ort\u00edz Garza No. 3604, 4TO. Piso Fraccionamiento Espa\u00f1a. Saltillo, Coahuila<\/p>\n","protected":false},"author":6,"featured_media":0,"parent":0,"menu_order":0,"comment_status":"closed","ping_status":"closed","template":"","meta":{"footnotes":""},"categories":[],"tags":[],"class_list":["post-37369","page","type-page","status-publish","hentry"],"_links":{"self":[{"href":"https:\/\/www.congresocoahuila.gob.mx\/portal\/wp-json\/wp\/v2\/pages\/37369","targetHints":{"allow":["GET"]}}],"collection":[{"href":"https:\/\/www.congresocoahuila.gob.mx\/portal\/wp-json\/wp\/v2\/pages"}],"about":[{"href":"https:\/\/www.congresocoahuila.gob.mx\/portal\/wp-json\/wp\/v2\/types\/page"}],"author":[{"embeddable":true,"href":"https:\/\/www.congresocoahuila.gob.mx\/portal\/wp-json\/wp\/v2\/users\/6"}],"replies":[{"embeddable":true,"href":"https:\/\/www.congresocoahuila.gob.mx\/portal\/wp-json\/wp\/v2\/comments?post=37369"}],"version-history":[{"count":8,"href":"https:\/\/www.congresocoahuila.gob.mx\/portal\/wp-json\/wp\/v2\/pages\/37369\/revisions"}],"predecessor-version":[{"id":39451,"href":"https:\/\/www.congresocoahuila.gob.mx\/portal\/wp-json\/wp\/v2\/pages\/37369\/revisions\/39451"}],"wp:attachment":[{"href":"https:\/\/www.congresocoahuila.gob.mx\/portal\/wp-json\/wp\/v2\/media?parent=37369"}],"wp:term":[{"taxonomy":"category","embeddable":true,"href":"https:\/\/www.congresocoahuila.gob.mx\/portal\/wp-json\/wp\/v2\/categories?post=37369"},{"taxonomy":"post_tag","embeddable":true,"href":"https:\/\/www.congresocoahuila.gob.mx\/portal\/wp-json\/wp\/v2\/tags?post=37369"}],"curies":[{"name":"wp","href":"https:\/\/api.w.org\/{rel}","templated":true}]}}