{"id":37377,"date":"2020-03-31T15:49:23","date_gmt":"2020-03-31T21:49:23","guid":{"rendered":"http:\/\/congresocoahuila.gob.mx\/portal\/?page_id=37377"},"modified":"2020-12-21T21:53:45","modified_gmt":"2020-12-22T03:53:45","slug":"elisa-catalina-villalobos-hernandez-2020","status":"publish","type":"page","link":"https:\/\/www.congresocoahuila.gob.mx\/portal\/elisa-catalina-villalobos-hernandez-2020\/","title":{"rendered":"Elisa Catalina Villalobos Hern\u00e1ndez 2020"},"content":{"rendered":"<table border=\"0\" width=\"459\" cellspacing=\"0\" cellpadding=\"0\">\n<tbody>\n<tr>\n<td bgcolor=\"#FFFFFF\" width=\"165\">\n<h3><a href=\"http:\/\/congresocoahuila.gob.mx\/portal\/wp-content\/uploads\/2014\/12\/MORENA.jpg\"><img loading=\"lazy\" decoding=\"async\" class=\"alignnone wp-image-15938 size-full\" src=\"http:\/\/congresocoahuila.gob.mx\/portal\/wp-content\/uploads\/2014\/12\/24-1.jpg\" alt=\"\" width=\"218\" height=\"266\" \/><\/a><\/h3>\n<p style=\"text-align: center;\"><strong>\u00a0<\/strong><\/p>\n<\/td>\n<td style=\"text-align: left;\" valign=\"middle\" bgcolor=\"#FFFFFF\" width=\"425\">\n<div><strong><b>GESTIONES 2020<\/b><br \/>\n<\/strong><a href=\"https:\/\/congresocoahuila.gob.mx\/transparencia\/ART\/26\/13\/INF\/2020\/ENERO\/DIP_ELISA_VILLALOBOS_ENERO.docx\">Enero<\/a><\/div>\n<div><a href=\"https:\/\/congresocoahuila.gob.mx\/transparencia\/ART\/26\/13\/INF\/2020\/FEBRERO\/DIP_ELISA_VILLALOBOS_FEBRERO.docx\">Febrero<\/a><\/div>\n<div><a href=\"https:\/\/congresocoahuila.gob.mx\/transparencia\/ART\/26\/13\/INF\/2020\/MARZO\/DIP_ELISA_VILLALOBOS_MARZO.docx\">Marzo<\/a><\/div>\n<div><a href=\"https:\/\/congresocoahuila.gob.mx\/transparencia\/ART\/26\/13\/INF\/2020\/ABRIL\/DIP_ELISA_VILLALOBOS_ABRIL.docx\">Abril<\/a><\/div>\n<div><a href=\"https:\/\/congresocoahuila.gob.mx\/transparencia\/ART\/26\/13\/INF\/2020\/MAYO\/DIP_ELISA_VILLALOBOS_MAYO.docx\">Mayo<\/a><\/div>\n<div><a href=\"https:\/\/congresocoahuila.gob.mx\/transparencia\/ART\/26\/13\/INF\/2020\/JUNIO\/DIP_ELISA_VILLALOBOS_JUNIO.docx\">Junio<\/a><\/div>\n<div><a href=\"https:\/\/congresocoahuila.gob.mx\/transparencia\/ART\/26\/13\/INF\/2020\/JULIO\/DIP_ELISA_VILLALOBOS_JULIO.docx\">Julio<\/a><\/div>\n<div><a href=\"https:\/\/congresocoahuila.gob.mx\/transparencia\/ART\/26\/13\/INF\/2020\/AGOSTO\/DIP_ELISA_VILLALOBOS_AGOSTO.docx\">Agosto<\/a><\/div>\n<div><a href=\"https:\/\/congresocoahuila.gob.mx\/transparencia\/ART\/26\/13\/INF\/2020\/SEPTIEMBRE\/DIP_ELISA_VILLALOBOS_SEPTIEMBRE.docx\">Septiembre<\/a><\/div>\n<div><a href=\"https:\/\/congresocoahuila.gob.mx\/transparencia\/ART\/26\/13\/INF\/2020\/OCTUBRE\/DIP_ELISA_VILLALOBOS_OCTUBRE.docx\">Octubre<\/a><\/div>\n<div>Noviembre<\/div>\n<\/td>\n<\/tr>\n<\/tbody>\n<\/table>\n<p><strong>Direcci\u00f3n Casa de Gesti\u00f3n: <\/strong><br \/>\nBlvd. Antonio C\u00e1rdenas Local 4 Plaza Comercial El Chapul\u00edn Saltillo, Coahuila<\/p>\n","protected":false},"excerpt":{"rendered":"<p>\u00a0 GESTIONES 2020 Enero Febrero Marzo Abril Mayo Junio Julio Agosto Septiembre Octubre Noviembre Direcci\u00f3n Casa de Gesti\u00f3n: Blvd. Antonio C\u00e1rdenas Local 4 Plaza Comercial El Chapul\u00edn Saltillo, Coahuila<\/p>\n","protected":false},"author":6,"featured_media":0,"parent":0,"menu_order":0,"comment_status":"closed","ping_status":"closed","template":"","meta":{"footnotes":""},"categories":[],"tags":[],"class_list":["post-37377","page","type-page","status-publish","hentry"],"_links":{"self":[{"href":"https:\/\/www.congresocoahuila.gob.mx\/portal\/wp-json\/wp\/v2\/pages\/37377","targetHints":{"allow":["GET"]}}],"collection":[{"href":"https:\/\/www.congresocoahuila.gob.mx\/portal\/wp-json\/wp\/v2\/pages"}],"about":[{"href":"https:\/\/www.congresocoahuila.gob.mx\/portal\/wp-json\/wp\/v2\/types\/page"}],"author":[{"embeddable":true,"href":"https:\/\/www.congresocoahuila.gob.mx\/portal\/wp-json\/wp\/v2\/users\/6"}],"replies":[{"embeddable":true,"href":"https:\/\/www.congresocoahuila.gob.mx\/portal\/wp-json\/wp\/v2\/comments?post=37377"}],"version-history":[{"count":7,"href":"https:\/\/www.congresocoahuila.gob.mx\/portal\/wp-json\/wp\/v2\/pages\/37377\/revisions"}],"predecessor-version":[{"id":39456,"href":"https:\/\/www.congresocoahuila.gob.mx\/portal\/wp-json\/wp\/v2\/pages\/37377\/revisions\/39456"}],"wp:attachment":[{"href":"https:\/\/www.congresocoahuila.gob.mx\/portal\/wp-json\/wp\/v2\/media?parent=37377"}],"wp:term":[{"taxonomy":"category","embeddable":true,"href":"https:\/\/www.congresocoahuila.gob.mx\/portal\/wp-json\/wp\/v2\/categories?post=37377"},{"taxonomy":"post_tag","embeddable":true,"href":"https:\/\/www.congresocoahuila.gob.mx\/portal\/wp-json\/wp\/v2\/tags?post=37377"}],"curies":[{"name":"wp","href":"https:\/\/api.w.org\/{rel}","templated":true}]}}