{"id":37460,"date":"2020-04-07T20:10:39","date_gmt":"2020-04-08T01:10:39","guid":{"rendered":"http:\/\/congresocoahuila.gob.mx\/portal\/?page_id=37460"},"modified":"2022-07-05T13:18:51","modified_gmt":"2022-07-05T18:18:51","slug":"21-28","status":"publish","type":"page","link":"https:\/\/www.congresocoahuila.gob.mx\/portal\/21-28\/","title":{"rendered":"21.28"},"content":{"rendered":"<p><a href=\"https:\/\/congresocoahuila.gob.mx\/transparencia\/ART\/21\/28\/2022.xlsx\">2022<\/a><br \/>\n<a href=\"https:\/\/congresocoahuila.gob.mx\/transparencia\/ART\/21\/28\/2021.pdf\">2021<\/a><br \/>\n<a href=\"https:\/\/congresocoahuila.gob.mx\/transparencia\/ART\/21\/28\/2020.doc\">2020<\/a><br \/>\n<a href=\"https:\/\/congresocoahuila.gob.mx\/transparencia\/ART\/21\/28\/21-28_PADRON.doc\">2019<\/a><br \/>\n<a href=\"https:\/\/congresocoahuila.gob.mx\/transparencia\/ART\/21\/28\/2018.doc\">2018<\/a><\/p>\n<p style=\"text-align: right;\"><strong>Fecha de actualizaci\u00f3n:<\/strong> 1 de julio de 2022<br \/>\n<strong>Responsable de la informaci\u00f3n:<\/strong> Lic. Jorge Arturo Palomo G\u00f3mez;<br \/>\nDirector de Adquisiciones y Activos Fijos\u00a0de la Tesorer\u00eda del H. Congreso del Estado.<\/p>\n","protected":false},"excerpt":{"rendered":"<p>2022 2021 2020 2019 2018 Fecha de actualizaci\u00f3n: 1 de julio de 2022 Responsable de la informaci\u00f3n: Lic. Jorge Arturo Palomo G\u00f3mez; Director de Adquisiciones y Activos Fijos\u00a0de la Tesorer\u00eda del H. Congreso del Estado.<\/p>\n","protected":false},"author":3,"featured_media":0,"parent":0,"menu_order":0,"comment_status":"closed","ping_status":"closed","template":"","meta":{"footnotes":""},"categories":[],"tags":[],"class_list":["post-37460","page","type-page","status-publish","hentry"],"_links":{"self":[{"href":"https:\/\/www.congresocoahuila.gob.mx\/portal\/wp-json\/wp\/v2\/pages\/37460","targetHints":{"allow":["GET"]}}],"collection":[{"href":"https:\/\/www.congresocoahuila.gob.mx\/portal\/wp-json\/wp\/v2\/pages"}],"about":[{"href":"https:\/\/www.congresocoahuila.gob.mx\/portal\/wp-json\/wp\/v2\/types\/page"}],"author":[{"embeddable":true,"href":"https:\/\/www.congresocoahuila.gob.mx\/portal\/wp-json\/wp\/v2\/users\/3"}],"replies":[{"embeddable":true,"href":"https:\/\/www.congresocoahuila.gob.mx\/portal\/wp-json\/wp\/v2\/comments?post=37460"}],"version-history":[{"count":26,"href":"https:\/\/www.congresocoahuila.gob.mx\/portal\/wp-json\/wp\/v2\/pages\/37460\/revisions"}],"predecessor-version":[{"id":43847,"href":"https:\/\/www.congresocoahuila.gob.mx\/portal\/wp-json\/wp\/v2\/pages\/37460\/revisions\/43847"}],"wp:attachment":[{"href":"https:\/\/www.congresocoahuila.gob.mx\/portal\/wp-json\/wp\/v2\/media?parent=37460"}],"wp:term":[{"taxonomy":"category","embeddable":true,"href":"https:\/\/www.congresocoahuila.gob.mx\/portal\/wp-json\/wp\/v2\/categories?post=37460"},{"taxonomy":"post_tag","embeddable":true,"href":"https:\/\/www.congresocoahuila.gob.mx\/portal\/wp-json\/wp\/v2\/tags?post=37460"}],"curies":[{"name":"wp","href":"https:\/\/api.w.org\/{rel}","templated":true}]}}