{"id":37571,"date":"2020-04-09T22:18:38","date_gmt":"2020-04-10T03:18:38","guid":{"rendered":"http:\/\/congresocoahuila.gob.mx\/portal\/?page_id=37571"},"modified":"2020-06-10T11:02:27","modified_gmt":"2020-06-10T16:02:27","slug":"lilia-isabel-gutierrez-burciaga-2020","status":"publish","type":"page","link":"https:\/\/www.congresocoahuila.gob.mx\/portal\/lilia-isabel-gutierrez-burciaga-2020\/","title":{"rendered":"LILIA ISABEL GUTI\u00c9RREZ BURCIAGA 2020"},"content":{"rendered":"<table style=\"height: 298px;\" border=\"0\" width=\"459\" cellspacing=\"0\" cellpadding=\"0\">\n<tbody>\n<tr style=\"height: 298px;\">\n<td style=\"height: 298px;\" bgcolor=\"#FFFFFF\" width=\"165\">\n<h3><\/h3>\n<h3><img loading=\"lazy\" decoding=\"async\" class=\"alignnone size-full wp-image-12023\" src=\"http:\/\/congresocoahuila.gob.mx\/portal\/wp-content\/uploads\/2014\/12\/12-3.jpg\" alt=\"_MG_7900_icono\" width=\"218\" height=\"266\" \/><\/h3>\n<p style=\"text-align: center;\">\n<\/td>\n<td style=\"text-align: left; height: 298px;\" valign=\"middle\" bgcolor=\"#FFFFFF\" width=\"425\"><strong><b>GESTIONES 2020<\/b><br \/>\n<\/strong><a href=\"https:\/\/congresocoahuila.gob.mx\/transparencia\/ART\/26\/13\/INF\/2020\/ENERO\/LILIA_ISABEL_GUTIERREZ_BURCIAGA_ENERO.docx\">Enero<\/a><br \/>\n<a href=\"https:\/\/congresocoahuila.gob.mx\/transparencia\/ART\/26\/13\/INF\/2020\/FEBRERO\/LILIA_ISABEL_GUTIERREZ_BURCIAGA_FEBRERO.docx\">Febrero<\/a><br \/>\n<a href=\"https:\/\/congresocoahuila.gob.mx\/transparencia\/ART\/26\/13\/INF\/2020\/MARZO\/LILIA_ISABEL_GUTIERREZ_BURCIAGA_MARZO.docx\">Marzo<\/a><br \/>\n<a href=\"https:\/\/congresocoahuila.gob.mx\/transparencia\/ART\/26\/13\/INF\/2020\/ABRIL\/DIP_LILIA_ISABEL_GUTIERREZ_BURCIAGA_ABRIL.docx\">Abril<\/a><br \/>\n<a href=\"https:\/\/congresocoahuila.gob.mx\/transparencia\/ART\/26\/13\/INF\/2020\/MAYO\/DIP_LILIA_ISABEL_GUTIERREZ_BURCIAGA_MAYO.docx\">Mayo<\/a><br \/>\nJunio<br \/>\nJulio<br \/>\nAgosto<br \/>\nSeptiembre<br \/>\nOctubre<br \/>\nNoviembre<br \/>\nDiciembre<\/td>\n<\/tr>\n<\/tbody>\n<\/table>\n<p><strong>Direcci\u00f3n Casa de Gesti\u00f3n:<\/strong><br \/>\nFrancisco Javier Mina #588, Colonia Jard\u00edn; C.P. 25903, en la ciudad de Ramos Arizpe, Coahuila<\/p>\n","protected":false},"excerpt":{"rendered":"<p>GESTIONES 2020 Enero Febrero Marzo Abril Mayo Junio Julio Agosto Septiembre Octubre Noviembre Diciembre Direcci\u00f3n Casa de Gesti\u00f3n: Francisco Javier Mina #588, Colonia Jard\u00edn; C.P. 25903, en la ciudad de Ramos Arizpe, Coahuila<\/p>\n","protected":false},"author":6,"featured_media":0,"parent":0,"menu_order":0,"comment_status":"closed","ping_status":"closed","template":"","meta":{"footnotes":""},"categories":[],"tags":[],"class_list":["post-37571","page","type-page","status-publish","hentry"],"_links":{"self":[{"href":"https:\/\/www.congresocoahuila.gob.mx\/portal\/wp-json\/wp\/v2\/pages\/37571","targetHints":{"allow":["GET"]}}],"collection":[{"href":"https:\/\/www.congresocoahuila.gob.mx\/portal\/wp-json\/wp\/v2\/pages"}],"about":[{"href":"https:\/\/www.congresocoahuila.gob.mx\/portal\/wp-json\/wp\/v2\/types\/page"}],"author":[{"embeddable":true,"href":"https:\/\/www.congresocoahuila.gob.mx\/portal\/wp-json\/wp\/v2\/users\/6"}],"replies":[{"embeddable":true,"href":"https:\/\/www.congresocoahuila.gob.mx\/portal\/wp-json\/wp\/v2\/comments?post=37571"}],"version-history":[{"count":8,"href":"https:\/\/www.congresocoahuila.gob.mx\/portal\/wp-json\/wp\/v2\/pages\/37571\/revisions"}],"predecessor-version":[{"id":38025,"href":"https:\/\/www.congresocoahuila.gob.mx\/portal\/wp-json\/wp\/v2\/pages\/37571\/revisions\/38025"}],"wp:attachment":[{"href":"https:\/\/www.congresocoahuila.gob.mx\/portal\/wp-json\/wp\/v2\/media?parent=37571"}],"wp:term":[{"taxonomy":"category","embeddable":true,"href":"https:\/\/www.congresocoahuila.gob.mx\/portal\/wp-json\/wp\/v2\/categories?post=37571"},{"taxonomy":"post_tag","embeddable":true,"href":"https:\/\/www.congresocoahuila.gob.mx\/portal\/wp-json\/wp\/v2\/tags?post=37571"}],"curies":[{"name":"wp","href":"https:\/\/api.w.org\/{rel}","templated":true}]}}