{"id":3758,"date":"2014-11-25T10:49:41","date_gmt":"2014-11-25T16:49:41","guid":{"rendered":"http:\/\/www.congresocoahuila.gob.mx\/portal\/?page_id=3758"},"modified":"2014-11-25T10:49:41","modified_gmt":"2014-11-25T16:49:41","slug":"dip-lucia-azucena-ramos-ramos","status":"publish","type":"page","link":"https:\/\/www.congresocoahuila.gob.mx\/portal\/dip-lucia-azucena-ramos-ramos\/","title":{"rendered":"DIP. LUC\u00cdA AZUCENA RAMOS RAMOS"},"content":{"rendered":"<p><a href=\"http:\/\/www.congresocoahuila.gob.mx\/portal\/wp-content\/uploads\/2014\/11\/Lucia-Azuzena-Ramos-Ramos.jpg\"><img loading=\"lazy\" decoding=\"async\" src=\"http:\/\/www.congresocoahuila.gob.mx\/portal\/wp-content\/uploads\/2014\/11\/Lucia-Azuzena-Ramos-Ramos.jpg\" alt=\"\" width=\"80\" height=\"100\" class=\"alignnone size-full wp-image-3759\" \/><\/a><br \/>\n<a href=\"http:\/\/www.congresocoahuila.gob.mx\/portal\/wp-content\/uploads\/2014\/11\/c21.pdf\">Curr\u00edculum<\/a><\/p>\n<p><strong>Comisiones y Comit\u00e9s a las que pertenece<br \/>\nComisiones:<\/strong><br \/>\nEducaci\u00f3n, Cultura y Actividades C\u00edvicas<br \/>\nDeporte y Juventud<br \/>\nAsuntos Municipales y Zonas Metropolitanas  (Secretaria)<br \/>\nAtenci\u00f3n a Grupos Vulnerables  (Secretaria)<br \/>\nPara la Igualdad de G\u00e9nero  (Coordinadora)<\/p>\n<p><strong>Comisiones y Comit\u00e9s Especiales a las que pertenece<\/strong><\/p>\n<p><strong>Comisiones:<\/strong><br \/>\nEstudio de la problem\u00e1tica asociada a la obesidad por el consumo de bebidas y alimentos hipocal\u00f3ricos.<\/p>\n","protected":false},"excerpt":{"rendered":"<p>Curr\u00edculum Comisiones y Comit\u00e9s a las que pertenece Comisiones: Educaci\u00f3n, Cultura y Actividades C\u00edvicas Deporte y Juventud Asuntos Municipales y Zonas Metropolitanas (Secretaria) Atenci\u00f3n a Grupos Vulnerables (Secretaria) Para la Igualdad de G\u00e9nero (Coordinadora) Comisiones y Comit\u00e9s Especiales a las que pertenece Comisiones: Estudio de la problem\u00e1tica asociada a la obesidad por el consumo de [&hellip;]<\/p>\n","protected":false},"author":3,"featured_media":0,"parent":0,"menu_order":0,"comment_status":"closed","ping_status":"closed","template":"","meta":{"footnotes":""},"categories":[],"tags":[],"class_list":["post-3758","page","type-page","status-publish","hentry"],"_links":{"self":[{"href":"https:\/\/www.congresocoahuila.gob.mx\/portal\/wp-json\/wp\/v2\/pages\/3758","targetHints":{"allow":["GET"]}}],"collection":[{"href":"https:\/\/www.congresocoahuila.gob.mx\/portal\/wp-json\/wp\/v2\/pages"}],"about":[{"href":"https:\/\/www.congresocoahuila.gob.mx\/portal\/wp-json\/wp\/v2\/types\/page"}],"author":[{"embeddable":true,"href":"https:\/\/www.congresocoahuila.gob.mx\/portal\/wp-json\/wp\/v2\/users\/3"}],"replies":[{"embeddable":true,"href":"https:\/\/www.congresocoahuila.gob.mx\/portal\/wp-json\/wp\/v2\/comments?post=3758"}],"version-history":[{"count":0,"href":"https:\/\/www.congresocoahuila.gob.mx\/portal\/wp-json\/wp\/v2\/pages\/3758\/revisions"}],"wp:attachment":[{"href":"https:\/\/www.congresocoahuila.gob.mx\/portal\/wp-json\/wp\/v2\/media?parent=3758"}],"wp:term":[{"taxonomy":"category","embeddable":true,"href":"https:\/\/www.congresocoahuila.gob.mx\/portal\/wp-json\/wp\/v2\/categories?post=3758"},{"taxonomy":"post_tag","embeddable":true,"href":"https:\/\/www.congresocoahuila.gob.mx\/portal\/wp-json\/wp\/v2\/tags?post=3758"}],"curies":[{"name":"wp","href":"https:\/\/api.w.org\/{rel}","templated":true}]}}