{"id":37686,"date":"2020-04-23T08:41:55","date_gmt":"2020-04-23T13:41:55","guid":{"rendered":"http:\/\/congresocoahuila.gob.mx\/portal\/?page_id=37686"},"modified":"2021-01-13T13:09:58","modified_gmt":"2021-01-13T19:09:58","slug":"juan-carlos-guerra-lopez-negrete-2020","status":"publish","type":"page","link":"https:\/\/www.congresocoahuila.gob.mx\/portal\/juan-carlos-guerra-lopez-negrete-2020\/","title":{"rendered":"JUAN CARLOS GUERRA L\u00d3PEZ NEGRETE 2020"},"content":{"rendered":"<table border=\"0\" width=\"459\" cellspacing=\"0\" cellpadding=\"0\">\n<tbody>\n<tr>\n<td style=\"width: 122px;\" bgcolor=\"#FFFFFF\" width=\"165\">\n<h3>&nbsp;<img loading=\"lazy\" decoding=\"async\" class=\"alignnone size-full wp-image-12000\" src=\"http:\/\/congresocoahuila.gob.mx\/portal\/wp-content\/uploads\/2014\/12\/14-4.jpg\" alt=\"_MG_7889_icono\" width=\"218\" height=\"266\"><\/h3>\n<p style=\"text-align: center;\"><strong>&nbsp;<\/strong><\/p>\n<\/td>\n<td style=\"text-align: left; width: 335px;\" valign=\"middle\" bgcolor=\"#FFFFFF\" width=\"425\">\n<p><strong><b>GESTIONES 2020<\/b><\/strong><\/p>\n<p><a style=\"font-family: inherit; font-weight: inherit;\" href=\"https:\/\/congresocoahuila.gob.mx\/transparencia\/ART\/26\/13\/INF\/2020\/ENERO\/DIP_JUAN_CARLOS_GUERRA_ENERO.docx\">Enero<\/a><br><a href=\"https:\/\/congresocoahuila.gob.mx\/transparencia\/ART\/26\/13\/INF\/2020\/FEBRERO\/DIP_JUAN_CARLOS_GUERRA_FEBRERO.docx\">Febrero<\/a><br><a href=\"https:\/\/congresocoahuila.gob.mx\/transparencia\/ART\/26\/13\/INF\/MARZO\/DIP_JUAN_CARLOS_GUERRA.docx\">Marzo<\/a><br><a href=\"https:\/\/congresocoahuila.gob.mx\/transparencia\/ART\/26\/13\/INF\/2020\/ABRIL\/DIP_JUAN_CARLOS_GUERRA_ABRIL.docx\">Abril<\/a><br><a href=\"https:\/\/congresocoahuila.gob.mx\/transparencia\/ART\/26\/13\/INF\/2020\/MAYO\/DIP_JUAN_CARLOS_GUERRA_MAYO.docx\">Mayo<\/a><br><a href=\"https:\/\/congresocoahuila.gob.mx\/transparencia\/ART\/26\/13\/INF\/2020\/JUNIO\/DIP_JUAN_CARLOS_GUERRA_JUNIO.docx\">Junio<\/a><br><a href=\"https:\/\/congresocoahuila.gob.mx\/transparencia\/ART\/26\/13\/INF\/2020\/JULIO\/DIP_JUAN_CARLOS_GUERRA_JULIO.docx\">Julio<\/a><br><a href=\"https:\/\/congresocoahuila.gob.mx\/transparencia\/ART\/26\/13\/INF\/2020\/AGOSTO\/DIP_JUAN_CARLOS_GUERRA_AGOSTO.docx\">Agosto<\/a><br><a href=\"https:\/\/congresocoahuila.gob.mx\/transparencia\/ART\/26\/13\/INF\/2020\/SEPTIEMBRE\/DIP_JUAN_CARLOS_GUERRA_SEPTIEMBRE.docx\">Septiembre<\/a><br><a href=\"https:\/\/congresocoahuila.gob.mx\/transparencia\/ART\/26\/13\/INF\/2020\/OCTUBRE\/DIP_JUAN_CARLOS_GUERRA_OCTUBRE.docx\">Octubre<\/a><br><a href=\"https:\/\/congresocoahuila.gob.mx\/transparencia\/ART\/26\/13\/INF\/2020\/NOVIEMBRE\/DIP_JUAN_CARLOS_GUERRA_NOVIEMBRE.docx\">Noviembre<\/a><br><a href=\"https:\/\/congresocoahuila.gob.mx\/transparencia\/ART\/26\/13\/INF\/2020\/DICIEMBRE\/DIP_JUAN_CARLOS_GUERRA_DICIEMBRE.docx\">Diciembre<\/a><a><br><\/a><\/p>\n<\/td>\n<\/tr>\n<\/tbody>\n<\/table>\n\n\n<p><strong>Direcci\u00f3n Casa de Gesti\u00f3n:<\/strong> <br>Edificio Miguel Ramos Arizpe, 2da planta. Blvd. Coss y Acu\u00f1a s\/n, Zona Centro, Saltillo, Coahuila. <\/p>\n","protected":false},"excerpt":{"rendered":"<p>&nbsp; &nbsp; GESTIONES 2020 EneroFebreroMarzoAbrilMayoJunioJulioAgostoSeptiembreOctubreNoviembreDiciembre Direcci\u00f3n Casa de Gesti\u00f3n: Edificio Miguel Ramos Arizpe, 2da planta. Blvd. Coss y Acu\u00f1a s\/n, Zona Centro, Saltillo, Coahuila.<\/p>\n","protected":false},"author":6,"featured_media":0,"parent":0,"menu_order":0,"comment_status":"closed","ping_status":"closed","template":"","meta":{"footnotes":""},"categories":[],"tags":[],"class_list":["post-37686","page","type-page","status-publish","hentry"],"_links":{"self":[{"href":"https:\/\/www.congresocoahuila.gob.mx\/portal\/wp-json\/wp\/v2\/pages\/37686","targetHints":{"allow":["GET"]}}],"collection":[{"href":"https:\/\/www.congresocoahuila.gob.mx\/portal\/wp-json\/wp\/v2\/pages"}],"about":[{"href":"https:\/\/www.congresocoahuila.gob.mx\/portal\/wp-json\/wp\/v2\/types\/page"}],"author":[{"embeddable":true,"href":"https:\/\/www.congresocoahuila.gob.mx\/portal\/wp-json\/wp\/v2\/users\/6"}],"replies":[{"embeddable":true,"href":"https:\/\/www.congresocoahuila.gob.mx\/portal\/wp-json\/wp\/v2\/comments?post=37686"}],"version-history":[{"count":7,"href":"https:\/\/www.congresocoahuila.gob.mx\/portal\/wp-json\/wp\/v2\/pages\/37686\/revisions"}],"predecessor-version":[{"id":39937,"href":"https:\/\/www.congresocoahuila.gob.mx\/portal\/wp-json\/wp\/v2\/pages\/37686\/revisions\/39937"}],"wp:attachment":[{"href":"https:\/\/www.congresocoahuila.gob.mx\/portal\/wp-json\/wp\/v2\/media?parent=37686"}],"wp:term":[{"taxonomy":"category","embeddable":true,"href":"https:\/\/www.congresocoahuila.gob.mx\/portal\/wp-json\/wp\/v2\/categories?post=37686"},{"taxonomy":"post_tag","embeddable":true,"href":"https:\/\/www.congresocoahuila.gob.mx\/portal\/wp-json\/wp\/v2\/tags?post=37686"}],"curies":[{"name":"wp","href":"https:\/\/api.w.org\/{rel}","templated":true}]}}