{"id":37709,"date":"2020-05-04T11:02:40","date_gmt":"2020-05-04T16:02:40","guid":{"rendered":"http:\/\/congresocoahuila.gob.mx\/portal\/?page_id=37709"},"modified":"2021-01-06T13:18:01","modified_gmt":"2021-01-06T19:18:01","slug":"fernando-izaguirre-valdes-2020","status":"publish","type":"page","link":"https:\/\/www.congresocoahuila.gob.mx\/portal\/fernando-izaguirre-valdes-2020\/","title":{"rendered":"Fernando Izaguirre Vald\u00e9s 2020"},"content":{"rendered":"<p><a>\u00a0<\/a><\/p>\n<table border=\"0\" width=\"459\" cellspacing=\"0\" cellpadding=\"0\">\n<tbody>\n<tr>\n<td bgcolor=\"#FFFFFF\" width=\"165\">\n<h3>\u00a0<img loading=\"lazy\" decoding=\"async\" class=\"alignnone size-full wp-image-11998\" src=\"http:\/\/congresocoahuila.gob.mx\/portal\/wp-content\/uploads\/2014\/12\/09-2.jpg\" alt=\"_MG_7852_icono\" width=\"218\" height=\"266\" \/><\/h3>\n<p style=\"text-align: center;\">\n<\/td>\n<td style=\"width: 425px; text-align: left;\" valign=\"middle\" bgcolor=\"#FFFFFF\" width=\"425\">\n<p style=\"text-align: left;\"><strong><b>GESTIONES 2020<\/b><br \/>\n<\/strong><a href=\"https:\/\/congresocoahuila.gob.mx\/transparencia\/ART\/26\/13\/INF\/2020\/ENERO\/DIP_FERNANDO_IZAGUIRRE_ENERO.docx\">Enero<\/a><br \/>\n<a href=\"https:\/\/congresocoahuila.gob.mx\/transparencia\/ART\/26\/13\/INF\/2020\/FEBRERO\/DIP_FERNANDO_IZAGUIRRE_FEBRERO.docx\">Febrero<\/a><br \/>\n<a href=\"https:\/\/congresocoahuila.gob.mx\/transparencia\/ART\/26\/13\/INF\/2020\/MARZO\/DIP_FERNANDO_IZAGUIRRE_MARZO.docx\">Marzo<\/a><br \/>\n<a href=\"https:\/\/congresocoahuila.gob.mx\/transparencia\/ART\/26\/13\/INF\/2020\/ABRIL\/DIP_FERNANDO_IZAGUIRRE_ABRIL.docx\">Abril<\/a><br \/>\n<a href=\"https:\/\/congresocoahuila.gob.mx\/transparencia\/ART\/26\/13\/INF\/2020\/ABRIL\/DIP_FERNANDO_IZAGUIRRE_MAYO.docx\">Mayo<\/a><br \/>\n<a href=\"https:\/\/congresocoahuila.gob.mx\/transparencia\/ART\/26\/13\/INF\/2020\/ABRIL\/DIP_FERNANDO_IZAGUIRRE_JUNIO.docx\">Junio<\/a><br \/>\n<a href=\"https:\/\/congresocoahuila.gob.mx\/transparencia\/ART\/26\/13\/INF\/2020\/JULIO\/DIP_FERNANDO_IZAGUIRRE_JULIO.docx\">Julio<\/a><br \/>\n<a href=\"https:\/\/congresocoahuila.gob.mx\/transparencia\/ART\/26\/13\/INF\/2020\/AGOSTO\/DIP_FERNANDO_IZAGUIRRE_AGOSTO.docx\">Agosto<\/a><br \/>\n<a href=\"https:\/\/congresocoahuila.gob.mx\/transparencia\/ART\/26\/13\/INF\/2020\/SEPTIEMBRE\/DIP_FERNANDO_IZAGUIRRE_SEPTIEMBRE.docx\">Septiembre<\/a><br \/>\n<a href=\"https:\/\/congresocoahuila.gob.mx\/transparencia\/ART\/26\/13\/INF\/2020\/OCTUBRE\/DIP_FERNANDO_IZAGUIRRE_OCTUBRE.docx\">Octubre<\/a><br \/>\n<a href=\"https:\/\/congresocoahuila.gob.mx\/transparencia\/ART\/26\/13\/INF\/2020\/NOVIEMBRE\/DIP_FERNANDO_IZAGUIRRE_NOVIEMBRE.docx\">Noviembre<\/a><br \/>\n<a href=\"https:\/\/congresocoahuila.gob.mx\/transparencia\/ART\/26\/13\/INF\/2020\/DICIEMBRE\/DIP_FERNANDO_IZAGUIRRE_DICIEMBRE.docx\">Diciembre<\/a><\/p>\n<\/td>\n<\/tr>\n<\/tbody>\n<\/table>\n<p><strong>Direcci\u00f3n Casa de Gesti\u00f3n:<\/strong><br \/>\nAve. Hidalgo, N\u00fam. 87, Zona Centro, C.P.27000, Torre\u00f3n, Coahuila<\/p>\n","protected":false},"excerpt":{"rendered":"<p>\u00a0 \u00a0 GESTIONES 2020 Enero Febrero Marzo Abril Mayo Junio Julio Agosto Septiembre Octubre Noviembre Diciembre Direcci\u00f3n Casa de Gesti\u00f3n: Ave. Hidalgo, N\u00fam. 87, Zona Centro, C.P.27000, Torre\u00f3n, Coahuila<\/p>\n","protected":false},"author":6,"featured_media":0,"parent":0,"menu_order":0,"comment_status":"closed","ping_status":"closed","template":"","meta":{"footnotes":""},"categories":[],"tags":[],"class_list":["post-37709","page","type-page","status-publish","hentry"],"_links":{"self":[{"href":"https:\/\/www.congresocoahuila.gob.mx\/portal\/wp-json\/wp\/v2\/pages\/37709","targetHints":{"allow":["GET"]}}],"collection":[{"href":"https:\/\/www.congresocoahuila.gob.mx\/portal\/wp-json\/wp\/v2\/pages"}],"about":[{"href":"https:\/\/www.congresocoahuila.gob.mx\/portal\/wp-json\/wp\/v2\/types\/page"}],"author":[{"embeddable":true,"href":"https:\/\/www.congresocoahuila.gob.mx\/portal\/wp-json\/wp\/v2\/users\/6"}],"replies":[{"embeddable":true,"href":"https:\/\/www.congresocoahuila.gob.mx\/portal\/wp-json\/wp\/v2\/comments?post=37709"}],"version-history":[{"count":8,"href":"https:\/\/www.congresocoahuila.gob.mx\/portal\/wp-json\/wp\/v2\/pages\/37709\/revisions"}],"predecessor-version":[{"id":39585,"href":"https:\/\/www.congresocoahuila.gob.mx\/portal\/wp-json\/wp\/v2\/pages\/37709\/revisions\/39585"}],"wp:attachment":[{"href":"https:\/\/www.congresocoahuila.gob.mx\/portal\/wp-json\/wp\/v2\/media?parent=37709"}],"wp:term":[{"taxonomy":"category","embeddable":true,"href":"https:\/\/www.congresocoahuila.gob.mx\/portal\/wp-json\/wp\/v2\/categories?post=37709"},{"taxonomy":"post_tag","embeddable":true,"href":"https:\/\/www.congresocoahuila.gob.mx\/portal\/wp-json\/wp\/v2\/tags?post=37709"}],"curies":[{"name":"wp","href":"https:\/\/api.w.org\/{rel}","templated":true}]}}