{"id":37720,"date":"2020-05-04T11:17:34","date_gmt":"2020-05-04T16:17:34","guid":{"rendered":"http:\/\/congresocoahuila.gob.mx\/portal\/?page_id=37720"},"modified":"2020-12-20T16:49:45","modified_gmt":"2020-12-20T22:49:45","slug":"gabriela-zapopan-garza-galvan-2020","status":"publish","type":"page","link":"https:\/\/www.congresocoahuila.gob.mx\/portal\/gabriela-zapopan-garza-galvan-2020\/","title":{"rendered":"Gabriela Zapopan Garza Galv\u00e1n 2020"},"content":{"rendered":"<table border=\"0\" width=\"459\" cellspacing=\"0\" cellpadding=\"0\">\n<tbody>\n<tr>\n<td bgcolor=\"#FFFFFF\" width=\"165\">\n<h3>\u00a0<a href=\"http:\/\/congresocoahuila.gob.mx\/portal\/wp-content\/uploads\/2014\/12\/Sergio_Garza_Castillo1.jpg\"><img loading=\"lazy\" decoding=\"async\" class=\"alignnone wp-image-15936 size-full\" src=\"http:\/\/congresocoahuila.gob.mx\/portal\/wp-content\/uploads\/2014\/12\/21-1.jpg\" alt=\"\" width=\"218\" height=\"266\" \/><\/a><\/h3>\n<p style=\"text-align: center;\"><strong>\u00a0<\/strong><\/p>\n<\/td>\n<td style=\"text-align: left;\" valign=\"middle\" bgcolor=\"#FFFFFF\" width=\"425\">\n<div><strong><b>GESTIONES 2020<\/b><br \/>\n<\/strong><a href=\"https:\/\/congresocoahuila.gob.mx\/transparencia\/ART\/26\/13\/INF\/2020\/ENERO\/DIP_GABRIELA_ZAPOPAN_GARZA_ENERO.docx\">Enero<\/a><\/div>\n<div><a href=\"https:\/\/congresocoahuila.gob.mx\/transparencia\/ART\/26\/13\/INF\/2020\/FEBRERO\/DIP_GABRIELA_ZAPOPAN_GARZA_FEBRERO.docx\">Febrero<\/a><\/div>\n<div><a href=\"https:\/\/congresocoahuila.gob.mx\/transparencia\/ART\/26\/13\/INF\/2020\/MARZO\/DIP_GABRIELA_ZAPOPAN_GARZA_MARZO.docx\">Marzo<\/a><\/div>\n<div><a href=\"https:\/\/congresocoahuila.gob.mx\/transparencia\/ART\/26\/13\/INF\/2020\/ABRIL\/DIP_GABRIELA_ZAPOPAN_GARZA_ABRIL.docx\">Abril<\/a><\/div>\n<div><a href=\"https:\/\/congresocoahuila.gob.mx\/transparencia\/ART\/26\/13\/INF\/2020\/MAYO\/DIP_GABRIELA_ZAPOPAN_GARZA_MAYO.docx\">Mayo<\/a><\/div>\n<div><a href=\"https:\/\/congresocoahuila.gob.mx\/transparencia\/ART\/26\/13\/INF\/2020\/JUNIO\/DIP_GABRIELA_ZAPOPAN_GARZA_JUNIO.docx\">Junio<\/a><\/div>\n<div><a href=\"https:\/\/congresocoahuila.gob.mx\/transparencia\/ART\/26\/13\/INF\/2020\/JULIO\/DIP_GABRIELA_ZAPOPAN_GARZA_JULIO.docx\">Julio<\/a><\/div>\n<div><a href=\"https:\/\/congresocoahuila.gob.mx\/transparencia\/ART\/26\/13\/INF\/2020\/AGOSTO\/DIP_GABRIELA_ZAPOPAN_GARZA_AGOSTO.docx\">Agosto<\/a><\/div>\n<div><a href=\"https:\/\/congresocoahuila.gob.mx\/transparencia\/ART\/26\/13\/INF\/2020\/SEPTIEMBRE\/DIP_GABRIELA_ZAPOPAN_GARZA_SEPTIEMBRE.docx\">Septiembre<\/a><\/div>\n<div><a href=\"https:\/\/congresocoahuila.gob.mx\/transparencia\/ART\/26\/13\/INF\/2020\/OCTUBRE\/DIP_GABRIELA_ZAPOPAN_GARZA_OCTUBRE.docx\">Octubre<\/a><\/div>\n<div><a href=\"https:\/\/congresocoahuila.gob.mx\/transparencia\/ART\/26\/13\/INF\/2020\/NOVIEMBRE\/DIP_GABRIELA_ZAPOPAN_GARZA_NOVIEMBRE.docx\">Noviembre<\/a><\/div>\n<div><a href=\"https:\/\/congresocoahuila.gob.mx\/transparencia\/ART\/26\/13\/INF\/2020\/DICIEMBRE\/DIP_GABRIELA_ZAPOPAN_GARZA_DICIEMBRE.docx\">Diciembre<\/a><\/div>\n<p><strong>\u00a0<\/strong><\/p>\n<p style=\"text-align: left;\"><strong>\u00a0<\/strong><\/p>\n<\/td>\n<\/tr>\n<\/tbody>\n<\/table>\n<p><strong>Direcci\u00f3n Casa de Gesti\u00f3n:<\/strong><br \/>\nCalle Zaragoza, N\u00fam 313, Zona Centro, C.P. 25270, Monclova, Coahuila.<\/p>\n","protected":false},"excerpt":{"rendered":"<p>\u00a0 \u00a0 GESTIONES 2020 Enero Febrero Marzo Abril Mayo Junio Julio Agosto Septiembre Octubre Noviembre Diciembre \u00a0 \u00a0 Direcci\u00f3n Casa de Gesti\u00f3n: Calle Zaragoza, N\u00fam 313, Zona Centro, C.P. 25270, Monclova, Coahuila.<\/p>\n","protected":false},"author":6,"featured_media":0,"parent":0,"menu_order":0,"comment_status":"closed","ping_status":"closed","template":"","meta":{"footnotes":""},"categories":[],"tags":[],"class_list":["post-37720","page","type-page","status-publish","hentry"],"_links":{"self":[{"href":"https:\/\/www.congresocoahuila.gob.mx\/portal\/wp-json\/wp\/v2\/pages\/37720","targetHints":{"allow":["GET"]}}],"collection":[{"href":"https:\/\/www.congresocoahuila.gob.mx\/portal\/wp-json\/wp\/v2\/pages"}],"about":[{"href":"https:\/\/www.congresocoahuila.gob.mx\/portal\/wp-json\/wp\/v2\/types\/page"}],"author":[{"embeddable":true,"href":"https:\/\/www.congresocoahuila.gob.mx\/portal\/wp-json\/wp\/v2\/users\/6"}],"replies":[{"embeddable":true,"href":"https:\/\/www.congresocoahuila.gob.mx\/portal\/wp-json\/wp\/v2\/comments?post=37720"}],"version-history":[{"count":14,"href":"https:\/\/www.congresocoahuila.gob.mx\/portal\/wp-json\/wp\/v2\/pages\/37720\/revisions"}],"predecessor-version":[{"id":39421,"href":"https:\/\/www.congresocoahuila.gob.mx\/portal\/wp-json\/wp\/v2\/pages\/37720\/revisions\/39421"}],"wp:attachment":[{"href":"https:\/\/www.congresocoahuila.gob.mx\/portal\/wp-json\/wp\/v2\/media?parent=37720"}],"wp:term":[{"taxonomy":"category","embeddable":true,"href":"https:\/\/www.congresocoahuila.gob.mx\/portal\/wp-json\/wp\/v2\/categories?post=37720"},{"taxonomy":"post_tag","embeddable":true,"href":"https:\/\/www.congresocoahuila.gob.mx\/portal\/wp-json\/wp\/v2\/tags?post=37720"}],"curies":[{"name":"wp","href":"https:\/\/api.w.org\/{rel}","templated":true}]}}