{"id":3792,"date":"2014-11-25T14:21:40","date_gmt":"2014-11-25T20:21:40","guid":{"rendered":"http:\/\/www.congresocoahuila.gob.mx\/portal\/?page_id=3792"},"modified":"2022-07-05T09:02:07","modified_gmt":"2022-07-05T14:02:07","slug":"articulo-26-viii","status":"publish","type":"page","link":"https:\/\/www.congresocoahuila.gob.mx\/portal\/articulo-26-viii\/","title":{"rendered":"ART\u00cdCULO 26-VIII"},"content":{"rendered":"<p style=\"text-align: justify;\"><strong>Fecha de Actualizaci\u00f3n:<\/strong> 1 de julio de 2022.<br \/>\n<strong>Responsable de la Informaci\u00f3n:\u00a0<\/strong>Lic. Gerardo Blanco Guerra,<br \/>\nOficial Mayor del H. Congreso del Estado de Coahuila.<\/p>\n<p style=\"text-align: justify;\">Fecha de actualizaci\u00f3n de Diario de los Debates: La presente fracci\u00f3n se actualiza, atento a lo que disponen los Art\u00edculos 247 al 252\u00a0de la Ley Org\u00e1nica del Congreso, que disponen la publicaci\u00f3n del Diario de los Debates al termino de cada sesi\u00f3n, por lo que la presente p\u00e1gina se actualiza una vez que las \u00e1reas t\u00e9cnico administrativas concluyen la labor de transcripci\u00f3n de la sesi\u00f3n correspondiente, para su publicaci\u00f3n en Internet.<\/p>\n<p><strong>DIARIO DE LOS DEBATES<\/strong><br \/>\n<a href=\"http:\/\/congresocoahuila.gob.mx\/portal\/debates-2021-2023\">Diario de los Debates LXI Legislatura 2021-2023<\/a><br \/>\n<a href=\"http:\/\/congresocoahuila.gob.mx\/portal\/debates-2018-2020\">Diario de los Debates LXI Legislatura 2018-2020<\/a><br \/>\n<a title=\"ART\u00cdCULO 21-XXIII-DEBATES-2015-2017\" href=\"http:\/\/congresocoahuila.gob.mx\/portal\/?page_id=12357\">Diario de los Debates LX Legislatura 2015-2017<\/a><br \/>\n<a title=\"ART\u00cdCULO 21-XXIII-DEBATES-2012-2014\" href=\"http:\/\/www.congresocoahuila.gob.mx\/portal?page_id=1516\">Diario de los Debates LIX Legislatura 2012-2014<\/a><br \/>\n<a title=\"ART\u00cdCULO 21-XXIII-DEBATES-2009-2011\" href=\"http:\/\/congresocoahuila.gob.mx\/portal\/?page_id=3054\">Diario de los Debates LVIII Legislatura 2009-2011<\/a><br \/>\n<a href=\"http:\/\/congresocoahuila.gob.mx\/portal\/?page_id=3834\">Diario de los Debates LVII Legislatura 2006-2008<\/a><br \/>\n<a href=\"http:\/\/congresocoahuila.gob.mx\/portal\/?page_id=7101\">Diario de los Debates LVI Legislatura 2003-2005<\/a><\/p>\n<p><strong>GACETA PARLAMENTARIA<\/strong><br \/>\n<a href=\"http:\/\/congresocoahuila.gob.mx\/portal\/gaceta-parlamentaria-lxii-legislatura\">Gaceta Parlamentaria LXII Legislatura del Congreso del Estado 2021-2023<\/a><br \/>\n<a href=\"http:\/\/congresocoahuila.gob.mx\/portal\/gaceta-parlamentaria-lxi-legislatura\">Gaceta Parlamentaria LXI Legislatura del Congreso del Estado 2018-2020<\/a><br \/>\n<a title=\"GACETA PARLAMENTARIA LX\" href=\"http:\/\/congresocoahuila.gob.mx\/portal\/?page_id=10623\">Gaceta Parlamentaria LX Legislatura del Congreso del Estado 2015-2017\u00a0<\/a><br \/>\n<a title=\"GACETA PARLAMENTARIA\" href=\"http:\/\/congresocoahuila.gob.mx\/portal\/?page_id=10621\">Gaceta Parlamentaria LIX Legislatura del Congreso del Estado 2012-2014 <\/a><br \/>\n<a href=\"http:\/\/congresocoahuila.gob.mx\/portal\/?page_id=10405\">Gaceta Parlamentaria LVIII Legislatura del Congreso del Estado 2009-2011<\/a><\/p>\n","protected":false},"excerpt":{"rendered":"<p>Fecha de Actualizaci\u00f3n: 1 de julio de 2022. Responsable de la Informaci\u00f3n:\u00a0Lic. Gerardo Blanco Guerra, Oficial Mayor del H. Congreso del Estado de Coahuila. Fecha de actualizaci\u00f3n de Diario de los Debates: La presente fracci\u00f3n se actualiza, atento a lo que disponen los Art\u00edculos 247 al 252\u00a0de la Ley Org\u00e1nica del Congreso, que disponen la [&hellip;]<\/p>\n","protected":false},"author":3,"featured_media":0,"parent":0,"menu_order":0,"comment_status":"closed","ping_status":"closed","template":"","meta":{"footnotes":""},"categories":[],"tags":[],"class_list":["post-3792","page","type-page","status-publish","hentry"],"_links":{"self":[{"href":"https:\/\/www.congresocoahuila.gob.mx\/portal\/wp-json\/wp\/v2\/pages\/3792","targetHints":{"allow":["GET"]}}],"collection":[{"href":"https:\/\/www.congresocoahuila.gob.mx\/portal\/wp-json\/wp\/v2\/pages"}],"about":[{"href":"https:\/\/www.congresocoahuila.gob.mx\/portal\/wp-json\/wp\/v2\/types\/page"}],"author":[{"embeddable":true,"href":"https:\/\/www.congresocoahuila.gob.mx\/portal\/wp-json\/wp\/v2\/users\/3"}],"replies":[{"embeddable":true,"href":"https:\/\/www.congresocoahuila.gob.mx\/portal\/wp-json\/wp\/v2\/comments?post=3792"}],"version-history":[{"count":60,"href":"https:\/\/www.congresocoahuila.gob.mx\/portal\/wp-json\/wp\/v2\/pages\/3792\/revisions"}],"predecessor-version":[{"id":43831,"href":"https:\/\/www.congresocoahuila.gob.mx\/portal\/wp-json\/wp\/v2\/pages\/3792\/revisions\/43831"}],"wp:attachment":[{"href":"https:\/\/www.congresocoahuila.gob.mx\/portal\/wp-json\/wp\/v2\/media?parent=3792"}],"wp:term":[{"taxonomy":"category","embeddable":true,"href":"https:\/\/www.congresocoahuila.gob.mx\/portal\/wp-json\/wp\/v2\/categories?post=3792"},{"taxonomy":"post_tag","embeddable":true,"href":"https:\/\/www.congresocoahuila.gob.mx\/portal\/wp-json\/wp\/v2\/tags?post=3792"}],"curies":[{"name":"wp","href":"https:\/\/api.w.org\/{rel}","templated":true}]}}