{"id":38290,"date":"2020-07-03T16:14:24","date_gmt":"2020-07-03T21:14:24","guid":{"rendered":"http:\/\/congresocoahuila.gob.mx\/portal\/?page_id=38290"},"modified":"2020-09-14T11:47:51","modified_gmt":"2020-09-14T16:47:51","slug":"21-52-2020","status":"publish","type":"page","link":"https:\/\/www.congresocoahuila.gob.mx\/portal\/21-52-2020\/","title":{"rendered":"21.52 2020"},"content":{"rendered":"\n<p><a href=\"https:\/\/congresocoahuila.gob.mx\/transparencia\/ART\/21\/25\/2020\/INFORME_2020.docx\">Informe de Comisi\u00f3n<\/a><\/p>\n\n\n\n<p><a href=\"https:\/\/congresocoahuila.gob.mx\/transparencia\/ART\/21\/52\/APOYOS\/ASOC_SORDOS.pdf\">Asociaci\u00f3n de Sordos e Int\u00e9rpretes de la Laguna<\/a><\/p>\n\n\n\n<p><a href=\"https:\/\/congresocoahuila.gob.mx\/transparencia\/ART\/21\/52\/APOYOS\/ASOC_ARCHIVISTAS.pdf\">Asociaci\u00f3n Coahuilense de Archivistas, A.C.<\/a><\/p>\n\n\n\n<p><a href=\"https:\/\/congresocoahuila.gob.mx\/transparencia\/ART\/21\/52\/APOYOS\/CARRERA_ACUNA.pdf\">Acu\u00f1a Mountain Bike<\/a><\/p>\n\n\n\n<p><a href=\"https:\/\/congresocoahuila.gob.mx\/transparencia\/ART\/21\/52\/APOYOS\/SECTOR_SALUD.pdf\">Sector Salud&nbsp;<\/a><\/p>\n","protected":false},"excerpt":{"rendered":"<p>Informe de Comisi\u00f3n Asociaci\u00f3n de Sordos e Int\u00e9rpretes de la Laguna Asociaci\u00f3n Coahuilense de Archivistas, A.C. Acu\u00f1a Mountain Bike Sector Salud&nbsp;<\/p>\n","protected":false},"author":6,"featured_media":0,"parent":0,"menu_order":0,"comment_status":"closed","ping_status":"closed","template":"","meta":{"footnotes":""},"categories":[],"tags":[],"class_list":["post-38290","page","type-page","status-publish","hentry"],"_links":{"self":[{"href":"https:\/\/www.congresocoahuila.gob.mx\/portal\/wp-json\/wp\/v2\/pages\/38290","targetHints":{"allow":["GET"]}}],"collection":[{"href":"https:\/\/www.congresocoahuila.gob.mx\/portal\/wp-json\/wp\/v2\/pages"}],"about":[{"href":"https:\/\/www.congresocoahuila.gob.mx\/portal\/wp-json\/wp\/v2\/types\/page"}],"author":[{"embeddable":true,"href":"https:\/\/www.congresocoahuila.gob.mx\/portal\/wp-json\/wp\/v2\/users\/6"}],"replies":[{"embeddable":true,"href":"https:\/\/www.congresocoahuila.gob.mx\/portal\/wp-json\/wp\/v2\/comments?post=38290"}],"version-history":[{"count":6,"href":"https:\/\/www.congresocoahuila.gob.mx\/portal\/wp-json\/wp\/v2\/pages\/38290\/revisions"}],"predecessor-version":[{"id":38824,"href":"https:\/\/www.congresocoahuila.gob.mx\/portal\/wp-json\/wp\/v2\/pages\/38290\/revisions\/38824"}],"wp:attachment":[{"href":"https:\/\/www.congresocoahuila.gob.mx\/portal\/wp-json\/wp\/v2\/media?parent=38290"}],"wp:term":[{"taxonomy":"category","embeddable":true,"href":"https:\/\/www.congresocoahuila.gob.mx\/portal\/wp-json\/wp\/v2\/categories?post=38290"},{"taxonomy":"post_tag","embeddable":true,"href":"https:\/\/www.congresocoahuila.gob.mx\/portal\/wp-json\/wp\/v2\/tags?post=38290"}],"curies":[{"name":"wp","href":"https:\/\/api.w.org\/{rel}","templated":true}]}}