{"id":38307,"date":"2020-07-07T13:43:54","date_gmt":"2020-07-07T18:43:54","guid":{"rendered":"http:\/\/congresocoahuila.gob.mx\/portal\/?page_id=38307"},"modified":"2020-07-07T14:49:47","modified_gmt":"2020-07-07T19:49:47","slug":"segundo-periodo-de-la-diputacion-permanente-del-tercer-ano-de-ejercicio-constitucional-de-la-lxi-legislatura-2020","status":"publish","type":"page","link":"https:\/\/www.congresocoahuila.gob.mx\/portal\/segundo-periodo-de-la-diputacion-permanente-del-tercer-ano-de-ejercicio-constitucional-de-la-lxi-legislatura-2020\/","title":{"rendered":"SEGUNDO PER\u00cdODO DE LA DIPUTACI\u00d3N PERMANENTE DEL TERCER A\u00d1O DE EJERCICIO CONSTITUCIONAL DE LA LXI LEGISLATURA 2020"},"content":{"rendered":"<table style=\"height: 268px;\" width=\"557\">\n<tbody>\n<tr style=\"height: 35px;\">\n<td style=\"text-align: left; height: 35px; width: 244px;\"><b>Presidenta:\u00a0<\/b>Dip. Zulmma Verenice Guerrero C\u00e1zares.<\/td>\n<td style=\"width: 305px; text-align: left;\"><b>Suplente:\u00a0<\/b>Dip.\u00a0Emilio Alejando de Hoyos Montemayor.<\/td>\n<\/tr>\n<tr style=\"height: 35px;\">\n<td style=\"text-align: left; height: 35px; width: 244px;\"><b>Vicepresidente:\u00a0<\/b>Dip. Gabriela Zapopan Garza Galv\u00e1n.<\/td>\n<td style=\"width: 305px; text-align: left;\"><b>Suplente:\u00a0<\/b>Dip. Rosa Nilda Gonz\u00e1lez Noriega.<\/td>\n<\/tr>\n<tr style=\"height: 36px;\">\n<td style=\"text-align: left; height: 36px; width: 244px;\"><b>Secretaria:\u00a0<\/b>Dip. Mar\u00eda del Rosario Contreras P\u00e9rez. *<\/td>\n<td style=\"width: 305px; text-align: left;\"><b>Suplente:\u00a0<\/b>Dip. Diana Patricia Gonz\u00e1lez Soto.<\/td>\n<\/tr>\n<tr style=\"height: 36px;\">\n<td style=\"text-align: left; height: 36px; width: 244px;\"><b>Secretario:\u00a0<\/b>Dip. Jes\u00fas Berino Granados.<\/td>\n<td style=\"width: 305px; text-align: left;\"><b>Suplente:\u00a0<\/b>Dip. Josefina Garza Barrera.<\/td>\n<\/tr>\n<tr style=\"height: 36px;\">\n<td style=\"text-align: left; height: 36px; width: 244px;\"><b>Vocal:\u00a0<\/b>Dip. Jes\u00fas Andr\u00e9s Loya Cardona.*<\/td>\n<td style=\"width: 305px; text-align: left;\"><b>Suplente:\u00a0<\/b>Dip. Jaime Bueno Zertuche.<\/td>\n<\/tr>\n<tr style=\"height: 36px;\">\n<td style=\"text-align: left; height: 36px; width: 244px;\"><b>Vocal:\u00a0<\/b>Dip. Jos\u00e9 Antonio Garc\u00eda Villa.<\/td>\n<td style=\"width: 305px; text-align: left;\"><b>Suplente:\u00a0<\/b>Dip. Marcelo de Jes\u00fas Torres Cofi\u00f1o.<\/td>\n<\/tr>\n<tr>\n<td style=\"text-align: left; width: 244px;\"><b>Vocal:\u00a0<\/b>Dip. Elisa Catalina Villalobos Hern\u00e1ndez.<\/td>\n<td style=\"width: 305px; text-align: left;\"><b>Suplente:\u00a0<\/b>Dip. Lilia Isabel Guti\u00e9rrez Burciaga.<\/td>\n<\/tr>\n<tr>\n<td style=\"text-align: left; width: 244px;\"><b>Vocal:\u00a0\u00a0<\/b>Dip.\u00a0Edgar Gerardo S\u00e1nchez Garza.<\/td>\n<td style=\"width: 305px; text-align: left;\"><b>Suplente:\u00a0<\/b>Dip. Jes\u00fas Andr\u00e9s Loya Cardona.*<\/td>\n<\/tr>\n<tr>\n<td style=\"text-align: left; width: 244px;\"><b>Vocal:\u00a0<\/b>Dip.\u00a0Claudia Isela Ram\u00edrez Pineda.<\/td>\n<td style=\"width: 305px; text-align: left;\"><b>Suplente:\u00a0<\/b>Dip. Ver\u00f3nica Boreque Mart\u00ednez Gonz\u00e1lez.<\/td>\n<\/tr>\n<tr>\n<td style=\"text-align: left; width: 244px;\"><b>Vocal:\u00a0<\/b>Dip. Juan Carlos Guerra L\u00f3pez Negrete.<\/td>\n<td style=\"width: 305px; text-align: left;\"><b>Suplente:\u00a0<\/b>Dip. Fernando Izaguirre Vald\u00e9s.<\/td>\n<\/tr>\n<tr>\n<td style=\"text-align: left; width: 244px;\"><b>Vocal:\u00a0<\/b>Dip. Jos\u00e9 Benito Ram\u00edrez Rosas.<b><br \/>\n<\/b><\/td>\n<td style=\"width: 305px; text-align: left;\"><b>Suplente:\u00a0<\/b>Dip. Emilio Alejandro de Hoyos Montemayor<\/td>\n<\/tr>\n<\/tbody>\n<\/table>\n<pre>*\u00a0 Diputada Suplente en Funciones a partir del d\u00eda 26 de febrero de 2020, Por Licencia otorgada a la Dip. Luc\u00eda Azucena Ramos Ramos el d\u00eda 19 de febrero de 2020.<\/pre>\n<pre>*\u00a0 Diputado Suplente en Funciones a partir del d\u00eda 18 de septiembre del 2018, por Licencia otorgada al Dip. Samuel Rodr\u00edguez Mart\u00ednez el d\u00eda 18 de septiembre del 2018<\/pre>\n","protected":false},"excerpt":{"rendered":"<p>Presidenta:\u00a0Dip. Zulmma Verenice Guerrero C\u00e1zares. Suplente:\u00a0Dip.\u00a0Emilio Alejando de Hoyos Montemayor. Vicepresidente:\u00a0Dip. Gabriela Zapopan Garza Galv\u00e1n. Suplente:\u00a0Dip. Rosa Nilda Gonz\u00e1lez Noriega. Secretaria:\u00a0Dip. Mar\u00eda del Rosario Contreras P\u00e9rez. * Suplente:\u00a0Dip. Diana Patricia Gonz\u00e1lez Soto. Secretario:\u00a0Dip. Jes\u00fas Berino Granados. Suplente:\u00a0Dip. Josefina Garza Barrera. Vocal:\u00a0Dip. Jes\u00fas Andr\u00e9s Loya Cardona.* Suplente:\u00a0Dip. Jaime Bueno Zertuche. Vocal:\u00a0Dip. Jos\u00e9 Antonio Garc\u00eda Villa. Suplente:\u00a0Dip. [&hellip;]<\/p>\n","protected":false},"author":6,"featured_media":0,"parent":0,"menu_order":0,"comment_status":"closed","ping_status":"closed","template":"","meta":{"footnotes":""},"categories":[],"tags":[],"class_list":["post-38307","page","type-page","status-publish","hentry"],"_links":{"self":[{"href":"https:\/\/www.congresocoahuila.gob.mx\/portal\/wp-json\/wp\/v2\/pages\/38307","targetHints":{"allow":["GET"]}}],"collection":[{"href":"https:\/\/www.congresocoahuila.gob.mx\/portal\/wp-json\/wp\/v2\/pages"}],"about":[{"href":"https:\/\/www.congresocoahuila.gob.mx\/portal\/wp-json\/wp\/v2\/types\/page"}],"author":[{"embeddable":true,"href":"https:\/\/www.congresocoahuila.gob.mx\/portal\/wp-json\/wp\/v2\/users\/6"}],"replies":[{"embeddable":true,"href":"https:\/\/www.congresocoahuila.gob.mx\/portal\/wp-json\/wp\/v2\/comments?post=38307"}],"version-history":[{"count":13,"href":"https:\/\/www.congresocoahuila.gob.mx\/portal\/wp-json\/wp\/v2\/pages\/38307\/revisions"}],"predecessor-version":[{"id":38321,"href":"https:\/\/www.congresocoahuila.gob.mx\/portal\/wp-json\/wp\/v2\/pages\/38307\/revisions\/38321"}],"wp:attachment":[{"href":"https:\/\/www.congresocoahuila.gob.mx\/portal\/wp-json\/wp\/v2\/media?parent=38307"}],"wp:term":[{"taxonomy":"category","embeddable":true,"href":"https:\/\/www.congresocoahuila.gob.mx\/portal\/wp-json\/wp\/v2\/categories?post=38307"},{"taxonomy":"post_tag","embeddable":true,"href":"https:\/\/www.congresocoahuila.gob.mx\/portal\/wp-json\/wp\/v2\/tags?post=38307"}],"curies":[{"name":"wp","href":"https:\/\/api.w.org\/{rel}","templated":true}]}}