{"id":38346,"date":"2020-07-10T09:17:28","date_gmt":"2020-07-10T14:17:28","guid":{"rendered":"http:\/\/congresocoahuila.gob.mx\/portal\/?page_id=38346"},"modified":"2020-08-26T13:19:00","modified_gmt":"2020-08-26T18:19:00","slug":"segundo-periodo-de-la-diputacion-permanente-de-la-lxi-legislatura-2020","status":"publish","type":"page","link":"https:\/\/www.congresocoahuila.gob.mx\/portal\/segundo-periodo-de-la-diputacion-permanente-de-la-lxi-legislatura-2020\/","title":{"rendered":"SEGUNDO PER\u00cdODO DE LA DIPUTACI\u00d3N PERMANENTE DE LA LXI LEGISLATURA 2020"},"content":{"rendered":"<p><a href=\"https:\/\/congresocoahuila.gob.mx\/transparencia\/ART\/26\/05\/2DO_PERIODO_DIPUTACION_PERMANENTE_LXI_2020\/SPR_S01_20200701.pdf\" target=\"_blank\" rel=\"noreferrer noopener\" aria-label=\" (abre en una nueva pesta\u00f1a)\">Primera Sesi\u00f3n del d\u00eda 01 de julio de 2020<\/a><\/p>\n<p><a href=\"https:\/\/congresocoahuila.gob.mx\/transparencia\/ART\/26\/05\/2DO_PERIODO_DIPUTACION_PERMANENTE_LXI_2020\/SPR_S02_20200708.pdf\" target=\"_blank\" rel=\"noreferrer noopener\" aria-label=\" (abre en una nueva pesta\u00f1a)\">Segunda Sesi\u00f3n del d\u00eda 08 de julio de 2020<\/a><\/p>\n<p><a href=\"https:\/\/congresocoahuila.gob.mx\/transparencia\/ART\/26\/05\/2DO_PERIODO_DIPUTACION_PERMANENTE_LXI_2020\/SPR_S03_20200715.pdf\" target=\"_blank\" rel=\"noreferrer noopener\" aria-label=\" (abre en una nueva pesta\u00f1a)\">Tercera Sesi\u00f3n del d\u00eda 15 de julio de 2020<\/a><\/p>\n<p><a href=\"https:\/\/congresocoahuila.gob.mx\/transparencia\/ART\/26\/05\/2DO_PERIODO_DIPUTACION_PERMANENTE_LXI_2020\/SPR_S04_20200722.pdf\" target=\"_blank\" rel=\"noreferrer noopener\" aria-label=\" (abre en una nueva pesta\u00f1a)\">Cuarta Sesi\u00f3n del d\u00eda 22 de julio de 2020<\/a><\/p>\n<p><a href=\"https:\/\/congresocoahuila.gob.mx\/transparencia\/ART\/26\/05\/2DO_PERIODO_DIPUTACION_PERMANENTE_LXI_2020\/SPR_S05_20200812.pdf\" target=\"_blank\" rel=\"noreferrer noopener\" aria-label=\" (abre en una nueva pesta\u00f1a)\">Quinta Sesi\u00f3n del d\u00eda 12 de agosto de 2020<\/a><\/p>\n<p><a href=\"https:\/\/congresocoahuila.gob.mx\/transparencia\/ART\/26\/05\/2DO_PERIODO_DIPUTACION_PERMANENTE_LXI_2020\/SPR_S06_20200819.pdf\" target=\"_blank\" rel=\"noreferrer noopener\" aria-label=\" (abre en una nueva pesta\u00f1a)\">Sexta Sesi\u00f3n del d\u00eda 19 de agosto de 2020<\/a><\/p>\n<p><a href=\"https:\/\/congresocoahuila.gob.mx\/transparencia\/ART\/26\/05\/2DO_PERIODO_DIPUTACION_PERMANENTE_LXI_2020\/SPR_S07_20200826.pdf\" target=\"_blank\" rel=\"noreferrer noopener\" aria-label=\" (abre en una nueva pesta\u00f1a)\">S\u00e9ptima Sesi\u00f3n del d\u00eda 26 de agosto de 2020<\/a><\/p>\n","protected":false},"excerpt":{"rendered":"<p>Primera Sesi\u00f3n del d\u00eda 01 de julio de 2020 Segunda Sesi\u00f3n del d\u00eda 08 de julio de 2020 Tercera Sesi\u00f3n del d\u00eda 15 de julio de 2020 Cuarta Sesi\u00f3n del d\u00eda 22 de julio de 2020 Quinta Sesi\u00f3n del d\u00eda 12 de agosto de 2020 Sexta Sesi\u00f3n del d\u00eda 19 de agosto de 2020 S\u00e9ptima [&hellip;]<\/p>\n","protected":false},"author":5,"featured_media":0,"parent":0,"menu_order":0,"comment_status":"closed","ping_status":"closed","template":"","meta":{"footnotes":""},"categories":[],"tags":[],"class_list":["post-38346","page","type-page","status-publish","hentry"],"_links":{"self":[{"href":"https:\/\/www.congresocoahuila.gob.mx\/portal\/wp-json\/wp\/v2\/pages\/38346","targetHints":{"allow":["GET"]}}],"collection":[{"href":"https:\/\/www.congresocoahuila.gob.mx\/portal\/wp-json\/wp\/v2\/pages"}],"about":[{"href":"https:\/\/www.congresocoahuila.gob.mx\/portal\/wp-json\/wp\/v2\/types\/page"}],"author":[{"embeddable":true,"href":"https:\/\/www.congresocoahuila.gob.mx\/portal\/wp-json\/wp\/v2\/users\/5"}],"replies":[{"embeddable":true,"href":"https:\/\/www.congresocoahuila.gob.mx\/portal\/wp-json\/wp\/v2\/comments?post=38346"}],"version-history":[{"count":8,"href":"https:\/\/www.congresocoahuila.gob.mx\/portal\/wp-json\/wp\/v2\/pages\/38346\/revisions"}],"predecessor-version":[{"id":38778,"href":"https:\/\/www.congresocoahuila.gob.mx\/portal\/wp-json\/wp\/v2\/pages\/38346\/revisions\/38778"}],"wp:attachment":[{"href":"https:\/\/www.congresocoahuila.gob.mx\/portal\/wp-json\/wp\/v2\/media?parent=38346"}],"wp:term":[{"taxonomy":"category","embeddable":true,"href":"https:\/\/www.congresocoahuila.gob.mx\/portal\/wp-json\/wp\/v2\/categories?post=38346"},{"taxonomy":"post_tag","embeddable":true,"href":"https:\/\/www.congresocoahuila.gob.mx\/portal\/wp-json\/wp\/v2\/tags?post=38346"}],"curies":[{"name":"wp","href":"https:\/\/api.w.org\/{rel}","templated":true}]}}