{"id":38411,"date":"2020-07-23T13:06:53","date_gmt":"2020-07-23T18:06:53","guid":{"rendered":"http:\/\/congresocoahuila.gob.mx\/portal\/?page_id=38411"},"modified":"2020-07-23T13:09:56","modified_gmt":"2020-07-23T18:09:56","slug":"segundo-periodo-extraordinario-de-la-lxi-legislatura-2020","status":"publish","type":"page","link":"https:\/\/www.congresocoahuila.gob.mx\/portal\/segundo-periodo-extraordinario-de-la-lxi-legislatura-2020\/","title":{"rendered":"SEGUNDO PER\u00cdODO EXTRAORDINARIO DE LA LXI LEGISLATURA 2020"},"content":{"rendered":"\n<p><a href=\"https:\/\/congresocoahuila.gob.mx\/transparencia\/ART\/26\/05\/2DO_PERIODO_EXTRA_2020\/SPE_S01_20200722.pdf\">Sesi\u00f3n del Segundo Per\u00edodo Extraordinario del d\u00eda 22 de julio de 2020<\/a><\/p>\n","protected":false},"excerpt":{"rendered":"<p>Sesi\u00f3n del Segundo Per\u00edodo Extraordinario del d\u00eda 22 de julio de 2020<\/p>\n","protected":false},"author":5,"featured_media":0,"parent":0,"menu_order":0,"comment_status":"closed","ping_status":"closed","template":"","meta":{"footnotes":""},"categories":[],"tags":[],"class_list":["post-38411","page","type-page","status-publish","hentry"],"_links":{"self":[{"href":"https:\/\/www.congresocoahuila.gob.mx\/portal\/wp-json\/wp\/v2\/pages\/38411","targetHints":{"allow":["GET"]}}],"collection":[{"href":"https:\/\/www.congresocoahuila.gob.mx\/portal\/wp-json\/wp\/v2\/pages"}],"about":[{"href":"https:\/\/www.congresocoahuila.gob.mx\/portal\/wp-json\/wp\/v2\/types\/page"}],"author":[{"embeddable":true,"href":"https:\/\/www.congresocoahuila.gob.mx\/portal\/wp-json\/wp\/v2\/users\/5"}],"replies":[{"embeddable":true,"href":"https:\/\/www.congresocoahuila.gob.mx\/portal\/wp-json\/wp\/v2\/comments?post=38411"}],"version-history":[{"count":2,"href":"https:\/\/www.congresocoahuila.gob.mx\/portal\/wp-json\/wp\/v2\/pages\/38411\/revisions"}],"predecessor-version":[{"id":38414,"href":"https:\/\/www.congresocoahuila.gob.mx\/portal\/wp-json\/wp\/v2\/pages\/38411\/revisions\/38414"}],"wp:attachment":[{"href":"https:\/\/www.congresocoahuila.gob.mx\/portal\/wp-json\/wp\/v2\/media?parent=38411"}],"wp:term":[{"taxonomy":"category","embeddable":true,"href":"https:\/\/www.congresocoahuila.gob.mx\/portal\/wp-json\/wp\/v2\/categories?post=38411"},{"taxonomy":"post_tag","embeddable":true,"href":"https:\/\/www.congresocoahuila.gob.mx\/portal\/wp-json\/wp\/v2\/tags?post=38411"}],"curies":[{"name":"wp","href":"https:\/\/api.w.org\/{rel}","templated":true}]}}