{"id":38541,"date":"2020-08-17T13:21:23","date_gmt":"2020-08-17T18:21:23","guid":{"rendered":"http:\/\/congresocoahuila.gob.mx\/portal\/?page_id=38541"},"modified":"2020-08-17T13:21:25","modified_gmt":"2020-08-17T18:21:25","slug":"tercer-periodo-extraordinario-de-la-lxi-legislatura-2020","status":"publish","type":"page","link":"https:\/\/www.congresocoahuila.gob.mx\/portal\/tercer-periodo-extraordinario-de-la-lxi-legislatura-2020\/","title":{"rendered":"TERCER PER\u00cdODO EXTRAORDINARIO DE LA LXI LEGISLATURA 2020"},"content":{"rendered":"\n<p><a href=\"https:\/\/congresocoahuila.gob.mx\/transparencia\/ART\/26\/05\/3CER_PERIODO_EXTRA_2020\/TPE_S01_20200814.pdf\">Sesi\u00f3n del Tercer Per\u00edodo Extraordinario del d\u00eda 14 de agosto de 2020<\/a><\/p>\n","protected":false},"excerpt":{"rendered":"<p>Sesi\u00f3n del Tercer Per\u00edodo Extraordinario del d\u00eda 14 de agosto de 2020<\/p>\n","protected":false},"author":5,"featured_media":0,"parent":0,"menu_order":0,"comment_status":"closed","ping_status":"closed","template":"","meta":{"footnotes":""},"categories":[],"tags":[],"class_list":["post-38541","page","type-page","status-publish","hentry"],"_links":{"self":[{"href":"https:\/\/www.congresocoahuila.gob.mx\/portal\/wp-json\/wp\/v2\/pages\/38541","targetHints":{"allow":["GET"]}}],"collection":[{"href":"https:\/\/www.congresocoahuila.gob.mx\/portal\/wp-json\/wp\/v2\/pages"}],"about":[{"href":"https:\/\/www.congresocoahuila.gob.mx\/portal\/wp-json\/wp\/v2\/types\/page"}],"author":[{"embeddable":true,"href":"https:\/\/www.congresocoahuila.gob.mx\/portal\/wp-json\/wp\/v2\/users\/5"}],"replies":[{"embeddable":true,"href":"https:\/\/www.congresocoahuila.gob.mx\/portal\/wp-json\/wp\/v2\/comments?post=38541"}],"version-history":[{"count":1,"href":"https:\/\/www.congresocoahuila.gob.mx\/portal\/wp-json\/wp\/v2\/pages\/38541\/revisions"}],"predecessor-version":[{"id":38542,"href":"https:\/\/www.congresocoahuila.gob.mx\/portal\/wp-json\/wp\/v2\/pages\/38541\/revisions\/38542"}],"wp:attachment":[{"href":"https:\/\/www.congresocoahuila.gob.mx\/portal\/wp-json\/wp\/v2\/media?parent=38541"}],"wp:term":[{"taxonomy":"category","embeddable":true,"href":"https:\/\/www.congresocoahuila.gob.mx\/portal\/wp-json\/wp\/v2\/categories?post=38541"},{"taxonomy":"post_tag","embeddable":true,"href":"https:\/\/www.congresocoahuila.gob.mx\/portal\/wp-json\/wp\/v2\/tags?post=38541"}],"curies":[{"name":"wp","href":"https:\/\/api.w.org\/{rel}","templated":true}]}}