{"id":38579,"date":"2020-08-19T11:32:29","date_gmt":"2020-08-19T16:32:29","guid":{"rendered":"http:\/\/congresocoahuila.gob.mx\/portal\/?page_id=38579"},"modified":"2022-07-04T13:55:50","modified_gmt":"2022-07-04T18:55:50","slug":"18-1","status":"publish","type":"page","link":"https:\/\/www.congresocoahuila.gob.mx\/portal\/18-1\/","title":{"rendered":"18.1"},"content":{"rendered":"<p>Conforme a la establecido en este art\u00edculo fracci\u00f3n I y a fin de dar cumplimiento a las obligaciones en la materia, se proporciona el v\u00ednculo electr\u00f3nico en donde se podr\u00e1 consultar la informaci\u00f3n p\u00fablica de oficio local relativa a este Congreso del Estado ingresando a la p\u00e1gina oficial del Congreso: <a href=\"http:\/\/congresocoahuila.gob.mx\">www.congresocoahuila.gob.mx<\/a><\/p>\n<p>Deber\u00e1 dar clik en el apartado denominado \u00abTRANSPARENCIA\u00bb a fin de poder consultar dicha informaci\u00f3n, posteriormente elegir el apartado relativo a \u00abObligaciones de Transparencia Local\/Federal\u00bb e ingresar por \u00faltimo al apartado <a href=\"http:\/\/congresocoahuila.gob.mx\/portal\/informacion-publica-de-oficio-2\">ACCESO A LA INFORMACI\u00d3N P\u00daBLICA (LOCAL)<\/a><\/p>\n<p>Ahora bien para acceder a la Plataforma Nacional de Transparencia usted deber\u00e1 ingresar en el siguiente link:<\/p>\n<p><a href=\"https:\/\/www.plataformadetransparencia.org.mx\/web\/guest\/inicio#_buscadoresportlet_WAR_buscadoresportlet__cadenaBusqueda\">PLATAFORMA NACIONAL DE TRANSPARENCIA<\/a><\/p>\n<p><a href=\"https:\/\/www.plataformadetransparencia.org.mx\/web\/guest\/inicio\"><img loading=\"lazy\" decoding=\"async\" class=\"alignnone wp-image-38591 size-full\" src=\"http:\/\/congresocoahuila.gob.mx\/portal\/wp-content\/uploads\/2020\/08\/unnamed.png\" alt=\"\" width=\"268\" height=\"188\" \/><\/a><\/p>\n<div><strong>Fecha de Actualizaci\u00f3n:<\/strong> <b><strong>\u00a0<\/strong><\/b>1 de julio de 2022.<\/div>\n<div>\n<div><strong>Responsable de la Informaci\u00f3n:\u00a0<\/strong>Lic. Gerardo Blanco Guerra<\/div>\n<div>Oficial Mayor del H. Congreso del Estado de Coahuila<\/div>\n<\/div>\n","protected":false},"excerpt":{"rendered":"<p>Conforme a la establecido en este art\u00edculo fracci\u00f3n I y a fin de dar cumplimiento a las obligaciones en la materia, se proporciona el v\u00ednculo electr\u00f3nico en donde se podr\u00e1 consultar la informaci\u00f3n p\u00fablica de oficio local relativa a este Congreso del Estado ingresando a la p\u00e1gina oficial del Congreso: www.congresocoahuila.gob.mx Deber\u00e1 dar clik en [&hellip;]<\/p>\n","protected":false},"author":3,"featured_media":0,"parent":0,"menu_order":0,"comment_status":"closed","ping_status":"closed","template":"","meta":{"footnotes":""},"categories":[],"tags":[],"class_list":["post-38579","page","type-page","status-publish","hentry"],"_links":{"self":[{"href":"https:\/\/www.congresocoahuila.gob.mx\/portal\/wp-json\/wp\/v2\/pages\/38579","targetHints":{"allow":["GET"]}}],"collection":[{"href":"https:\/\/www.congresocoahuila.gob.mx\/portal\/wp-json\/wp\/v2\/pages"}],"about":[{"href":"https:\/\/www.congresocoahuila.gob.mx\/portal\/wp-json\/wp\/v2\/types\/page"}],"author":[{"embeddable":true,"href":"https:\/\/www.congresocoahuila.gob.mx\/portal\/wp-json\/wp\/v2\/users\/3"}],"replies":[{"embeddable":true,"href":"https:\/\/www.congresocoahuila.gob.mx\/portal\/wp-json\/wp\/v2\/comments?post=38579"}],"version-history":[{"count":32,"href":"https:\/\/www.congresocoahuila.gob.mx\/portal\/wp-json\/wp\/v2\/pages\/38579\/revisions"}],"predecessor-version":[{"id":43787,"href":"https:\/\/www.congresocoahuila.gob.mx\/portal\/wp-json\/wp\/v2\/pages\/38579\/revisions\/43787"}],"wp:attachment":[{"href":"https:\/\/www.congresocoahuila.gob.mx\/portal\/wp-json\/wp\/v2\/media?parent=38579"}],"wp:term":[{"taxonomy":"category","embeddable":true,"href":"https:\/\/www.congresocoahuila.gob.mx\/portal\/wp-json\/wp\/v2\/categories?post=38579"},{"taxonomy":"post_tag","embeddable":true,"href":"https:\/\/www.congresocoahuila.gob.mx\/portal\/wp-json\/wp\/v2\/tags?post=38579"}],"curies":[{"name":"wp","href":"https:\/\/api.w.org\/{rel}","templated":true}]}}