{"id":39,"date":"2014-11-12T14:59:41","date_gmt":"2014-11-12T20:59:41","guid":{"rendered":"http:\/\/www.congresocoahuila.gob.mx\/portal\/?page_id=39"},"modified":"2022-01-18T12:32:33","modified_gmt":"2022-01-18T18:32:33","slug":"mesa-directiva","status":"publish","type":"page","link":"https:\/\/www.congresocoahuila.gob.mx\/portal\/mesa-directiva\/","title":{"rendered":"MESA DIRECTIVA"},"content":{"rendered":"<p><a href=\"http:\/\/congresocoahuila.gob.mx\/portal\/?page_id=12801\">Mesa Directiva Correspondiente a la LIX\u00a0Legislatura 2012-2014<\/a><br \/>\n<a title=\"MESA DIRECTIVA LX\" href=\"http:\/\/congresocoahuila.gob.mx\/portal\/?page_id=12783\">Per\u00edodo de Instalaci\u00f3n de la LX Legislatura 2015<\/a><br \/>\n<a title=\"MESA PRIMER A\u00d1O LX\" href=\"http:\/\/congresocoahuila.gob.mx\/portal\/?page_id=12808\">Primer a\u00f1o de Ejercicio Constitucional de la LX Legislatura 2015<\/a><br \/>\n<a title=\"Primer Per\u00edodo Extraordinario del Primer A\u00f1o de Ejercicio Constitucional LX\" href=\"http:\/\/congresocoahuila.gob.mx\/portal\/?page_id=16151\">Primer Per\u00edodo Extraordinario del Primer A\u00f1o de Ejercicio Constitucional de la LX Legislatura 2015<\/a><br \/>\n<a title=\"Segundo Per\u00edodo Extraordinario del Primer A\u00f1o de Ejercicio Constitucional LX\" href=\"http:\/\/congresocoahuila.gob.mx\/portal\/?page_id=16099\">Segundo\u00a0Per\u00edodo Extraordinario del Primer A\u00f1o de Ejercicio Constitucional de la LX Legislatura 2015<\/a><br \/>\n<a href=\"http:\/\/congresocoahuila.gob.mx\/portal\/?page_id=18730\">Segundo a\u00f1o de Ejercicio Constitucional de la LX Legislatura 2016<\/a><br \/>\n<a href=\"http:\/\/congresocoahuila.gob.mx\/portal\/?page_id=23922\">Tercer a\u00f1o de Ejercicio Constitucional de la LX Legislatura 2017<\/a><br \/>\n<a href=\"http:\/\/congresocoahuila.gob.mx\/portal\/mesa-directiva-lxi\">Mesa Directiva del Per\u00edodo de Instalaci\u00f3n de la LXI Legislatura 2018<\/a><br \/>\n<a href=\"http:\/\/congresocoahuila.gob.mx\/portal\/primer-ano-de-ejercicio-constitucional-lxi\">Primer A\u00f1o de Ejercicio Constitucional de la\u00a0LXI\u00a0Legislatura 2018<\/a><br \/>\n<a href=\"http:\/\/congresocoahuila.gob.mx\/portal\/segundo-ano-de-ejercicio-constitucional-de-la-lxi-legislatura-2019\">Segundo\u00a0A\u00f1o de Ejercicio Constitucional de la\u00a0LXI\u00a0Legislatura 2019<\/a><br \/>\n<a href=\"http:\/\/congresocoahuila.gob.mx\/portal\/mesa-directiva-tercer-ano-de-ejercicio-constitucional-de-la-lxi-legislatura-2020\">Tercer A\u00f1o de Ejercicio Constitucional de la LXI Legislatura 2020<\/a><br \/>\n<a href=\"http:\/\/congresocoahuila.gob.mx\/portal\/mesa-directiva-del-periodo-de-instalacion-de-la-lxii-legislatura-2021\">Mesa Directiva del Per\u00edodo de Instalaci\u00f3n de la LXII Legislatura 2021<\/a><br \/>\n<a href=\"http:\/\/congresocoahuila.gob.mx\/portal\/primer-ano-de-ejercicio-constitucional-de-la-lxii-legislatura-2021\">Primer A\u00f1o de Ejercicio Constitucional de la LXII Legislatura 2021<\/a><br \/>\n<a href=\"https:\/\/www.congresocoahuila.gob.mx\/portal\/segundo-ano-de-ejercicio-constitucional-de-la-lxii-legislatura-2022\/\">Segundo A\u00f1o de Ejercicio Constitucional de la LXII Legislatura 2022<\/a><\/p>\n<ul>\n<li>Es la responsable de coordinar los trabajos de la Asamblea.<\/li>\n<\/ul>\n<ul>\n<li>Bajo la autoridad de quien ocupe la Presidencia, preservar\u00e1 la libertad de las deliberaciones y cuidar\u00e1 de la efectividad del trabajo legislativo, proveyendo la exacta observancia de las disposiciones de la Constituci\u00f3n Pol\u00edtica del Estado de Coahuila de Zaragoza y de esta Ley, as\u00ed como de los acuerdos que emanen del Pleno y de la Diputaci\u00f3n Permanente.<\/li>\n<\/ul>\n<ul>\n<li>La Mesa Directiva se integrar\u00e1 por una Presidencia, dos Vicepresidencias y cuatro secretarios o secretarias, quienes ser\u00e1n electos mediante votaci\u00f3n secreta, ya sea por medio de c\u00e9dulas, o mediante el sistema electr\u00f3nico, por m\u00e1s de la mitad de votos de las y los diputados presentes, garantizando la representaci\u00f3n de la diversidad pol\u00edtica del Congreso y la equidad de g\u00e9nero<\/li>\n<\/ul>\n<ul>\n<li>Quienes integren la Mesa Directiva del Congreso durar\u00e1n en sus cargos durante el a\u00f1o legislativo para el cual fueron electos, e iniciar\u00e1n el desempe\u00f1o de sus funciones en la primera sesi\u00f3n ordinaria del primer periodo del a\u00f1o que corresponda, o en la primera sesi\u00f3n del periodo extraordinario en caso de que se convoque. Quien ocupe la presidencia de la Mesa Directiva, iniciar\u00e1 sus funciones a partir del momento de su elecci\u00f3n para efectos de lo dispuesto en la fracci\u00f3n I del art\u00edculo 48, y dem\u00e1s que resulten aplicables.<\/li>\n<\/ul>\n<ul>\n<li>No podr\u00e1n ser reelectos o reelectas en el siguiente a\u00f1o legislativo en forma consecutiva con igual cargo, salvo el caso de quienes hayan integrado la Mesa Directiva en el Periodo de Instalaci\u00f3n, que podr\u00e1n ser ratificados o ratificadas por el Pleno para el Primer A\u00f1o Legislativo<\/li>\n<\/ul>\n<ul>\n<li>La Mesa Directiva de la Diputaci\u00f3n Permanente se integrar\u00e1 con nueve diputados propietarios, de los cuales se nombrar\u00e1 un Presidente, un Vicepresidente, dos Secretarios y cinco Vocales, adem\u00e1s de nueve sustitutos.<\/li>\n<\/ul>\n<ul>\n<li>Cuando se convoque a per\u00edodo extraordinario de sesiones, quien presida la Diputaci\u00f3n Permanente dar\u00e1 aviso inmediato a las y los integrantes de la Mesa Directiva, para que asuman su funci\u00f3n.<\/li>\n<\/ul>\n<p><strong>PRESIDENCIA, FACULTADES Y OBLIGACIONES RELEVANTES :<\/strong><\/p>\n<ul>\n<li>Dirigir\u00e1 los trabajos de las sesiones del Pleno.<\/li>\n<\/ul>\n<ul>\n<li>Las ausencias de la o el Presidente ser\u00e1n cubiertas por la o el Vicepresidente electo en primer orden, o si tambi\u00e9n est\u00e1 ausente, por la o el segundo Vicepresidente<\/li>\n<\/ul>\n<ul>\n<li>Si ambos estuvieran ausentes, de entre las y los diputados presentes en la sesi\u00f3n, se designar\u00e1 a un Presidente y a un Vicepresidente, quienes fungir\u00e1n solamente en el desarrollo de esa sesi\u00f3n.<\/li>\n<\/ul>\n<ul>\n<li>Cuando la o el Presidente haga uso de la palabra durante las sesiones, en el desempe\u00f1o de las funciones que esta Ley le se\u00f1ala, permanecer\u00e1 en su lugar; pero si desea intervenir directamente en la discusi\u00f3n de un asunto, lo har\u00e1 en tribuna, encargando la conducci\u00f3n de los trabajos a la o el Vicepresidente que corresponda.<\/li>\n<\/ul>\n<p><strong>FACULTADES Y OBLIGACIONES.-<\/strong><\/p>\n<ul>\n<li>Representar legalmente al Congreso del Estado y a la Junta de Gobierno ante toda clase de autoridades, en materia administrativa, penal, civil, fiscal o laboral, as\u00ed como en materia de amparo y en los dem\u00e1s asuntos en los que sea parte el Congreso. La o el Presidente podr\u00e1 delegar esta representaci\u00f3n en cualquiera de los titulares de los \u00f3rganos t\u00e9cnicos al Congreso, otorgando el poder legal correspondiente.<\/li>\n<\/ul>\n<ul>\n<li>Representar al Poder Legislativo, en ceremonias oficiales y actos c\u00edvicos a los que concurran las y los titulares de los otros Poderes del Estado;<\/li>\n<\/ul>\n<ul>\n<li>Convocar, prorrogar, abrir y clausurar, as\u00ed como suspender o aplazar por causa justificada, las sesiones del pleno;<\/li>\n<\/ul>\n<ul>\n<li>Designar, de entre las y los secretarios, a dos para que funjan en cada sesi\u00f3n;<\/li>\n<\/ul>\n<ul>\n<li>Conducir los debates y las deliberaciones, en los t\u00e9rminos de esta Ley, as\u00ed como de los acuerdos emanados del Pleno;<\/li>\n<\/ul>\n<ul>\n<li>Programar y ordenar los trabajos del Pleno en los t\u00e9rminos de la presente Ley; as\u00ed como determinar el orden de discusi\u00f3n de los asuntos que deban tratarse en cada sesi\u00f3n, dando preferencia a los que considere de inter\u00e9s general, a no ser que el Pleno, a moci\u00f3n de alguna o alguno de los diputados, determine un orden distinto;<\/li>\n<\/ul>\n<ul>\n<li>Dirigir y encauzar los debates concediendo el uso de la palabra alternadamente en el orden que lo soliciten, en contra o a favor, de conformidad a lo dispuesto en esta ley;<\/li>\n<\/ul>\n<ul>\n<li>Exhortar a las y los oradores cuando reiteradamente se aparten del tema a discusi\u00f3n, para que se sujeten a \u00e9ste y al t\u00e9rmino m\u00e1ximo para hacer uso de la palabra, conforme a lo dispuesto en el art\u00edculo 190 de la presente ley;<\/li>\n<\/ul>\n<ul>\n<li>Participar en las discusiones, conforme a las reglas establecidas para las y los dem\u00e1s diputados;<\/li>\n<\/ul>\n<ul>\n<li>Declarar aprobadas o desechadas las mociones, proposiciones, proyectos o dict\u00e1menes que correspondan, despu\u00e9s de tomadas las votaciones por conducto de una de las Secretar\u00edas.<\/li>\n<\/ul>\n<ul>\n<li>Turnar a las comisiones correspondientes las iniciativas presentadas, conforme a la materia de las mismas, y en su caso, a otra u otras comisiones que tambi\u00e9n debieran o pudieran conocer de las mismas;<\/li>\n<\/ul>\n<ul>\n<li>Convocar de inmediato al Pleno a sesi\u00f3n para tratar los asuntos que no admitan demora;<\/li>\n<\/ul>\n<ul>\n<li>Dar tr\u00e1mite a las peticiones de particulares, personas morales o autoridades, turn\u00e1ndolas a la Comisi\u00f3n que corresponda, o en su caso, a la Oficial\u00eda Mayor del Congreso;<\/li>\n<\/ul>\n<ul>\n<li>Nombrar las comisiones cuya designaci\u00f3n no corresponda a otro \u00f3rgano del Congreso;<\/li>\n<\/ul>\n<ul>\n<li>Firmar conjuntamente con las o los secretarios en funciones, la minuta de cada sesi\u00f3n despu\u00e9s de que haya sido aprobada;<\/li>\n<\/ul>\n<ul>\n<li>Informar al Pleno el nombre de las y los diputados que hayan justificado su inasistencia;<\/li>\n<\/ul>\n<ul>\n<li>Decretar recesos durante las sesiones;<\/li>\n<\/ul>\n<ul>\n<li>Citar a sesi\u00f3n privada en los casos que as\u00ed corresponda;<\/li>\n<\/ul>\n<ul>\n<li>Declarar que no hay qu\u00f3rum para celebrar o continuar con el desarrollo de una sesi\u00f3n, ordenando a la Secretar\u00eda que mande llamar a los ausentes para que concurran. Si despu\u00e9s de lo se\u00f1alado no se integra el qu\u00f3rum, declarar\u00e1 la suspensi\u00f3n de la sesi\u00f3n, reiterando la orden de que la Secretar\u00eda formule una excitativa para que los ausentes concurran a las sesiones y disponga la aplicaci\u00f3n de las medidas disciplinarias que procedan;<\/li>\n<\/ul>\n<ul>\n<li>Dar curso legal y dictar los acuerdos que deban recaer a los asuntos que son competencia del Congreso, turnando a comisiones los que estuvieren debidamente integrados, y si no lo estuvieren, apercibir al promovente a fin de que la omisi\u00f3n sea subsanada, y en caso de no ser subsanada, ser\u00e1n desechados por improcedentes;<\/li>\n<\/ul>\n<ul>\n<li>Requerir a las comisiones para que dictaminen los asuntos que se les hayan turnado y para que atiendan con celeridad los asuntos urgentes;<\/li>\n<\/ul>\n<ul>\n<li>Exhortar a las y los coordinadores de las comisiones para convocar a reuni\u00f3n de trabajo, cuando estos no quieran hacerlo;<\/li>\n<\/ul>\n<ul>\n<li>Firmar conjuntamente con las o los secretarios en funciones, las minutas de las sesiones, as\u00ed como la correspondencia oficial del Congreso;<\/li>\n<\/ul>\n<ul>\n<li>Nombrar las comisiones de ceremonia y protocolo;<\/li>\n<\/ul>\n<ul>\n<li>Firmar, conjuntamente con las o los secretarios en funciones, las leyes, cartas de derechos, decretos y acuerdos que expida el Congreso;<\/li>\n<\/ul>\n<ul>\n<li>Cuidar que las y los diputados, como las personas asistentes a las sesiones, guarden compostura en ellas;<\/li>\n<\/ul>\n<ul>\n<li>Solicitar el auxilio de la fuerza p\u00fablica en los t\u00e9rminos de \u00e9sta ley;<\/li>\n<\/ul>\n<ul>\n<li>Declarar que no hay qu\u00f3rum cuando sea visible su falta, o hacer que la Secretar\u00eda pase lista cuando aquello sea reclamado por alg\u00fan miembro del Congreso;<\/li>\n<\/ul>\n<ul>\n<li>Ordenar el tr\u00e1mite que corresponda a los asuntos con que se d\u00e9 cuenta al Congreso y determinar el orden en que deben ponerse a discusi\u00f3n los que se encuentran pendientes de acuerdo;<\/li>\n<\/ul>\n<ul>\n<li>Requerir a las y los diputados que falten a las sesiones, para que concurran a ellas; y<\/li>\n<\/ul>\n<ul>\n<li>Las dem\u00e1s que sean necesarias para el ejercicio de sus funciones, en los t\u00e9rminos de la ley.<\/li>\n<\/ul>\n<p><strong>VICEPRESIDENTES, FACULTADES Y OBLIGACIONES RELEVANTES:<\/strong><\/p>\n<p>A las o los Vicepresidentes de la Mesa Directiva se les denominar\u00e1 primero y segundo, seg\u00fan el orden de su elecci\u00f3n y les corresponde el despacho de los siguientes asuntos:<\/p>\n<ul>\n<li>Auxiliar a quien ocupe la Presidencia en el desempe\u00f1o de sus funciones y suplirlo en sus ausencias, por orden de su nombramiento;<\/li>\n<\/ul>\n<ul>\n<li>Conducir las sesiones cuando la o el Presidente haga uso de la palabra para plantear o intervenir en la discusi\u00f3n de un asunto, por orden de su nombramiento; y<\/li>\n<\/ul>\n<ul>\n<li>Supervisar, con las y los Secretarios del Congreso, la elaboraci\u00f3n de las minutas de las sesiones.<\/li>\n<\/ul>\n<ul>\n<li>Las faltas de la primer Vicepresidencia ser\u00e1n cubiertas por la segunda; cuando falten ambas, si quien ocupa la Presidencia lo considera necesario, propondr\u00e1 que se nombre una o un Vicepresidente de entre las y los diputados presentes en la sesi\u00f3n.<\/li>\n<\/ul>\n<ul>\n<li>Si al inicio de una sesi\u00f3n no se presentan la o el Presidente, ni las o los Vicepresidentes, las y los diputados que hubieren concurrido, designar\u00e1n de entre ellos, a una o un Presidente y a una o un Vicepresidente, quienes fungir\u00e1n solamente en el desarrollo de dicha sesi\u00f3n.<\/li>\n<\/ul>\n<p><strong>SECRETARIOS, FACULTADES Y OBLIGACIONES RELEVANTES:<\/strong><\/p>\n<p>Las y los Secretarios de la Mesa Directiva del Congreso tendr\u00e1n a su cargo todas las actividades correspondientes a la Secretar\u00eda del Congreso.<\/p>\n<p>A las y los Secretarios les corresponden las siguientes facultades y obligaciones:<\/p>\n<ul>\n<li>Asistir, a quien presida la Mesa Directiva en las funciones relacionadas con la conducci\u00f3n de las sesiones del Pleno;<\/li>\n<\/ul>\n<ul>\n<li>Comprobar el qu\u00f3rum de las sesiones del Pleno, llevar el c\u00f3mputo y registro de las votaciones, y dar a conocer el resultado de \u00e9stas, al efecto tendr\u00e1n a su cargo la supervisi\u00f3n del sistema electr\u00f3nico de asistencia y votaci\u00f3n;<\/li>\n<\/ul>\n<ul>\n<li>Dar lectura a los documentos y desahogar los tr\u00e1mites parlamentarios en los t\u00e9rminos dispuestos por quien presida la Mesa Directiva;<\/li>\n<\/ul>\n<ul>\n<li>Supervisar los servicios parlamentarios relacionados con la celebraci\u00f3n de las sesiones del Pleno, a fin de que se atienda lo siguiente:<\/li>\n<\/ul>\n<ul>\n<li>Se distribuyan oportunamente entre las y los diputados las iniciativas y dict\u00e1menes;<\/li>\n<\/ul>\n<ul>\n<li>Se elabore la minuta de las sesiones y se ponga a consideraci\u00f3n de quien ocupe la Presidencia;<\/li>\n<\/ul>\n<ul>\n<li>Se lleve el registro de minutas en el archivo correspondiente;<\/li>\n<\/ul>\n<ul>\n<li>Se conformen y mantengan al d\u00eda los expedientes de los asuntos de competencia del Pleno y se asienten y firmen los tr\u00e1mites correspondientes en dichos expedientes;<\/li>\n<\/ul>\n<ul>\n<li>Se incluyan las observaciones, correcciones y cualquier otra modificaci\u00f3n que se formule sobre la minuta de la sesi\u00f3n anterior;<\/li>\n<\/ul>\n<ul>\n<li>Se env\u00eden a las Comisiones los expedientes de los asuntos que se les turnen;<\/li>\n<\/ul>\n<ul>\n<li>Se integren los archivos de los registros cronol\u00f3gico y textual de las leyes y decretos que expida el Congreso;<\/li>\n<\/ul>\n<ul>\n<li>Se tenga a disposici\u00f3n de las y los diputados, el Diario de los Debates y la Gaceta del Congreso a trav\u00e9s de medios electr\u00f3nicos, con el auxilio de la Oficial\u00eda Mayor;<\/li>\n<\/ul>\n<ul>\n<li>Firmar junto con la o el Presidente, las leyes y decretos expedidos por el Congreso, as\u00ed como las minutas de las sesiones, los acuerdos y dem\u00e1s resoluciones del propio Congreso;<\/li>\n<\/ul>\n<ul>\n<li>Cuidar que se convoque oportunamente a las y los diputados a las sesiones; y<\/li>\n<\/ul>\n<ul>\n<li>Las dem\u00e1s que le se\u00f1alen esta ley y la Presidencia de la Mesa Directiva.<\/li>\n<\/ul>\n","protected":false},"excerpt":{"rendered":"<p>Mesa Directiva Correspondiente a la LIX\u00a0Legislatura 2012-2014 Per\u00edodo de Instalaci\u00f3n de la LX Legislatura 2015 Primer a\u00f1o de Ejercicio Constitucional de la LX Legislatura 2015 Primer Per\u00edodo Extraordinario del Primer A\u00f1o de Ejercicio Constitucional de la LX Legislatura 2015 Segundo\u00a0Per\u00edodo Extraordinario del Primer A\u00f1o de Ejercicio Constitucional de la LX Legislatura 2015 Segundo a\u00f1o de [&hellip;]<\/p>\n","protected":false},"author":3,"featured_media":0,"parent":0,"menu_order":0,"comment_status":"open","ping_status":"closed","template":"","meta":{"footnotes":""},"categories":[],"tags":[],"class_list":["post-39","page","type-page","status-publish","hentry"],"_links":{"self":[{"href":"https:\/\/www.congresocoahuila.gob.mx\/portal\/wp-json\/wp\/v2\/pages\/39","targetHints":{"allow":["GET"]}}],"collection":[{"href":"https:\/\/www.congresocoahuila.gob.mx\/portal\/wp-json\/wp\/v2\/pages"}],"about":[{"href":"https:\/\/www.congresocoahuila.gob.mx\/portal\/wp-json\/wp\/v2\/types\/page"}],"author":[{"embeddable":true,"href":"https:\/\/www.congresocoahuila.gob.mx\/portal\/wp-json\/wp\/v2\/users\/3"}],"replies":[{"embeddable":true,"href":"https:\/\/www.congresocoahuila.gob.mx\/portal\/wp-json\/wp\/v2\/comments?post=39"}],"version-history":[{"count":39,"href":"https:\/\/www.congresocoahuila.gob.mx\/portal\/wp-json\/wp\/v2\/pages\/39\/revisions"}],"predecessor-version":[{"id":43019,"href":"https:\/\/www.congresocoahuila.gob.mx\/portal\/wp-json\/wp\/v2\/pages\/39\/revisions\/43019"}],"wp:attachment":[{"href":"https:\/\/www.congresocoahuila.gob.mx\/portal\/wp-json\/wp\/v2\/media?parent=39"}],"wp:term":[{"taxonomy":"category","embeddable":true,"href":"https:\/\/www.congresocoahuila.gob.mx\/portal\/wp-json\/wp\/v2\/categories?post=39"},{"taxonomy":"post_tag","embeddable":true,"href":"https:\/\/www.congresocoahuila.gob.mx\/portal\/wp-json\/wp\/v2\/tags?post=39"}],"curies":[{"name":"wp","href":"https:\/\/api.w.org\/{rel}","templated":true}]}}