{"id":39483,"date":"2021-01-01T09:59:40","date_gmt":"2021-01-01T15:59:40","guid":{"rendered":"http:\/\/congresocoahuila.gob.mx\/portal\/?page_id=39483"},"modified":"2022-07-11T13:34:07","modified_gmt":"2022-07-11T18:34:07","slug":"gaceta-parlamentaria-lxii-legislatura","status":"publish","type":"page","link":"https:\/\/www.congresocoahuila.gob.mx\/portal\/gaceta-parlamentaria-lxii-legislatura\/","title":{"rendered":"GACETA PARLAMENTARIA LXII LEGISLATURA"},"content":{"rendered":"<p><strong>Segundo Per\u00edodo de la Diputaci\u00f3n Permanente &#8211; 2022<\/strong><br \/><a href=\"https:\/\/www.congresocoahuila.gob.mx\/transparencia\/03\/GACETA-PARLAMENTARIA\/20220712_SPRS02.docx\">Documentos registrados para la Segunda Sesi\u00f3n del d\u00eda 12 de julio de 2022<br \/><\/a><a href=\"https:\/\/www.congresocoahuila.gob.mx\/transparencia\/03\/GACETA-PARLAMENTARIA\/20220705_SPRS01.docx\">Documentos registrados para la Primera Sesi\u00f3n del d\u00eda 05 de julio de 2022<\/a><\/p>\r\n<p><strong>Primer Per\u00edodo Ordinario \u2013 2022<\/strong><br \/><a href=\"https:\/\/www.congresocoahuila.gob.mx\/transparencia\/03\/GACETA-PARLAMENTARIA\/20220628_PPOS18.docx\">Documentos registrados para la D\u00e9cima Octava Sesi\u00f3n del d\u00eda 28 de junio de 2022<br \/><\/a><a href=\"https:\/\/www.congresocoahuila.gob.mx\/transparencia\/03\/GACETA-PARLAMENTARIA\/20220621_PPOS17.docx\">Documentos registrados para la D\u00e9cima S\u00e9ptima Sesi\u00f3n del d\u00eda 21 de junio de 2022<br \/><\/a><a href=\"https:\/\/www.congresocoahuila.gob.mx\/transparencia\/03\/GACETA-PARLAMENTARIA\/20220614_PPOS16.docx\">Documentos registrados para la D\u00e9cima Sexta Sesi\u00f3n del d\u00eda 14 de junio de 2022<br \/><\/a><a href=\"https:\/\/www.congresocoahuila.gob.mx\/transparencia\/03\/GACETA-PARLAMENTARIA\/20220607_PPOS15.docx\">Documentos registrados para la D\u00e9cima Quinta Sesi\u00f3n del d\u00eda 07 de junio de 2022<\/a><br \/><a href=\"https:\/\/www.congresocoahuila.gob.mx\/transparencia\/03\/GACETA-PARLAMENTARIA\/20220531_PPOS14.docx\">Documentos registrados para la D\u00e9cima Cuarta Sesi\u00f3n del d\u00eda 31 de mayo de 2022<br \/><\/a><a href=\"https:\/\/www.congresocoahuila.gob.mx\/transparencia\/03\/GACETA-PARLAMENTARIA\/20220524_PPOS13.docx\">Documentos registrados para la D\u00e9cima Tercera Sesi\u00f3n del d\u00eda 24 de mayo de 2022<br \/><\/a><a href=\"https:\/\/www.congresocoahuila.gob.mx\/transparencia\/03\/GACETA-PARLAMENTARIA\/20220517_PPOS12.docx\">Documentos registrados para la D\u00e9cima Segunda Sesi\u00f3n del d\u00eda 17 de mayo de 2022<br \/><\/a><a href=\"https:\/\/www.congresocoahuila.gob.mx\/transparencia\/03\/GACETA-PARLAMENTARIA\/20220509_PPOS11.docx\">Documentos registrados para la D\u00e9cima Primera Sesi\u00f3n del d\u00eda 09 de mayo de 2022<br \/><\/a><a href=\"https:\/\/www.congresocoahuila.gob.mx\/transparencia\/03\/GACETA-PARLAMENTARIA\/20220503_PPOS10.docx\">Documentos registrados para la D\u00e9cima Sesi\u00f3n del d\u00eda 03 de mayo de 2022<br \/><\/a><a href=\"https:\/\/www.congresocoahuila.gob.mx\/transparencia\/03\/GACETA-PARLAMENTARIA\/20220427_PPOS09.docx\">Documentos registrados para la Novena Sesi\u00f3n del d\u00eda 27 de abril de 2022<br \/><\/a><a href=\"https:\/\/www.congresocoahuila.gob.mx\/transparencia\/03\/GACETA-PARLAMENTARIA\/20220426_PPOS08.docx\">Documentos registrados para la Octava Sesi\u00f3n del d\u00eda 26 de abril de 2022<br \/><\/a><a href=\"https:\/\/www.congresocoahuila.gob.mx\/transparencia\/03\/GACETA-PARLAMENTARIA\/20220411_PPOS07.docx\">Documentos registrados para la S\u00e9ptima Sesi\u00f3n del d\u00eda 11 de abril de 2022<br \/><\/a><a href=\"https:\/\/www.congresocoahuila.gob.mx\/transparencia\/03\/GACETA-PARLAMENTARIA\/20220405_PPOS06.docx\">Documentos registrados para la Sexta Sesi\u00f3n del d\u00eda 05 de abril de 2022<br \/><\/a><a href=\"https:\/\/www.congresocoahuila.gob.mx\/transparencia\/03\/GACETA-PARLAMENTARIA\/20220329_PPOS05.docx\">Documentos registrados para la Quinta Sesi\u00f3n del d\u00eda 29 de marzo de 2022<br \/><\/a><a href=\"https:\/\/www.congresocoahuila.gob.mx\/transparencia\/03\/GACETA-PARLAMENTARIA\/20220323_PPOS04.docx\">Documentos registrados para la Cuarta Sesi\u00f3n del d\u00eda 23 de marzo de 2022<br \/><\/a><a href=\"https:\/\/www.congresocoahuila.gob.mx\/transparencia\/03\/GACETA-PARLAMENTARIA\/20220315_PPOS03.docx\">Documentos registrados para la Tercera Sesi\u00f3n del d\u00eda 15 de marzo de 2022<br \/><\/a><a href=\"https:\/\/www.congresocoahuila.gob.mx\/transparencia\/03\/GACETA-PARLAMENTARIA\/20220308_PPOS02.docx\">Documentos registrados para la Segunda Sesi\u00f3n del d\u00eda 08 de marzo de 2022<br \/><\/a><a href=\"https:\/\/www.congresocoahuila.gob.mx\/transparencia\/03\/GACETA-PARLAMENTARIA\/20220301_PPOS01.docx\">Documentos registrados para la Primera Sesi\u00f3n del d\u00eda 01 de marzo de 2022<\/a><\/p>\r\n<p><strong>Primer Per\u00edodo Extraordinario \u2013 2022<\/strong><br \/><a href=\"https:\/\/congresocoahuila.gob.mx\/transparencia\/03\/GACETA-PARLAMENTARIA\/20220209_PPES01.docx\">Documentos registrados para la Sesi\u00f3n del d\u00eda 09 de febrero de 2022<\/a><\/p>\r\n<p><strong>Primer Per\u00edodo de la Diputaci\u00f3n Permanente &#8211; 2022<br \/><\/strong> <a href=\"https:\/\/www.congresocoahuila.gob.mx\/transparencia\/03\/GACETA-PARLAMENTARIA\/20220228_PPRS08.docx\">28 de febrero de 2022 &#8211; Sesi\u00f3n Solemne, 100 a\u00f1os de \u00abEl Siglo de Torre\u00f3n\u00bb.<\/a><strong><a href=\"https:\/\/www.congresocoahuila.gob.mx\/transparencia\/03\/GACETA-PARLAMENTARIA\/20220228_PPRS08.docx\"><br \/><\/a><\/strong><a href=\"https:\/\/www.congresocoahuila.gob.mx\/transparencia\/03\/GACETA-PARLAMENTARIA\/20220222_PPRS07.docx\">Documentos registrados para la S\u00e9ptima Sesi\u00f3n del d\u00eda 22 de febrero de 2022<\/a><a href=\"https:\/\/www.congresocoahuila.gob.mx\/transparencia\/03\/GACETA-PARLAMENTARIA\/20220222_PPRS07.docx\"><br \/><\/a><a href=\"https:\/\/www.congresocoahuila.gob.mx\/transparencia\/03\/GACETA-PARLAMENTARIA\/20220209_PPRS06.docx\">Documentos registrados para la Sexta Sesi\u00f3n del d\u00eda 09 de febrero de 2022<br \/><\/a><a href=\"https:\/\/www.congresocoahuila.gob.mx\/transparencia\/03\/GACETA-PARLAMENTARIA\/20220201_PPRS05.docx\">Documentos registrados para la Quinta Sesi\u00f3n del d\u00eda 01 de febrero de 2022<br \/><\/a><a href=\"https:\/\/www.congresocoahuila.gob.mx\/transparencia\/03\/GACETA-PARLAMENTARIA\/20220125_PPRS04.docx\">Documentos registrados para la Cuarta Sesi\u00f3n del d\u00eda 25 de enero de 2022<br \/><\/a><a href=\"https:\/\/www.congresocoahuila.gob.mx\/transparencia\/03\/GACETA-PARLAMENTARIA\/20220118_PPRS03.docx\">Documentos registrados para la Tercera Sesi\u00f3n del d\u00eda 18 de enero de 2022<br \/><\/a><a href=\"https:\/\/www.congresocoahuila.gob.mx\/transparencia\/03\/GACETA-PARLAMENTARIA\/20220111_PPRS02.docx\">Documentos registrados para la Segunda Sesi\u00f3n del d\u00eda 11 de enero de 2022<br \/><\/a><a href=\"https:\/\/www.congresocoahuila.gob.mx\/transparencia\/03\/GACETA-PARLAMENTARIA\/20220107_PPRS01.docx\">Documentos registrados para la Primera Sesi\u00f3n del d\u00eda 07 de enero de 2022<\/a><\/p>\r\n<p><strong>Segundo Per\u00edodo Ordinario \u2013 2021<\/strong><br \/><a href=\"https:\/\/www.congresocoahuila.gob.mx\/transparencia\/03\/GACETA-PARLAMENTARIA\/20211221_SPOS19.docx\">Documentos registrados para la D\u00e9cima Novena Sesi\u00f3n del d\u00eda 21 de diciembre de 2021<br \/><\/a><a href=\"https:\/\/www.congresocoahuila.gob.mx\/transparencia\/03\/GACETA-PARLAMENTARIA\/20211217_SPOS18.docx\">Documentos registrados para la D\u00e9cima Octava Sesi\u00f3n del d\u00eda 17 de diciembre de 2021<br \/><\/a><a href=\"https:\/\/www.congresocoahuila.gob.mx\/transparencia\/03\/GACETA-PARLAMENTARIA\/20211214_SPOS17.docx\">Documentos registrados para la D\u00e9cima S\u00e9ptima Sesi\u00f3n del d\u00eda 14 de diciembre de 2021<br \/><\/a><a href=\"https:\/\/www.congresocoahuila.gob.mx\/transparencia\/03\/GACETA-PARLAMENTARIA\/20211207_SPOS16.docx\">Documentos registrados para la D\u00e9cima Sexta Sesi\u00f3n del d\u00eda 07 de diciembre de 2021<br \/><\/a><a href=\"https:\/\/www.congresocoahuila.gob.mx\/transparencia\/03\/GACETA-PARLAMENTARIA\/20211207_Leyes_Ingresos_2022_1.docx\">Dictamen en relaci\u00f3n a la Ley de Ingresos de los Municipios de; Abasolo, Acu\u00f1a, Allende, Arteaga, Candela, Casta\u00f1os, Cuatro Ci\u00e9negas, Escobedo, Francisco I. Madero, Frontera, General Cepeda, Guerrero e Hidalgo del Estado de Coahuila de Zaragoza para el ejercicio fiscal del a\u00f1o 2022.<br \/><\/a><a href=\"https:\/\/www.congresocoahuila.gob.mx\/transparencia\/03\/GACETA-PARLAMENTARIA\/20211207_Leyes_Ingresos_2022_2.docx\">Dictamen en relaci\u00f3n a la Ley de Ingresos de los Municipios de; Jim\u00e9nez, Ju\u00e1rez, Lamadrid, Matamoros, Monclova, Morelos, M\u00fazquiz, Nadadores, Nava, Ocampo, Parras, Piedras Negras y Progreso, del Estado de Coahuila de Zaragoza para el ejercicio fiscal del a\u00f1o 2022.<br \/><\/a><a href=\"https:\/\/www.congresocoahuila.gob.mx\/transparencia\/03\/GACETA-PARLAMENTARIA\/20211207_Leyes_Ingresos_2022_3.docx\">Dictamen en relaci\u00f3n a la Ley de Ingresos de los Municipios de; Ramos Arizpe, Sabinas, Sacramento, Saltillo, San Buenaventura,\u00a0 San Juan de Sabinas,\u00a0 San Pedro, Sierra Mojada, Torre\u00f3n,\u00a0 Viesca, Villa Uni\u00f3n y Zaragoza del Estado de Coahuila de Zaragoza para el ejercicio fiscal del a\u00f1o 2022.<br \/><\/a><a href=\"https:\/\/www.congresocoahuila.gob.mx\/transparencia\/03\/GACETA-PARLAMENTARIA\/20211207_Tablas_Valores_Catastrales_2022.docx\">Dictamen con relaci\u00f3n al expediente formado con motivo de las adecuaciones que habr\u00e1n de implementarse a los valores catastrales que sirven como base para el cobro de las contribuciones sobre la propiedad inmobiliaria de los municipios de: Abasolo, Acu\u00f1a, Allende, Arteaga,\u00a0 Candela, Casta\u00f1os, Cuatro Ci\u00e9negas, Escobedo, Francisco I. Madero, Frontera, General Cepeda, Guerrero, Hidalgo, Jim\u00e9nez, Ju\u00e1rez, Lamadrid, Matamoros, Monclova, Morelos, M\u00fazquiz, Nadadores, Nava, Ocampo, Parras, Piedras Negras,\u00a0 Progreso, Ramos Arizpe, Sabinas, Sacramento, Saltillo,\u00a0 San Buenaventura,\u00a0 San Juan de Sabinas,\u00a0 San Pedro, Sierra Mojada, Torre\u00f3n,\u00a0 Viesca, Villa Uni\u00f3n y Zaragoza del Estado de Coahuila de Zaragoza para el ejercicio fiscal del a\u00f1o 2022.<br \/><\/a><a href=\"https:\/\/www.congresocoahuila.gob.mx\/transparencia\/03\/GACETA-PARLAMENTARIA\/20211130_SPOS15.docx\">Documentos registrados para la D\u00e9cima Quinta Sesi\u00f3n del d\u00eda 30 de noviembre de 2021<br \/><\/a><a href=\"https:\/\/www.congresocoahuila.gob.mx\/transparencia\/03\/GACETA-PARLAMENTARIA\/20211130_SPOS14_Solemne.docx\">Sesi\u00f3n Solemne, 30 de noviembre de 2021 \u2013 Cuarto Informe de Gobierno, Ing. Miguel \u00c1ngel Riquelme Sol\u00eds, Gobernador del Estado de Coahuila de Zaragoza<br \/><\/a><a href=\"https:\/\/www.congresocoahuila.gob.mx\/transparencia\/03\/GACETA-PARLAMENTARIA\/20211123_SPOS13.docx\">Documentos registrados para la D\u00e9cima Tercera Sesi\u00f3n del d\u00eda 23 de noviembre de 2021<br \/><\/a><a href=\"https:\/\/www.congresocoahuila.gob.mx\/transparencia\/03\/GACETA-PARLAMENTARIA\/20211117_SPOS12.docx\">Documentos registrados para la D\u00e9cima Segunda Sesi\u00f3n del d\u00eda 17 de noviembre de 2021<br \/><\/a><a href=\"https:\/\/www.congresocoahuila.gob.mx\/transparencia\/03\/GACETA-PARLAMENTARIA\/20211109_SPOS11.docx\">Documentos registrados para la D\u00e9cima Primera Sesi\u00f3n del d\u00eda 09 de noviembre de 2021<br \/><\/a><a href=\"https:\/\/www.congresocoahuila.gob.mx\/transparencia\/03\/GACETA-PARLAMENTARIA\/20211103_SPOS10.docx\">Documentos registrados para la D\u00e9cima Sesi\u00f3n del d\u00eda 03 de noviembre de 2021<br \/><\/a><a href=\"https:\/\/www.congresocoahuila.gob.mx\/transparencia\/03\/GACETA-PARLAMENTARIA\/20211026_SPOS09.docx\">Documentos registrados para la Novena Sesi\u00f3n del d\u00eda 26 de octubre de 2021<br \/><\/a><a href=\"https:\/\/www.congresocoahuila.gob.mx\/transparencia\/03\/GACETA-PARLAMENTARIA\/20211019_SPOS08.docx\">Documentos registrados para la Octava Sesi\u00f3n del d\u00eda 19 de octubre de 2021<br \/><\/a><a href=\"https:\/\/www.congresocoahuila.gob.mx\/transparencia\/03\/GACETA-PARLAMENTARIA\/20211012_SPOS07.docx\">Documentos registrados para la S\u00e9ptima Sesi\u00f3n del d\u00eda 12 de octubre de 2021<br \/><\/a><a href=\"https:\/\/www.congresocoahuila.gob.mx\/transparencia\/03\/GACETA-PARLAMENTARIA\/20211005_SPOS06.docx\">Documentos registrados para la Sexta Sesi\u00f3n del d\u00eda 05 de octubre de 2021<br \/><\/a><a href=\"https:\/\/www.congresocoahuila.gob.mx\/transparencia\/03\/GACETA-PARLAMENTARIA\/20210928_SPOS05.docx\">Documentos registrados para la Quinta Sesi\u00f3n del d\u00eda 28 de septiembre de 2021<br \/><\/a><a href=\"https:\/\/www.congresocoahuila.gob.mx\/transparencia\/03\/GACETA-PARLAMENTARIA\/20210921_SPOS04.docx\">Documentos registrados para la Cuarta Sesi\u00f3n del d\u00eda 21 de septiembre de 2021<br \/><\/a><a href=\"https:\/\/www.congresocoahuila.gob.mx\/transparencia\/03\/GACETA-PARLAMENTARIA\/20210914_SPOS03.docx\">Documentos registrados para la Tercera Sesi\u00f3n del d\u00eda 14 de septiembre de 2021<br \/><\/a><a href=\"https:\/\/www.congresocoahuila.gob.mx\/transparencia\/03\/GACETA-PARLAMENTARIA\/20210907_SPOS02.docx\">Documentos registrados para la Segunda Sesi\u00f3n del d\u00eda 07 de septiembre de 2021<br \/><\/a><a href=\"https:\/\/www.congresocoahuila.gob.mx\/transparencia\/03\/GACETA-PARLAMENTARIA\/20210901_SPOS01.docx\">Documentos registrados para la Primera Sesi\u00f3n del d\u00eda 01 de septiembre de 2021<\/a><\/p>\r\n<p><strong>Segundo Per\u00edodo de la Diputaci\u00f3n Permanente &#8211; 2021<\/strong><br \/><a href=\"https:\/\/www.congresocoahuila.gob.mx\/transparencia\/03\/GACETA-PARLAMENTARIA\/20210824_SPRS09.docx\">Documentos registrados para la Novena Sesi\u00f3n del d\u00eda 24 de agosto de 2021<br \/><\/a><a href=\"https:\/\/www.congresocoahuila.gob.mx\/transparencia\/03\/GACETA-PARLAMENTARIA\/20210817_SPRS08.docx\">Documentos registrados para la Octava Sesi\u00f3n del d\u00eda 17 de agosto de 2021<br \/><\/a><a href=\"https:\/\/www.congresocoahuila.gob.mx\/transparencia\/03\/GACETA-PARLAMENTARIA\/20210810_SPRS07.docx\">Documentos registrados para la S\u00e9ptima Sesi\u00f3n del d\u00eda 10 de agosto de 2021<br \/><\/a><a href=\"https:\/\/www.congresocoahuila.gob.mx\/transparencia\/03\/GACETA-PARLAMENTARIA\/20210803_SPRS06.docx\">Documentos registrados para la Sexta Sesi\u00f3n del d\u00eda 03 de agosto de 2021<br \/><\/a><a href=\"https:\/\/www.congresocoahuila.gob.mx\/transparencia\/03\/GACETA-PARLAMENTARIA\/20210730_SPRS05.docx\">Documentos registrados para la Quinta Sesi\u00f3n del d\u00eda 30 de julio de 2021<br \/><\/a><a href=\"https:\/\/www.congresocoahuila.gob.mx\/transparencia\/03\/GACETA-PARLAMENTARIA\/20210719_SPRS04.docx\">Documentos registrados para la Cuarta Sesi\u00f3n del d\u00eda 19 de julio de 2021<\/a><a href=\"https:\/\/www.congresocoahuila.gob.mx\/transparencia\/03\/GACETA-PARLAMENTARIA\/20210730_SPRS05.docx\"><br \/><\/a><a href=\"https:\/\/www.congresocoahuila.gob.mx\/transparencia\/03\/GACETA-PARLAMENTARIA\/20210713_SPRS03.docx\">Documentos registrados para la Tercera Sesi\u00f3n del d\u00eda 13 de julio de 2021<\/a><a href=\"https:\/\/www.congresocoahuila.gob.mx\/transparencia\/03\/GACETA-PARLAMENTARIA\/20210730_SPRS05.docx\"><br \/><\/a><a href=\"https:\/\/www.congresocoahuila.gob.mx\/transparencia\/03\/GACETA-PARLAMENTARIA\/20210706_SPRS02.docx\">Documentos registrados para la Segunda Sesi\u00f3n del d\u00eda 06 de julio de 2021<\/a><a href=\"https:\/\/www.congresocoahuila.gob.mx\/transparencia\/03\/GACETA-PARLAMENTARIA\/20210730_SPRS05.docx\"><br \/><\/a><a href=\"https:\/\/www.congresocoahuila.gob.mx\/transparencia\/03\/GACETA-PARLAMENTARIA\/20210701_SPRS01.docx\">Documentos registrados para la Primera Sesi\u00f3n del d\u00eda 01 de julio de 2021<\/a><\/p>\r\n<p><strong>Primer Per\u00edodo Ordinario \u2013 2021<\/strong><br \/><a href=\"https:\/\/www.congresocoahuila.gob.mx\/congreso\/gaceta\/20210622_PPOS18.docx\">Documentos registrados para la D\u00e9cima Octava Sesi\u00f3n del d\u00eda 22 de junio de 2021<\/a><br \/><a href=\"https:\/\/www.congresocoahuila.gob.mx\/congreso\/gaceta\/20210615_PPOS17.docx\" target=\"_blank\" rel=\"noreferrer noopener\" aria-label=\" (abre en una nueva pesta\u00f1a)\">Documentos registrados para la D\u00e9cima S\u00e9ptima Sesi\u00f3n del d\u00eda 15 de junio de 2021<\/a><br \/><a href=\"https:\/\/www.congresocoahuila.gob.mx\/congreso\/gaceta\/20210608_PPOS16.docx\" target=\"_blank\" rel=\"noreferrer noopener\" aria-label=\" (abre en una nueva pesta\u00f1a)\">Documentos registrados para la D\u00e9cima Sexta Sesi\u00f3n del d\u00eda 08 de junio de 2021<\/a><br \/><a href=\"https:\/\/www.congresocoahuila.gob.mx\/transparencia\/03\/GACETA-PARLAMENTARIA\/20210601_PPOS15.docx\" target=\"_blank\" rel=\"noreferrer noopener\" aria-label=\" (abre en una nueva pesta\u00f1a)\">Documentos registrados para la D\u00e9cima Quinta Sesi\u00f3n del d\u00eda 01 de junio de 2021<\/a><br \/><a href=\"https:\/\/www.congresocoahuila.gob.mx\/transparencia\/03\/GACETA-PARLAMENTARIA\/20210525_PPOS14.docx\" target=\"_blank\" rel=\"noreferrer noopener\" aria-label=\" (abre en una nueva pesta\u00f1a)\">Documentos registrados para la D\u00e9cima Cuarta Sesi\u00f3n del d\u00eda 25 de mayo de 2021<\/a><br \/><a href=\"https:\/\/www.congresocoahuila.gob.mx\/transparencia\/03\/GACETA-PARLAMENTARIA\/20210521_PPOS13_Solemne.docx\" target=\"_blank\" rel=\"noreferrer noopener\" aria-label=\" (abre en una nueva pesta\u00f1a)\">Sesi\u00f3n Solemne &#8211; 21 de mayo de 2021 &#8211; para expresar sentidas condolencias al pueblo de la Rep\u00fablica Popular China.<\/a><br \/><a href=\"https:\/\/www.congresocoahuila.gob.mx\/transparencia\/03\/GACETA-PARLAMENTARIA\/20210511_PPOS12.docx\" target=\"_blank\" rel=\"noreferrer noopener\" aria-label=\" (abre en una nueva pesta\u00f1a)\">Documentos registrados para la D\u00e9cima Segunda Sesi\u00f3n del d\u00eda 11 de mayo de 2021<\/a><br \/><a href=\"https:\/\/www.congresocoahuila.gob.mx\/transparencia\/03\/GACETA-PARLAMENTARIA\/20210504_PPOS11.docx\" target=\"_blank\" rel=\"noreferrer noopener\" aria-label=\" (abre en una nueva pesta\u00f1a)\">Documentos registrados para la D\u00e9cima Primera Sesi\u00f3n del d\u00eda 04 de mayo de 2021<\/a><br \/><a href=\"https:\/\/www.congresocoahuila.gob.mx\/transparencia\/03\/GACETA-PARLAMENTARIA\/20210427_PPOS10.docx\" target=\"_blank\" rel=\"noreferrer noopener\" aria-label=\" (abre en una nueva pesta\u00f1a)\">Documentos registrados para la D\u00e9cima Sesi\u00f3n del d\u00eda 27 de abril de 2021<\/a><br \/><a href=\"https:\/\/www.congresocoahuila.gob.mx\/transparencia\/03\/GACETA-PARLAMENTARIA\/20210421_PPOS09.docx\" target=\"_blank\" rel=\"noreferrer noopener\" aria-label=\" (abre en una nueva pesta\u00f1a)\">Documentos registrados para la Novena Sesi\u00f3n del d\u00eda 21 de abril de 2021<\/a><br \/><a href=\"https:\/\/www.congresocoahuila.gob.mx\/transparencia\/03\/GACETA-PARLAMENTARIA\/20210414_PPOS08.docx\" target=\"_blank\" rel=\"noreferrer noopener\" aria-label=\" (abre en una nueva pesta\u00f1a)\">Documentos registrados para la Octava Sesi\u00f3n del d\u00eda 14 de abril de 2021<\/a><br \/><a href=\"https:\/\/www.congresocoahuila.gob.mx\/transparencia\/03\/GACETA-PARLAMENTARIA\/20210409_PPOS07.docx\" target=\"_blank\" rel=\"noreferrer noopener\" aria-label=\" (abre en una nueva pesta\u00f1a)\">Documentos registrados para la S\u00e9ptima Sesi\u00f3n del d\u00eda 09 de abril de 2021<\/a><br \/><a href=\"https:\/\/www.congresocoahuila.gob.mx\/transparencia\/03\/GACETA-PARLAMENTARIA\/20210329_PPOS06.docx\" target=\"_blank\" rel=\"noreferrer noopener\" aria-label=\" (abre en una nueva pesta\u00f1a)\">Documentos registrados para la Sexta Sesi\u00f3n del d\u00eda 29 de marzo de 2021<\/a><br \/><a href=\"https:\/\/www.congresocoahuila.gob.mx\/transparencia\/03\/GACETA-PARLAMENTARIA\/20210323_PPOS05.docx\" target=\"_blank\" rel=\"noreferrer noopener\" aria-label=\" (abre en una nueva pesta\u00f1a)\">Documentos registrados para la Quinta Sesi\u00f3n del d\u00eda 23 de marzo de 2021<\/a><br \/><a href=\"https:\/\/www.congresocoahuila.gob.mx\/transparencia\/03\/GACETA-PARLAMENTARIA\/20210316_PPOS04.docx\" target=\"_blank\" rel=\"noreferrer noopener\" aria-label=\" (abre en una nueva pesta\u00f1a)\">Documentos registrados para la Cuarta Sesi\u00f3n del d\u00eda 16 de marzo de 2021<\/a><br \/><a href=\"https:\/\/www.congresocoahuila.gob.mx\/transparencia\/03\/GACETA-PARLAMENTARIA\/20210310_PPOS03.docx\" target=\"_blank\" rel=\"noreferrer noopener\" aria-label=\" (abre en una nueva pesta\u00f1a)\">Documentos registrados para la Tercera Sesi\u00f3n del d\u00eda 10 de marzo de 2021<\/a><br \/><a href=\"https:\/\/www.congresocoahuila.gob.mx\/transparencia\/03\/GACETA-PARLAMENTARIA\/20210308_PPOS02_Solemne.docx\">Sesi\u00f3n Solemne &#8211; 8 de marzo de 2021 &#8211; para conmemorar el \u00abD\u00eda Internacional de la Mujer\u00bb<\/a><br \/><a href=\"https:\/\/www.congresocoahuila.gob.mx\/transparencia\/03\/GACETA-PARLAMENTARIA\/20210301_PPOS01.docx\" target=\"_blank\" rel=\"noreferrer noopener\" aria-label=\" (abre en una nueva pesta\u00f1a)\">Documentos registrados para la Primera Sesi\u00f3n del d\u00eda 01 de marzo de 2021<\/a><\/p>\r\n<p><strong>Primer Per\u00edodo de la Diputaci\u00f3n Permanente &#8211; 2021<\/strong><br \/><a href=\"https:\/\/www.congresocoahuila.gob.mx\/transparencia\/03\/GACETA-PARLAMENTARIA\/20210224_PPRS06.docx\">Documentos registrados para la Sexta Sesi\u00f3n del d\u00eda 24 de febrero de 2021<\/a><br \/><a href=\"https:\/\/www.congresocoahuila.gob.mx\/transparencia\/03\/GACETA-PARLAMENTARIA\/20210219_PPRS06_Solemne.docx\">Sesi\u00f3n Solemne \u2013 19 de febrero de 2021 \u2013 para conmemorar el \u00abD\u00eda del Ej\u00e9rcito\u00bb, as\u00ed como para rendir homenaje a Don Venustiano Carranza y a los Diputados del Vig\u00e9simo Segundo Congreso Constitucional del Estado<\/a><br \/><a href=\"https:\/\/www.congresocoahuila.gob.mx\/transparencia\/03\/GACETA-PARLAMENTARIA\/20210217_PPRS05.docx\">Documentos registrados para la Quinta Sesi\u00f3n del d\u00eda 17 de febrero de 2021<\/a><br \/><a href=\"https:\/\/www.congresocoahuila.gob.mx\/transparencia\/03\/GACETA-PARLAMENTARIA\/20210210_PPRS04.docx\">Documentos registrados para la Cuarta Sesi\u00f3n del d\u00eda 10 de febrero de 2021<\/a><br \/><a href=\"https:\/\/www.congresocoahuila.gob.mx\/transparencia\/03\/GACETA-PARLAMENTARIA\/20210203_PPRS03.docx\">Documentos registrados para la Tercera Sesi\u00f3n del d\u00eda 03 de febrero de 2021<\/a><br \/><a href=\"https:\/\/www.congresocoahuila.gob.mx\/transparencia\/03\/GACETA-PARLAMENTARIA\/20210127_PPRS02.docx\">Documentos registrados para la Segunda Sesi\u00f3n del d\u00eda 27 de enero de 2021<\/a><br \/><a href=\"https:\/\/www.congresocoahuila.gob.mx\/transparencia\/03\/GACETA-PARLAMENTARIA\/20210120_PPRS01.docx\">Documentos registrados para la Primera Sesi\u00f3n del d\u00eda 20 de enero de 2021<\/a><\/p>\r\n<p><strong>Per\u00edodo de Instalaci\u00f3n \u2013 2021<\/strong><br \/><a href=\"https:\/\/www.congresocoahuila.gob.mx\/transparencia\/03\/GACETA-PARLAMENTARIA\/20210112_PIS03.docx\">Documentos registrados para la Tercera Sesi\u00f3n del d\u00eda 12 de enero de 2021<\/a><br \/><a href=\"https:\/\/www.congresocoahuila.gob.mx\/transparencia\/03\/GACETA-PARLAMENTARIA\/20210105_PIS02.docx\">Documentos registrados para la Segunda Sesi\u00f3n del d\u00eda 05 de enero de 2021<\/a><br \/><a href=\"https:\/\/www.congresocoahuila.gob.mx\/transparencia\/03\/GACETA-PARLAMENTARIA\/20210101_PIS01.docx\">Documentos registrados para la Primera Sesi\u00f3n del d\u00eda 01 de enero de 2021<\/a><\/p>\r\n\r\n<p><strong>Fecha de Actualizaci\u00f3n:<\/strong>\u00a0 01 de Abril de 2022<br \/><strong>Responsable de la Informaci\u00f3n:\u00a0<\/strong>Lic. Gerardo Blanco Guerra,<br \/>Oficial Mayor del H. Congreso del Estado de Coahuila.<\/p>\r\n<p>&nbsp;<\/p>\r\n","protected":false},"excerpt":{"rendered":"<p>Segundo Per\u00edodo de la Diputaci\u00f3n Permanente &#8211; 2022Documentos registrados para la Segunda Sesi\u00f3n del d\u00eda 12 de julio de 2022Documentos registrados para la Primera Sesi\u00f3n del d\u00eda 05 de julio de 2022 Primer Per\u00edodo Ordinario \u2013 2022Documentos registrados para la D\u00e9cima Octava Sesi\u00f3n del d\u00eda 28 de junio de 2022Documentos registrados para la D\u00e9cima S\u00e9ptima [&hellip;]<\/p>\n","protected":false},"author":3,"featured_media":0,"parent":0,"menu_order":0,"comment_status":"closed","ping_status":"closed","template":"","meta":{"footnotes":""},"categories":[],"tags":[],"class_list":["post-39483","page","type-page","status-publish","hentry"],"_links":{"self":[{"href":"https:\/\/www.congresocoahuila.gob.mx\/portal\/wp-json\/wp\/v2\/pages\/39483","targetHints":{"allow":["GET"]}}],"collection":[{"href":"https:\/\/www.congresocoahuila.gob.mx\/portal\/wp-json\/wp\/v2\/pages"}],"about":[{"href":"https:\/\/www.congresocoahuila.gob.mx\/portal\/wp-json\/wp\/v2\/types\/page"}],"author":[{"embeddable":true,"href":"https:\/\/www.congresocoahuila.gob.mx\/portal\/wp-json\/wp\/v2\/users\/3"}],"replies":[{"embeddable":true,"href":"https:\/\/www.congresocoahuila.gob.mx\/portal\/wp-json\/wp\/v2\/comments?post=39483"}],"version-history":[{"count":106,"href":"https:\/\/www.congresocoahuila.gob.mx\/portal\/wp-json\/wp\/v2\/pages\/39483\/revisions"}],"predecessor-version":[{"id":41851,"href":"https:\/\/www.congresocoahuila.gob.mx\/portal\/wp-json\/wp\/v2\/pages\/39483\/revisions\/41851"}],"wp:attachment":[{"href":"https:\/\/www.congresocoahuila.gob.mx\/portal\/wp-json\/wp\/v2\/media?parent=39483"}],"wp:term":[{"taxonomy":"category","embeddable":true,"href":"https:\/\/www.congresocoahuila.gob.mx\/portal\/wp-json\/wp\/v2\/categories?post=39483"},{"taxonomy":"post_tag","embeddable":true,"href":"https:\/\/www.congresocoahuila.gob.mx\/portal\/wp-json\/wp\/v2\/tags?post=39483"}],"curies":[{"name":"wp","href":"https:\/\/api.w.org\/{rel}","templated":true}]}}