{"id":39536,"date":"2021-01-04T12:07:43","date_gmt":"2021-01-04T18:07:43","guid":{"rendered":"http:\/\/congresocoahuila.gob.mx\/portal\/?page_id=39536"},"modified":"2022-05-05T10:15:22","modified_gmt":"2022-05-05T15:15:22","slug":"iniciativas-2021-2023","status":"publish","type":"page","link":"https:\/\/www.congresocoahuila.gob.mx\/portal\/iniciativas-2021-2023\/","title":{"rendered":"INICIATIVAS 2021-2023"},"content":{"rendered":"<p><a href=\"http:\/\/congresocoahuila.gob.mx\/portal\/iniciativas-de-diputados-2021-2023\">Iniciativas de Diputados<\/a><\/p>\r\n<p><a href=\"http:\/\/congresocoahuila.gob.mx\/portal\/iniciativas-del-ejecutivo-2021-2023\">Iniciativas del Ejecutivo del Estado, Poder Judicial del Estado y de Organismos P\u00fablicos Aut\u00f3nomos<\/a><\/p>\r\n<p><a href=\"http:\/\/congresocoahuila.gob.mx\/portal\/iniciativas-ciudadanas-2021-2023\">Iniciativas Populares e Iniciativas por Presidentes Municipales<\/a><\/p>\r\n\r\n<p><strong>Fecha de actualizaci\u00f3n:<\/strong> 01 de Abril de 2022<br \/><strong>Responsable de la Informaci\u00f3n:<\/strong> Lic. Gerardo Blanco Guerra,<br \/>Oficial Mayor del H. Congreso del Estado de Coahuila.<\/p>\r\n","protected":false},"excerpt":{"rendered":"<p>Iniciativas de Diputados Iniciativas del Ejecutivo del Estado, Poder Judicial del Estado y de Organismos P\u00fablicos Aut\u00f3nomos Iniciativas Populares e Iniciativas por Presidentes Municipales Fecha de actualizaci\u00f3n: 01 de Abril de 2022Responsable de la Informaci\u00f3n: Lic. Gerardo Blanco Guerra,Oficial Mayor del H. Congreso del Estado de Coahuila.<\/p>\n","protected":false},"author":3,"featured_media":0,"parent":0,"menu_order":0,"comment_status":"closed","ping_status":"closed","template":"","meta":{"footnotes":""},"categories":[],"tags":[],"class_list":["post-39536","page","type-page","status-publish","hentry"],"_links":{"self":[{"href":"https:\/\/www.congresocoahuila.gob.mx\/portal\/wp-json\/wp\/v2\/pages\/39536","targetHints":{"allow":["GET"]}}],"collection":[{"href":"https:\/\/www.congresocoahuila.gob.mx\/portal\/wp-json\/wp\/v2\/pages"}],"about":[{"href":"https:\/\/www.congresocoahuila.gob.mx\/portal\/wp-json\/wp\/v2\/types\/page"}],"author":[{"embeddable":true,"href":"https:\/\/www.congresocoahuila.gob.mx\/portal\/wp-json\/wp\/v2\/users\/3"}],"replies":[{"embeddable":true,"href":"https:\/\/www.congresocoahuila.gob.mx\/portal\/wp-json\/wp\/v2\/comments?post=39536"}],"version-history":[{"count":16,"href":"https:\/\/www.congresocoahuila.gob.mx\/portal\/wp-json\/wp\/v2\/pages\/39536\/revisions"}],"predecessor-version":[{"id":43623,"href":"https:\/\/www.congresocoahuila.gob.mx\/portal\/wp-json\/wp\/v2\/pages\/39536\/revisions\/43623"}],"wp:attachment":[{"href":"https:\/\/www.congresocoahuila.gob.mx\/portal\/wp-json\/wp\/v2\/media?parent=39536"}],"wp:term":[{"taxonomy":"category","embeddable":true,"href":"https:\/\/www.congresocoahuila.gob.mx\/portal\/wp-json\/wp\/v2\/categories?post=39536"},{"taxonomy":"post_tag","embeddable":true,"href":"https:\/\/www.congresocoahuila.gob.mx\/portal\/wp-json\/wp\/v2\/tags?post=39536"}],"curies":[{"name":"wp","href":"https:\/\/api.w.org\/{rel}","templated":true}]}}