{"id":39539,"date":"2021-01-04T12:08:45","date_gmt":"2021-01-04T18:08:45","guid":{"rendered":"http:\/\/congresocoahuila.gob.mx\/portal\/?page_id=39539"},"modified":"2022-07-12T14:24:58","modified_gmt":"2022-07-12T19:24:58","slug":"dictamenes-2021-2023","status":"publish","type":"page","link":"https:\/\/www.congresocoahuila.gob.mx\/portal\/dictamenes-2021-2023\/","title":{"rendered":"DICT\u00c1MENES-2021-2023"},"content":{"rendered":"<p><strong>DICT\u00c1MENES LXII LEGISLATURA 2021 &#8211; 2023<\/strong><br \/><a href=\"https:\/\/congresocoahuila.gob.mx\/transparencia\/03\/Dictamenes-2021-2023\/Dictamen_20210210.docx\">Cuarta Sesi\u00f3n del Primer Per\u00edodo de la Diputaci\u00f3n Permanente del d\u00eda 10 de febrero de 2021<\/a><br \/><a href=\"https:\/\/congresocoahuila.gob.mx\/transparencia\/03\/Dictamenes-2021-2023\/Dictamen_20210217.docx\">Quinta Sesi\u00f3n del Primer Per\u00edodo de la Diputaci\u00f3n Permanente del d\u00eda 17 de febrero de 2021<\/a><br \/><a href=\"https:\/\/congresocoahuila.gob.mx\/transparencia\/03\/Dictamenes-2021-2023\/Dictamen_20210224.docx\">Sexta Sesi\u00f3n del Primer Per\u00edodo de la Diputaci\u00f3n Permanente del d\u00eda 24 de febrero de 2021 <\/a><br \/><a href=\"https:\/\/congresocoahuila.gob.mx\/transparencia\/03\/Dictamenes-2021-2023\/Dictamen_20210301.docx\">Primera Sesi\u00f3n del Primer Per\u00edodo Ordinario del d\u00eda 01 de marzo de 2021<\/a><br \/><a href=\"https:\/\/congresocoahuila.gob.mx\/transparencia\/03\/Dictamenes-2021-2023\/Dictamen_20210316.docx\">Cuarta Sesi\u00f3n del Primer Per\u00edodo Ordinario del d\u00eda 16 de marzo de 2021<\/a><br \/><a href=\"https:\/\/congresocoahuila.gob.mx\/transparencia\/03\/Dictamenes-2021-2023\/Dictamen_20210329.docx\">Sexta Sesi\u00f3n del Primer Per\u00edodo Ordinario del d\u00eda 29 de marzo de 2021<\/a><br \/><a href=\"https:\/\/congresocoahuila.gob.mx\/transparencia\/03\/Dictamenes-2021-2023\/Dictamen_20210409.docx\">S\u00e9ptima Sesi\u00f3n del Primer Per\u00edodo Ordinario del d\u00eda 09 de abril de 2021<\/a><br \/><a href=\"https:\/\/congresocoahuila.gob.mx\/transparencia\/03\/Dictamenes-2021-2023\/Dictamen_20210427.docx\">D\u00e9cima Sesi\u00f3n del Primer Per\u00edodo Ordinario del d\u00eda 27 de abril de 2021<\/a><br \/><a href=\"https:\/\/congresocoahuila.gob.mx\/transparencia\/03\/Dictamenes-2021-2023\/Dictamen_20210504.docx\">D\u00e9cima Primera Sesi\u00f3n del Primer Per\u00edodo Ordinario del d\u00eda 04 de mayo de 2021<\/a><br \/><a href=\"https:\/\/congresocoahuila.gob.mx\/transparencia\/03\/Dictamenes-2021-2023\/Dictamen_20210511.docx\">D\u00e9cima Segunda Sesi\u00f3n del Primer Per\u00edodo Ordinario del d\u00eda 11 de mayo de 2021<\/a><br \/><a href=\"https:\/\/congresocoahuila.gob.mx\/transparencia\/03\/Dictamenes-2021-2023\/Dictamen_20210525.docx\">D\u00e9cima Cuarta Sesi\u00f3n del Primer Per\u00edodo Ordinario del d\u00eda 25 de mayo de 2021<\/a><br \/><a href=\"https:\/\/congresocoahuila.gob.mx\/transparencia\/03\/Dictamenes-2021-2023\/Dictamen_20210608.docx\">D\u00e9cima Sexta Sesi\u00f3n del Primer Per\u00edodo Ordinario del d\u00eda 08 de junio de 2021<\/a><br \/><a href=\"https:\/\/congresocoahuila.gob.mx\/transparencia\/03\/Dictamenes-2021-2023\/Dictamen_20210615.docx\">D\u00e9cima S\u00e9ptima Sesi\u00f3n del Primer Per\u00edodo Ordinario del d\u00eda 15 de junio de 2021<\/a><br \/><a href=\"https:\/\/congresocoahuila.gob.mx\/transparencia\/03\/Dictamenes-2021-2023\/Dictamen_20210622.docx\">D\u00e9cima Octava Sesi\u00f3n del Primer Per\u00edodo Ordinario del d\u00eda 22 de junio de 2021<\/a><br \/><a href=\"https:\/\/congresocoahuila.gob.mx\/transparencia\/03\/Dictamenes-2021-2023\/Dictamen_20210701.docx\">Primera\u00a0 Sesi\u00f3n del Segundo Per\u00edodo de la Diputaci\u00f3n Permanente del d\u00eda 01 de julio de 2021<\/a><br \/><a href=\"https:\/\/congresocoahuila.gob.mx\/transparencia\/03\/Dictamenes-2021-2023\/Dictamen_20210706.docx\">Segunda Sesi\u00f3n del Segundo Per\u00edodo de la Diputaci\u00f3n Permanente del d\u00eda 06 de julio de 2021<\/a><br \/><a href=\"https:\/\/congresocoahuila.gob.mx\/transparencia\/03\/Dictamenes-2021-2023\/Dictamen_20210719.docx\">Cuarta Sesi\u00f3n del Segundo Per\u00edodo de la Diputaci\u00f3n Permanente del d\u00eda 19 de julio de 2021<\/a><br \/><a href=\"https:\/\/congresocoahuila.gob.mx\/transparencia\/03\/Dictamenes-2021-2023\/Dictamen_20210803.docx\">Sexta Sesi\u00f3n del Segundo Per\u00edodo de la Diputaci\u00f3n Permanente del d\u00eda 03 de agosto de 2021<\/a><br \/><a href=\"https:\/\/congresocoahuila.gob.mx\/transparencia\/03\/Dictamenes-2021-2023\/Dictamen_20210810.docx\">S\u00e9ptima Sesi\u00f3n del Segundo Per\u00edodo de la Diputaci\u00f3n Permanente del d\u00eda 10 de agosto de 2021<\/a><br \/><a href=\"https:\/\/congresocoahuila.gob.mx\/transparencia\/03\/Dictamenes-2021-2023\/Dictamen_20210901.docx\">Primera Sesi\u00f3n del Segundo Per\u00edodo Ordinario del d\u00eda 01 de septiembre de 2021<\/a><br \/><a href=\"https:\/\/congresocoahuila.gob.mx\/transparencia\/03\/Dictamenes-2021-2023\/Dictamen_20210907.docx\">Segunda Sesi\u00f3n del Segundo Per\u00edodo Ordinario del d\u00eda 07 de septiembre de 2021<\/a><br \/><a href=\"https:\/\/congresocoahuila.gob.mx\/transparencia\/03\/Dictamenes-2021-2023\/Dictamen_20210914.docx\">Tercera Sesi\u00f3n del Segundo Per\u00edodo Ordinario del d\u00eda 14 de septiembre de 2021<\/a><br \/><a href=\"https:\/\/congresocoahuila.gob.mx\/transparencia\/03\/Dictamenes-2021-2023\/Dictamen_20210921.docx\">Cuarta Sesi\u00f3n del Segundo Per\u00edodo Ordinario del d\u00eda 21 de septiembre de 2021<\/a><br \/><a href=\"https:\/\/congresocoahuila.gob.mx\/transparencia\/03\/Dictamenes-2021-2023\/Dictamen_20210928.docx\">Quinta Sesi\u00f3n del Segundo Per\u00edodo Ordinario del d\u00eda 28 de septiembre de 2021<\/a><br \/><a href=\"https:\/\/congresocoahuila.gob.mx\/transparencia\/03\/Dictamenes-2021-2023\/Dictamen_20211005.docx\">Sexta Sesi\u00f3n del Segundo Per\u00edodo Ordinario del d\u00eda 05 de octubre de 2021<\/a><br \/><a href=\"https:\/\/congresocoahuila.gob.mx\/transparencia\/03\/Dictamenes-2021-2023\/Dictamen_20211019.docx\">Octava Sesi\u00f3n del Segundo Per\u00edodo Ordinario del d\u00eda 19 de octubre de 2021<\/a><br \/><a href=\"https:\/\/congresocoahuila.gob.mx\/transparencia\/03\/Dictamenes-2021-2023\/Dictamen_20211026.docx\">Novena Sesi\u00f3n del Segundo Per\u00edodo Ordinario del d\u00eda 26 de octubre de 2021<\/a><br \/><a href=\"https:\/\/congresocoahuila.gob.mx\/transparencia\/03\/Dictamenes-2021-2023\/Dictamen_20211103.docx\">D\u00e9cima Sesi\u00f3n del Segundo Per\u00edodo Ordinario del d\u00eda 03 de noviembre de 2021<\/a><br \/><a href=\"https:\/\/congresocoahuila.gob.mx\/transparencia\/03\/Dictamenes-2021-2023\/Dictamen_20211109.docx\">D\u00e9cima Primera Sesi\u00f3n del Segundo Per\u00edodo Ordinario del d\u00eda 09 de noviembre de 2021<\/a><br \/><a href=\"https:\/\/congresocoahuila.gob.mx\/transparencia\/03\/Dictamenes-2021-2023\/Dictamen_20211117.docx\">D\u00e9cima Segunda Sesi\u00f3n del Segundo Per\u00edodo Ordinario del d\u00eda 17 de noviembre de 2021<\/a><br \/><a href=\"https:\/\/congresocoahuila.gob.mx\/transparencia\/03\/Dictamenes-2021-2023\/Dictamen_20211123.docx\">D\u00e9cima Tercera Sesi\u00f3n del Segundo Per\u00edodo Ordinario del d\u00eda 23 de noviembre de 2021<\/a><br \/><a href=\"https:\/\/www.congresocoahuila.gob.mx\/transparencia\/03\/Dictamenes-2021-2023\/20211207_Leyes_Ingresos_2022_1.docx\">Dictamen en relaci\u00f3n a la Ley de Ingresos de los Municipios de; Abasolo, Acu\u00f1a, Allende, Arteaga, Candela, Casta\u00f1os, Cuatro Ci\u00e9negas, Escobedo, Francisco I. Madero, Frontera, General Cepeda, Guerrero e Hidalgo del Estado de Coahuila de Zaragoza para el ejercicio fiscal del a\u00f1o 2022.<\/a><br \/><a href=\"https:\/\/www.congresocoahuila.gob.mx\/transparencia\/03\/Dictamenes-2021-2023\/20211207_Leyes_Ingresos_2022_2.docx\">Dictamen en relaci\u00f3n a la Ley de Ingresos de los Municipios de; Jim\u00e9nez, Ju\u00e1rez, Lamadrid, Matamoros, Monclova, Morelos, M\u00fazquiz, Nadadores, Nava, Ocampo, Parras, Piedras Negras y Progreso, del Estado de Coahuila de Zaragoza para el ejercicio fiscal del a\u00f1o 2022.<\/a><br \/><a href=\"https:\/\/www.congresocoahuila.gob.mx\/transparencia\/03\/Dictamenes-2021-2023\/20211207_Leyes_Ingresos_2022_3.docx\">Dictamen en relaci\u00f3n a la Ley de Ingresos de los Municipios de; Ramos Arizpe, Sabinas, Sacramento, Saltillo, San Buenaventura,\u00a0 San Juan de Sabinas,\u00a0 San Pedro, Sierra Mojada, Torre\u00f3n,\u00a0 Viesca, Villa Uni\u00f3n y Zaragoza del Estado de Coahuila de Zaragoza para el ejercicio fiscal del a\u00f1o 2022.<\/a><br \/><a href=\"https:\/\/www.congresocoahuila.gob.mx\/transparencia\/03\/Dictamenes-2021-2023\/20211207_Tablas_Valores_Catastrales_2022.docx\">Dictamen con relaci\u00f3n al expediente formado con motivo de las adecuaciones que habr\u00e1n de implementarse a los valores catastrales que sirven como base para el cobro de las contribuciones sobre la propiedad inmobiliaria de los municipios de: Abasolo, Acu\u00f1a, Allende, Arteaga,\u00a0 Candela, Casta\u00f1os, Cuatro Ci\u00e9negas, Escobedo, Francisco I. Madero, Frontera, General Cepeda, Guerrero, Hidalgo, Jim\u00e9nez, Ju\u00e1rez, Lamadrid, Matamoros, Monclova, Morelos, M\u00fazquiz, Nadadores, Nava, Ocampo, Parras, Piedras Negras,\u00a0 Progreso, Ramos Arizpe, Sabinas, Sacramento, Saltillo,\u00a0 San Buenaventura,\u00a0 San Juan de Sabinas,\u00a0 San Pedro, Sierra Mojada, Torre\u00f3n,\u00a0 Viesca, Villa Uni\u00f3n y Zaragoza del Estado de Coahuila de Zaragoza para el ejercicio fiscal del a\u00f1o 2022.<\/a><br \/><a href=\"https:\/\/congresocoahuila.gob.mx\/transparencia\/03\/Dictamenes-2021-2023\/Dictamen_20211214.docx\">D\u00e9cima S\u00e9ptima Sesi\u00f3n del Segundo Per\u00edodo Ordinario del d\u00eda 14 de diciembre de 2021<\/a><br \/><a href=\"https:\/\/congresocoahuila.gob.mx\/transparencia\/03\/Dictamenes-2021-2023\/Dictamen_20211217.docx\">D\u00e9cima Octava Sesi\u00f3n del Segundo Per\u00edodo Ordinario del d\u00eda 17 de diciembre de 2021<\/a><br \/><a href=\"https:\/\/congresocoahuila.gob.mx\/transparencia\/03\/Dictamenes-2021-2023\/Dictamen_20211221.docx\">D\u00e9cima Novena Sesi\u00f3n del Segundo Per\u00edodo Ordinario del d\u00eda 21 de diciembre de 2021<\/a><br \/><a href=\"https:\/\/congresocoahuila.gob.mx\/transparencia\/03\/Dictamenes-2021-2023\/Dictamen_20220107.docx\">Primera Sesi\u00f3n del Primer Per\u00edodo de la Diputaci\u00f3n Permanente del d\u00eda 07 de enero de 2022<\/a><br \/><a href=\"https:\/\/congresocoahuila.gob.mx\/transparencia\/03\/Dictamenes-2021-2023\/Dictamen_20220125.docx\">Cuarta Sesi\u00f3n del Primer Per\u00edodo de la Diputaci\u00f3n Permanente del d\u00eda 25 de enero de 2022<\/a><br \/><a href=\"https:\/\/congresocoahuila.gob.mx\/transparencia\/03\/Dictamenes-2021-2023\/Dictamen_20220201.docx\">Quinta Sesi\u00f3n del Primer Per\u00edodo de la Diputaci\u00f3n Permanente del d\u00eda 01 de febrero de 2022<\/a><br \/><a href=\"https:\/\/congresocoahuila.gob.mx\/transparencia\/03\/Dictamenes-2021-2023\/Dictamen_20220209E.docx\">Sesi\u00f3n Extraordinaria del Primer Per\u00edodo Extraordinario del d\u00eda 09 de febrero de 2022<\/a><br \/><a href=\"https:\/\/congresocoahuila.gob.mx\/transparencia\/03\/Dictamenes-2021-2023\/Dictamen_20220209.docx\">Sexta Sesi\u00f3n del Primer Per\u00edodo de la Diputaci\u00f3n Permanente del d\u00eda 09 de febrero de 2022<\/a><br \/><a href=\"https:\/\/congresocoahuila.gob.mx\/transparencia\/03\/Dictamenes-2021-2023\/Dictamen_20220222.docx\">S\u00e9ptima Sesi\u00f3n del Primer Per\u00edodo de la Diputaci\u00f3n Permanente del d\u00eda 22 de febrero de 2022<\/a><br \/><a href=\"https:\/\/congresocoahuila.gob.mx\/transparencia\/03\/Dictamenes-2021-2023\/Dictamen_20220308.docx\">Segunda Sesi\u00f3n del Primer Per\u00edodo Ordinario del d\u00eda 08 de marzo de 2022<\/a><br \/><a href=\"https:\/\/congresocoahuila.gob.mx\/transparencia\/03\/Dictamenes-2021-2023\/Dictamen_20220315.docx\">Tercera Sesi\u00f3n del Primer Per\u00edodo Ordinario del d\u00eda 15 de marzo de 2022<\/a><br \/><a href=\"https:\/\/congresocoahuila.gob.mx\/transparencia\/03\/Dictamenes-2021-2023\/Dictamen_20220323.docx\">Cuarta Sesi\u00f3n del Primer Per\u00edodo Ordinario del d\u00eda 23 de marzo de 2022<\/a><br \/><a href=\"https:\/\/congresocoahuila.gob.mx\/transparencia\/03\/Dictamenes-2021-2023\/Dictamen_20220329.docx\">Quinta Sesi\u00f3n del Primer Per\u00edodo Ordinario del d\u00eda 29 de marzo de 2022<\/a><br \/><a href=\"https:\/\/congresocoahuila.gob.mx\/transparencia\/03\/Dictamenes-2021-2023\/Dictamen_20220405.docx\">Sexta Sesi\u00f3n del Primer Per\u00edodo Ordinario del d\u00eda 05 de abril de 2022<\/a><br \/><a href=\"https:\/\/congresocoahuila.gob.mx\/transparencia\/03\/Dictamenes-2021-2023\/Dictamen_20220411.docx\">S\u00e9ptima Sesi\u00f3n del Primer Per\u00edodo Ordinario del d\u00eda 11 de abril de 2022<\/a><br \/><a href=\"https:\/\/congresocoahuila.gob.mx\/transparencia\/03\/Dictamenes-2021-2023\/Dictamen_20220426.docx\">Octava Sesi\u00f3n del Primer Per\u00edodo Ordinario del d\u00eda 26 de abril de 2022<\/a><br \/><a href=\"https:\/\/congresocoahuila.gob.mx\/transparencia\/03\/Dictamenes-2021-2023\/Dictamen_20220427.docx\">Novena Sesi\u00f3n del Primer Per\u00edodo Ordinario del d\u00eda 27 de abril de 2022<\/a><br \/><a href=\"https:\/\/congresocoahuila.gob.mx\/transparencia\/03\/Dictamenes-2021-2023\/Dictamen_20220503.docx\">D\u00e9cima Sesi\u00f3n del Primer Per\u00edodo Ordinario del d\u00eda 03 de mayo de 2022<\/a><br \/><a href=\"https:\/\/congresocoahuila.gob.mx\/transparencia\/03\/Dictamenes-2021-2023\/Dictamen_20220509.docx\">D\u00e9cima Primera Sesi\u00f3n del Primer Per\u00edodo Ordinario del d\u00eda 09 de mayo de 2022<\/a><br \/><a href=\"https:\/\/congresocoahuila.gob.mx\/transparencia\/03\/Dictamenes-2021-2023\/Dictamen_20220531.docx\">D\u00e9cima Cuarta Sesi\u00f3n del Primer Per\u00edodo Ordinario del d\u00eda 31 de mayo de 2022<\/a><br \/><a href=\"https:\/\/congresocoahuila.gob.mx\/transparencia\/03\/Dictamenes-2021-2023\/Dictamen_20220607.docx\">D\u00e9cima Quinta Sesi\u00f3n del Primer Per\u00edodo Ordinario del d\u00eda 07 de junio de 2022<\/a><br \/><a href=\"https:\/\/congresocoahuila.gob.mx\/transparencia\/03\/Dictamenes-2021-2023\/Dictamen_20220614.docx\">D\u00e9cima Sexta Sesi\u00f3n del Primer Per\u00edodo Ordinario del d\u00eda 14 de junio de 2022<\/a><br \/><a href=\"https:\/\/congresocoahuila.gob.mx\/transparencia\/03\/Dictamenes-2021-2023\/Dictamen_20220621.docx\">D\u00e9cima S\u00e9ptima Sesi\u00f3n del Primer Per\u00edodo Ordinario del d\u00eda 21 de junio de 2022<\/a><br \/><a href=\"https:\/\/congresocoahuila.gob.mx\/transparencia\/03\/Dictamenes-2021-2023\/Dictamen_20220628.docx\">D\u00e9cima Octava Sesi\u00f3n del Primer Per\u00edodo Ordinario del d\u00eda 28 de junio de 2022<\/a><br \/><a href=\"https:\/\/congresocoahuila.gob.mx\/transparencia\/03\/Dictamenes-2021-2023\/Dictamen_20220705.docx\">Primera Sesi\u00f3n del Segundo Per\u00edodo de la Diputaci\u00f3n Permanente del d\u00eda 05 de julio de 2022<\/a><br \/><a href=\"https:\/\/congresocoahuila.gob.mx\/transparencia\/03\/Dictamenes-2021-2023\/Dictamen_20220712.docx\">Segunda Sesi\u00f3n del Segundo Per\u00edodo de la Diputaci\u00f3n Permanente del d\u00eda 12 de julio de 2022<\/a><\/p>\r\n<p>&nbsp;<\/p>\r\n<p>&nbsp;<\/p>\r\n\r\n<p>&nbsp;<\/p>\r\n","protected":false},"excerpt":{"rendered":"<p>DICT\u00c1MENES LXII LEGISLATURA 2021 &#8211; 2023Cuarta Sesi\u00f3n del Primer Per\u00edodo de la Diputaci\u00f3n Permanente del d\u00eda 10 de febrero de 2021Quinta Sesi\u00f3n del Primer Per\u00edodo de la Diputaci\u00f3n Permanente del d\u00eda 17 de febrero de 2021Sexta Sesi\u00f3n del Primer Per\u00edodo de la Diputaci\u00f3n Permanente del d\u00eda 24 de febrero de 2021 Primera Sesi\u00f3n del Primer [&hellip;]<\/p>\n","protected":false},"author":3,"featured_media":0,"parent":0,"menu_order":0,"comment_status":"closed","ping_status":"closed","template":"","meta":{"footnotes":""},"categories":[],"tags":[],"class_list":["post-39539","page","type-page","status-publish","hentry"],"_links":{"self":[{"href":"https:\/\/www.congresocoahuila.gob.mx\/portal\/wp-json\/wp\/v2\/pages\/39539","targetHints":{"allow":["GET"]}}],"collection":[{"href":"https:\/\/www.congresocoahuila.gob.mx\/portal\/wp-json\/wp\/v2\/pages"}],"about":[{"href":"https:\/\/www.congresocoahuila.gob.mx\/portal\/wp-json\/wp\/v2\/types\/page"}],"author":[{"embeddable":true,"href":"https:\/\/www.congresocoahuila.gob.mx\/portal\/wp-json\/wp\/v2\/users\/3"}],"replies":[{"embeddable":true,"href":"https:\/\/www.congresocoahuila.gob.mx\/portal\/wp-json\/wp\/v2\/comments?post=39539"}],"version-history":[{"count":62,"href":"https:\/\/www.congresocoahuila.gob.mx\/portal\/wp-json\/wp\/v2\/pages\/39539\/revisions"}],"predecessor-version":[{"id":43891,"href":"https:\/\/www.congresocoahuila.gob.mx\/portal\/wp-json\/wp\/v2\/pages\/39539\/revisions\/43891"}],"wp:attachment":[{"href":"https:\/\/www.congresocoahuila.gob.mx\/portal\/wp-json\/wp\/v2\/media?parent=39539"}],"wp:term":[{"taxonomy":"category","embeddable":true,"href":"https:\/\/www.congresocoahuila.gob.mx\/portal\/wp-json\/wp\/v2\/categories?post=39539"},{"taxonomy":"post_tag","embeddable":true,"href":"https:\/\/www.congresocoahuila.gob.mx\/portal\/wp-json\/wp\/v2\/tags?post=39539"}],"curies":[{"name":"wp","href":"https:\/\/api.w.org\/{rel}","templated":true}]}}