{"id":39756,"date":"2021-01-12T16:19:31","date_gmt":"2021-01-12T22:19:31","guid":{"rendered":"http:\/\/congresocoahuila.gob.mx\/portal\/?page_id=39756"},"modified":"2021-01-12T21:00:40","modified_gmt":"2021-01-13T03:00:40","slug":"emilio-a-de-hoyos-montemayor-2","status":"publish","type":"page","link":"https:\/\/www.congresocoahuila.gob.mx\/portal\/emilio-a-de-hoyos-montemayor-2\/","title":{"rendered":"EMILIO A. DE HOYOS MONTEMAYOR"},"content":{"rendered":"\n<p><\/p>\n\n\n<h3 style=\"text-align: left;\">\u00a0<\/h3>\n<table style=\"width: 457px;\" border=\"0\" width=\"459\" cellspacing=\"0\" cellpadding=\"0\">\n<tbody>\n<tr>\n<td style=\"width: 121px;\" bgcolor=\"#FFFFFF\" width=\"165\">\n<h3 style=\"text-align: left;\"><img loading=\"lazy\" decoding=\"async\" class=\"alignnone size-full wp-image-12007\" src=\"http:\/\/congresocoahuila.gob.mx\/portal\/wp-content\/uploads\/2014\/12\/01-3.jpg\" alt=\"_MG_7922_icono\" width=\"218\" height=\"266\" \/><\/h3>\n<p style=\"text-align: center;\"><a href=\"https:\/\/congresocoahuila.gob.mx\/transparencia\/02\/DIP_CV\/LXI\/01_DIP_EMILIO_ALEJANDRO_MONTEMAYOR.docx\">CURR\u00cdCULUM<\/a><\/p>\n<p style=\"text-align: center;\">\u00a0<\/p>\n<p style=\"text-align: center;\">\u00a0<\/p>\n<\/td>\n<td style=\"text-align: left; width: 336px;\" valign=\"middle\" bgcolor=\"#FFFFFF\" width=\"425\"><strong><u>COMISIONES PERMANENTES:<\/u><\/strong><br \/>Presupuesto\u00a0 (Coordinador)<br \/>Reglamentos y Pr\u00e1cticas Parlamentarias<br \/>Gobernaci\u00f3n, Puntos Constitucionales y Justicia<br \/>Auditor\u00eda Gubernamental y Cuenta P\u00fablica<br \/>Desarrollo Econ\u00f3mico, Competitividad y Turismo<br \/>Asuntos Fronterizos<br \/>Instructora de Juicio Pol\u00edtico y de Declaraci\u00f3n de Procedencia en Materia de Responsabilidad Penal\n<p>\u00a0<\/p>\n<p><strong><u>COMIT\u00c9S:<\/u><\/strong><br \/>Seguimiento de Acuerdos (Presidente)<\/p>\n<\/td>\n<\/tr>\n<\/tbody>\n<\/table>\n<h3 style=\"text-align: center;\"><span style=\"font-family: arial, helvetica, sans-serif; font-size: 10pt;\"><a href=\"https:\/\/congresocoahuila.gob.mx\/transparencia\/03\/Decretos-2018-2020\/Decreto001-18.doc\">DECRETO 1<\/a><\/span><\/h3>","protected":false},"excerpt":{"rendered":"<p>\u00a0 CURR\u00cdCULUM \u00a0 \u00a0 COMISIONES PERMANENTES:Presupuesto\u00a0 (Coordinador)Reglamentos y Pr\u00e1cticas ParlamentariasGobernaci\u00f3n, Puntos Constitucionales y JusticiaAuditor\u00eda Gubernamental y Cuenta P\u00fablicaDesarrollo Econ\u00f3mico, Competitividad y TurismoAsuntos FronterizosInstructora de Juicio Pol\u00edtico y de Declaraci\u00f3n de Procedencia en Materia de Responsabilidad Penal \u00a0 COMIT\u00c9S:Seguimiento de Acuerdos (Presidente) DECRETO 1<\/p>\n","protected":false},"author":6,"featured_media":0,"parent":0,"menu_order":0,"comment_status":"closed","ping_status":"closed","template":"","meta":{"footnotes":""},"categories":[],"tags":[],"class_list":["post-39756","page","type-page","status-publish","hentry"],"_links":{"self":[{"href":"https:\/\/www.congresocoahuila.gob.mx\/portal\/wp-json\/wp\/v2\/pages\/39756","targetHints":{"allow":["GET"]}}],"collection":[{"href":"https:\/\/www.congresocoahuila.gob.mx\/portal\/wp-json\/wp\/v2\/pages"}],"about":[{"href":"https:\/\/www.congresocoahuila.gob.mx\/portal\/wp-json\/wp\/v2\/types\/page"}],"author":[{"embeddable":true,"href":"https:\/\/www.congresocoahuila.gob.mx\/portal\/wp-json\/wp\/v2\/users\/6"}],"replies":[{"embeddable":true,"href":"https:\/\/www.congresocoahuila.gob.mx\/portal\/wp-json\/wp\/v2\/comments?post=39756"}],"version-history":[{"count":18,"href":"https:\/\/www.congresocoahuila.gob.mx\/portal\/wp-json\/wp\/v2\/pages\/39756\/revisions"}],"predecessor-version":[{"id":39822,"href":"https:\/\/www.congresocoahuila.gob.mx\/portal\/wp-json\/wp\/v2\/pages\/39756\/revisions\/39822"}],"wp:attachment":[{"href":"https:\/\/www.congresocoahuila.gob.mx\/portal\/wp-json\/wp\/v2\/media?parent=39756"}],"wp:term":[{"taxonomy":"category","embeddable":true,"href":"https:\/\/www.congresocoahuila.gob.mx\/portal\/wp-json\/wp\/v2\/categories?post=39756"},{"taxonomy":"post_tag","embeddable":true,"href":"https:\/\/www.congresocoahuila.gob.mx\/portal\/wp-json\/wp\/v2\/tags?post=39756"}],"curies":[{"name":"wp","href":"https:\/\/api.w.org\/{rel}","templated":true}]}}