{"id":39810,"date":"2021-01-12T20:40:13","date_gmt":"2021-01-13T02:40:13","guid":{"rendered":"http:\/\/congresocoahuila.gob.mx\/portal\/?page_id=39810"},"modified":"2021-01-12T21:15:57","modified_gmt":"2021-01-13T03:15:57","slug":"edgar-gerardo-sanchez-garza-2","status":"publish","type":"page","link":"https:\/\/www.congresocoahuila.gob.mx\/portal\/edgar-gerardo-sanchez-garza-2\/","title":{"rendered":"EDGAR GERARDO SANCHEZ GARZA"},"content":{"rendered":"\n<p><\/p>\n\n\n<p>\u00a0<\/p>\n<table style=\"width: 457px;\" border=\"0\" width=\"459\" cellspacing=\"0\" cellpadding=\"0\">\n<tbody>\n<tr>\n<td style=\"width: 121px;\" bgcolor=\"#FFFFFF\" width=\"165\">\n<h3>\u00a0<img loading=\"lazy\" decoding=\"async\" class=\"alignnone wp-image-33967 size-full\" src=\"http:\/\/congresocoahuila.gob.mx\/portal\/wp-content\/uploads\/2014\/12\/04-4.jpg\" alt=\"\" width=\"218\" height=\"266\" \/><\/h3>\n<p style=\"text-align: center;\"><a href=\"https:\/\/congresocoahuila.gob.mx\/transparencia\/02\/DIP_CV\/LXI\/04_DIP_EDGAR_GERARDO_SANCHEZ_GARZA.pdf\">CURR\u00cdCULUM<\/a><\/p>\n<p style=\"text-align: center;\">\u00a0<\/p>\n<\/td>\n<td style=\"text-align: left; width: 336px;\" valign=\"middle\" bgcolor=\"#FFFFFF\" width=\"425\">\n<p><strong><u>COMISIONES PERMANENTES:<\/u><\/strong><br \/>Desarrollo Urbano, Infraestructura y Transporte (Coordinador)<br \/>Deporte y Juventud (Secretario)<br \/>Gobernaci\u00f3n, Puntos Constitucionales y Justicia<br \/>Hacienda<br \/>Desarrollo Social<br \/>Desarrollo Rural<br \/>Seguridad P\u00fablica<br \/>Transparencia y Acceso a la Informaci\u00f3n<\/p>\n<p><br \/><strong>COMIT\u00c9S:<\/strong><br \/>Adquisiciones (Secretario)<br \/><br \/><\/p>\n<p>\u00a0<\/p>\n<\/td>\n<\/tr>\n<\/tbody>\n<\/table>\n<p>\u00a0<\/p>","protected":false},"excerpt":{"rendered":"<p>\u00a0 \u00a0 CURR\u00cdCULUM \u00a0 COMISIONES PERMANENTES:Desarrollo Urbano, Infraestructura y Transporte (Coordinador)Deporte y Juventud (Secretario)Gobernaci\u00f3n, Puntos Constitucionales y JusticiaHaciendaDesarrollo SocialDesarrollo RuralSeguridad P\u00fablicaTransparencia y Acceso a la Informaci\u00f3n COMIT\u00c9S:Adquisiciones (Secretario) \u00a0 \u00a0<\/p>\n","protected":false},"author":6,"featured_media":0,"parent":0,"menu_order":0,"comment_status":"closed","ping_status":"closed","template":"","meta":{"footnotes":""},"categories":[],"tags":[],"class_list":["post-39810","page","type-page","status-publish","hentry"],"_links":{"self":[{"href":"https:\/\/www.congresocoahuila.gob.mx\/portal\/wp-json\/wp\/v2\/pages\/39810","targetHints":{"allow":["GET"]}}],"collection":[{"href":"https:\/\/www.congresocoahuila.gob.mx\/portal\/wp-json\/wp\/v2\/pages"}],"about":[{"href":"https:\/\/www.congresocoahuila.gob.mx\/portal\/wp-json\/wp\/v2\/types\/page"}],"author":[{"embeddable":true,"href":"https:\/\/www.congresocoahuila.gob.mx\/portal\/wp-json\/wp\/v2\/users\/6"}],"replies":[{"embeddable":true,"href":"https:\/\/www.congresocoahuila.gob.mx\/portal\/wp-json\/wp\/v2\/comments?post=39810"}],"version-history":[{"count":3,"href":"https:\/\/www.congresocoahuila.gob.mx\/portal\/wp-json\/wp\/v2\/pages\/39810\/revisions"}],"predecessor-version":[{"id":39830,"href":"https:\/\/www.congresocoahuila.gob.mx\/portal\/wp-json\/wp\/v2\/pages\/39810\/revisions\/39830"}],"wp:attachment":[{"href":"https:\/\/www.congresocoahuila.gob.mx\/portal\/wp-json\/wp\/v2\/media?parent=39810"}],"wp:term":[{"taxonomy":"category","embeddable":true,"href":"https:\/\/www.congresocoahuila.gob.mx\/portal\/wp-json\/wp\/v2\/categories?post=39810"},{"taxonomy":"post_tag","embeddable":true,"href":"https:\/\/www.congresocoahuila.gob.mx\/portal\/wp-json\/wp\/v2\/tags?post=39810"}],"curies":[{"name":"wp","href":"https:\/\/api.w.org\/{rel}","templated":true}]}}