{"id":39836,"date":"2021-01-12T21:45:47","date_gmt":"2021-01-13T03:45:47","guid":{"rendered":"http:\/\/congresocoahuila.gob.mx\/portal\/?page_id=39836"},"modified":"2021-01-12T21:45:48","modified_gmt":"2021-01-13T03:45:48","slug":"josefina-garza-barrera-2","status":"publish","type":"page","link":"https:\/\/www.congresocoahuila.gob.mx\/portal\/josefina-garza-barrera-2\/","title":{"rendered":"JOSEFINA GARZA BARRERA"},"content":{"rendered":"\n<p><\/p>\n\n\n<p>\u00a0<\/p>\n<table style=\"width: 457px;\" border=\"0\" width=\"459\" cellspacing=\"0\" cellpadding=\"0\">\n<tbody>\n<tr>\n<td style=\"width: 121px;\" bgcolor=\"#FFFFFF\" width=\"165\">\n<h3>\u00a0<img loading=\"lazy\" decoding=\"async\" class=\"alignnone wp-image-29834 size-full\" src=\"http:\/\/congresocoahuila.gob.mx\/portal\/wp-content\/uploads\/2014\/12\/06-2.jpg\" alt=\"\" width=\"218\" height=\"266\" \/><\/h3>\n<p style=\"text-align: center;\"><a href=\"https:\/\/congresocoahuila.gob.mx\/transparencia\/02\/DIP_CV\/LXI\/06_JOSEFINA_GARZA_BARRERA.docx\">CURR\u00cdCULUM<\/a><\/p>\n<p style=\"text-align: center;\">\u00a0<\/p>\n<\/td>\n<td style=\"text-align: left; width: 336px;\" valign=\"middle\" bgcolor=\"#FFFFFF\" width=\"425\"><strong><u>COMISIONES PERMANENTES:<\/u><\/strong><br \/>Asuntos Municipales y Zonas Metropolitanas (Coordinadora)<br \/>Desarrollo Urbano, Infraestructura y Transporte (Secretaria)<br \/>Desarrollo Econ\u00f3mico, Competitividad y Turismo<br \/>Salud, Medio Ambiente, Recursos Naturales y Agua<br \/>Energ\u00eda, Miner\u00eda e Hidrocarburos<br \/><br \/><\/td>\n<\/tr>\n<\/tbody>\n<\/table>\n<h3 style=\"text-align: center;\"><span style=\"font-family: arial, helvetica, sans-serif; font-size: 10pt;\"><a href=\"https:\/\/congresocoahuila.gob.mx\/transparencia\/03\/Decretos-2018-2020\/Decreto001-18.doc\">DECRETO 1<\/a><\/span><\/h3>","protected":false},"excerpt":{"rendered":"<p>\u00a0 \u00a0 CURR\u00cdCULUM \u00a0 COMISIONES PERMANENTES:Asuntos Municipales y Zonas Metropolitanas (Coordinadora)Desarrollo Urbano, Infraestructura y Transporte (Secretaria)Desarrollo Econ\u00f3mico, Competitividad y TurismoSalud, Medio Ambiente, Recursos Naturales y AguaEnerg\u00eda, Miner\u00eda e Hidrocarburos DECRETO 1<\/p>\n","protected":false},"author":6,"featured_media":0,"parent":0,"menu_order":0,"comment_status":"closed","ping_status":"closed","template":"","meta":{"footnotes":""},"categories":[],"tags":[],"class_list":["post-39836","page","type-page","status-publish","hentry"],"_links":{"self":[{"href":"https:\/\/www.congresocoahuila.gob.mx\/portal\/wp-json\/wp\/v2\/pages\/39836","targetHints":{"allow":["GET"]}}],"collection":[{"href":"https:\/\/www.congresocoahuila.gob.mx\/portal\/wp-json\/wp\/v2\/pages"}],"about":[{"href":"https:\/\/www.congresocoahuila.gob.mx\/portal\/wp-json\/wp\/v2\/types\/page"}],"author":[{"embeddable":true,"href":"https:\/\/www.congresocoahuila.gob.mx\/portal\/wp-json\/wp\/v2\/users\/6"}],"replies":[{"embeddable":true,"href":"https:\/\/www.congresocoahuila.gob.mx\/portal\/wp-json\/wp\/v2\/comments?post=39836"}],"version-history":[{"count":1,"href":"https:\/\/www.congresocoahuila.gob.mx\/portal\/wp-json\/wp\/v2\/pages\/39836\/revisions"}],"predecessor-version":[{"id":39837,"href":"https:\/\/www.congresocoahuila.gob.mx\/portal\/wp-json\/wp\/v2\/pages\/39836\/revisions\/39837"}],"wp:attachment":[{"href":"https:\/\/www.congresocoahuila.gob.mx\/portal\/wp-json\/wp\/v2\/media?parent=39836"}],"wp:term":[{"taxonomy":"category","embeddable":true,"href":"https:\/\/www.congresocoahuila.gob.mx\/portal\/wp-json\/wp\/v2\/categories?post=39836"},{"taxonomy":"post_tag","embeddable":true,"href":"https:\/\/www.congresocoahuila.gob.mx\/portal\/wp-json\/wp\/v2\/tags?post=39836"}],"curies":[{"name":"wp","href":"https:\/\/api.w.org\/{rel}","templated":true}]}}