{"id":39891,"date":"2021-01-12T22:54:02","date_gmt":"2021-01-13T04:54:02","guid":{"rendered":"http:\/\/congresocoahuila.gob.mx\/portal\/?page_id=39891"},"modified":"2021-01-12T22:54:04","modified_gmt":"2021-01-13T04:54:04","slug":"diana-patricia-gonzalez-soto-2","status":"publish","type":"page","link":"https:\/\/www.congresocoahuila.gob.mx\/portal\/diana-patricia-gonzalez-soto-2\/","title":{"rendered":"DIANA PATRICIA GONZ\u00c1LEZ SOTO"},"content":{"rendered":"\n<p><\/p>\n\n\n<p>\u00a0<\/p>\n<table style=\"width: 457px;\" border=\"0\" width=\"459\" cellspacing=\"0\" cellpadding=\"0\">\n<tbody>\n<tr>\n<td style=\"width: 121px;\" bgcolor=\"#FFFFFF\" width=\"165\">\n<h3>\u00a0<img loading=\"lazy\" decoding=\"async\" class=\"alignnone wp-image-29875 size-full\" src=\"http:\/\/congresocoahuila.gob.mx\/portal\/wp-content\/uploads\/2014\/12\/19-1.jpg\" alt=\"\" width=\"218\" height=\"266\" \/><\/h3>\n<p style=\"text-align: center;\"><a href=\"https:\/\/congresocoahuila.gob.mx\/transparencia\/02\/DIP_CV\/LXI\/19_DIP_DIANA_PATRICIA_GONZALEZ_SOTO.docx\">CURR\u00cdCULUM<\/a><\/p>\n<p style=\"text-align: center;\">\u00a0<\/p>\n<\/td>\n<td style=\"text-align: left; width: 336px;\" valign=\"middle\" bgcolor=\"#FFFFFF\" width=\"425\">\n<p><strong><u>COMISIONES PERMANENTES:<\/u><\/strong><br \/>Instructora de Juicio Pol\u00edtico y de Declaraci\u00f3n de Procedencia en Materia de Responsabilidad Penal (Coordinadora)<br \/>Educaci\u00f3n, Cultura y Actividades C\u00edvicas<br \/>Igualdad y No Discriminaci\u00f3n (Secretaria)<br \/>Ciencia y Tecnolog\u00eda<\/p>\n<p><strong>COMIT\u00c9S:<\/strong><br \/>Adquisiciones (Presidenta)<br \/><br \/><\/p>\n<\/td>\n<\/tr>\n<\/tbody>\n<\/table>\n<h3 style=\"text-align: center;\"><span style=\"font-family: arial, helvetica, sans-serif; font-size: 10pt;\"><a href=\"https:\/\/congresocoahuila.gob.mx\/transparencia\/03\/Decretos-2018-2020\/Decreto001-18.doc\">DECRETO 1<\/a><\/span><\/h3>","protected":false},"excerpt":{"rendered":"<p>\u00a0 \u00a0 CURR\u00cdCULUM \u00a0 COMISIONES PERMANENTES:Instructora de Juicio Pol\u00edtico y de Declaraci\u00f3n de Procedencia en Materia de Responsabilidad Penal (Coordinadora)Educaci\u00f3n, Cultura y Actividades C\u00edvicasIgualdad y No Discriminaci\u00f3n (Secretaria)Ciencia y Tecnolog\u00eda COMIT\u00c9S:Adquisiciones (Presidenta) DECRETO 1<\/p>\n","protected":false},"author":6,"featured_media":0,"parent":0,"menu_order":0,"comment_status":"closed","ping_status":"closed","template":"","meta":{"footnotes":""},"categories":[],"tags":[],"class_list":["post-39891","page","type-page","status-publish","hentry"],"_links":{"self":[{"href":"https:\/\/www.congresocoahuila.gob.mx\/portal\/wp-json\/wp\/v2\/pages\/39891","targetHints":{"allow":["GET"]}}],"collection":[{"href":"https:\/\/www.congresocoahuila.gob.mx\/portal\/wp-json\/wp\/v2\/pages"}],"about":[{"href":"https:\/\/www.congresocoahuila.gob.mx\/portal\/wp-json\/wp\/v2\/types\/page"}],"author":[{"embeddable":true,"href":"https:\/\/www.congresocoahuila.gob.mx\/portal\/wp-json\/wp\/v2\/users\/6"}],"replies":[{"embeddable":true,"href":"https:\/\/www.congresocoahuila.gob.mx\/portal\/wp-json\/wp\/v2\/comments?post=39891"}],"version-history":[{"count":1,"href":"https:\/\/www.congresocoahuila.gob.mx\/portal\/wp-json\/wp\/v2\/pages\/39891\/revisions"}],"predecessor-version":[{"id":39892,"href":"https:\/\/www.congresocoahuila.gob.mx\/portal\/wp-json\/wp\/v2\/pages\/39891\/revisions\/39892"}],"wp:attachment":[{"href":"https:\/\/www.congresocoahuila.gob.mx\/portal\/wp-json\/wp\/v2\/media?parent=39891"}],"wp:term":[{"taxonomy":"category","embeddable":true,"href":"https:\/\/www.congresocoahuila.gob.mx\/portal\/wp-json\/wp\/v2\/categories?post=39891"},{"taxonomy":"post_tag","embeddable":true,"href":"https:\/\/www.congresocoahuila.gob.mx\/portal\/wp-json\/wp\/v2\/tags?post=39891"}],"curies":[{"name":"wp","href":"https:\/\/api.w.org\/{rel}","templated":true}]}}