{"id":39908,"date":"2021-01-13T08:47:46","date_gmt":"2021-01-13T14:47:46","guid":{"rendered":"http:\/\/congresocoahuila.gob.mx\/portal\/?page_id=39908"},"modified":"2021-01-13T08:49:32","modified_gmt":"2021-01-13T14:49:32","slug":"elisa-catalina-villalobos-hernandez-2","status":"publish","type":"page","link":"https:\/\/www.congresocoahuila.gob.mx\/portal\/elisa-catalina-villalobos-hernandez-2\/","title":{"rendered":"ELISA CATALINA VILLALOBOS HERN\u00c1NDEZ"},"content":{"rendered":"\n<p><\/p>\n\n\n<p>\u00a0<\/p>\n<table style=\"width: 457px;\" border=\"0\" width=\"459\" cellspacing=\"0\" cellpadding=\"0\">\n<tbody>\n<tr>\n<td style=\"width: 121px;\" bgcolor=\"#FFFFFF\" width=\"165\">\n<h3>\u00a0<img loading=\"lazy\" decoding=\"async\" class=\"alignnone wp-image-29880 size-full\" src=\"http:\/\/congresocoahuila.gob.mx\/portal\/wp-content\/uploads\/2014\/12\/24-1.jpg\" alt=\"\" width=\"218\" height=\"266\" \/><\/h3>\n<p style=\"text-align: center;\"><a href=\"https:\/\/congresocoahuila.gob.mx\/transparencia\/02\/DIP_CV\/LXI\/24%20ELISA%20CATALINA%20VILLALOBOS%20HERNANDEZ.doc\">CURR\u00cdCULUM<\/a><\/p>\n<p style=\"text-align: center;\">\u00a0<\/p>\n<\/td>\n<td style=\"text-align: left; width: 336px;\" valign=\"middle\" bgcolor=\"#FFFFFF\" width=\"425\">\n<p><strong><u>COMISIONES PERMANENTES:<\/u><\/strong><br \/>Defensa de los Derechos Humanos (Coordinadora)<br \/>Contra la Trata de Personas (Secretaria)<br \/>Reglamentos y Pr\u00e1cticas Parlamentarias<br \/>Finanzas<br \/>Auditor\u00eda Gubernamental y Cuenta P\u00fablica<br \/>Ciencia y Tecnolog\u00eda<br \/>Atenci\u00f3n a Grupos en Situaci\u00f3n de Vulnerabilidad<\/p>\n<p><strong>COMIT\u00c9S:<\/strong><br \/>Adquisiciones<\/p>\n<\/td>\n<\/tr>\n<\/tbody>\n<\/table>\n<h3 style=\"text-align: center;\"><span style=\"font-family: arial, helvetica, sans-serif; font-size: 10pt;\"><a href=\"https:\/\/congresocoahuila.gob.mx\/transparencia\/03\/Decretos-2018-2020\/Decreto001-18.doc\">DECRETO 1<\/a><\/span><\/h3>","protected":false},"excerpt":{"rendered":"<p>\u00a0 \u00a0 CURR\u00cdCULUM \u00a0 COMISIONES PERMANENTES:Defensa de los Derechos Humanos (Coordinadora)Contra la Trata de Personas (Secretaria)Reglamentos y Pr\u00e1cticas ParlamentariasFinanzasAuditor\u00eda Gubernamental y Cuenta P\u00fablicaCiencia y Tecnolog\u00edaAtenci\u00f3n a Grupos en Situaci\u00f3n de Vulnerabilidad COMIT\u00c9S:Adquisiciones DECRETO 1<\/p>\n","protected":false},"author":6,"featured_media":0,"parent":0,"menu_order":0,"comment_status":"closed","ping_status":"closed","template":"","meta":{"footnotes":""},"categories":[],"tags":[],"class_list":["post-39908","page","type-page","status-publish","hentry"],"_links":{"self":[{"href":"https:\/\/www.congresocoahuila.gob.mx\/portal\/wp-json\/wp\/v2\/pages\/39908","targetHints":{"allow":["GET"]}}],"collection":[{"href":"https:\/\/www.congresocoahuila.gob.mx\/portal\/wp-json\/wp\/v2\/pages"}],"about":[{"href":"https:\/\/www.congresocoahuila.gob.mx\/portal\/wp-json\/wp\/v2\/types\/page"}],"author":[{"embeddable":true,"href":"https:\/\/www.congresocoahuila.gob.mx\/portal\/wp-json\/wp\/v2\/users\/6"}],"replies":[{"embeddable":true,"href":"https:\/\/www.congresocoahuila.gob.mx\/portal\/wp-json\/wp\/v2\/comments?post=39908"}],"version-history":[{"count":2,"href":"https:\/\/www.congresocoahuila.gob.mx\/portal\/wp-json\/wp\/v2\/pages\/39908\/revisions"}],"predecessor-version":[{"id":39911,"href":"https:\/\/www.congresocoahuila.gob.mx\/portal\/wp-json\/wp\/v2\/pages\/39908\/revisions\/39911"}],"wp:attachment":[{"href":"https:\/\/www.congresocoahuila.gob.mx\/portal\/wp-json\/wp\/v2\/media?parent=39908"}],"wp:term":[{"taxonomy":"category","embeddable":true,"href":"https:\/\/www.congresocoahuila.gob.mx\/portal\/wp-json\/wp\/v2\/categories?post=39908"},{"taxonomy":"post_tag","embeddable":true,"href":"https:\/\/www.congresocoahuila.gob.mx\/portal\/wp-json\/wp\/v2\/tags?post=39908"}],"curies":[{"name":"wp","href":"https:\/\/api.w.org\/{rel}","templated":true}]}}