{"id":39912,"date":"2021-01-13T08:50:15","date_gmt":"2021-01-13T14:50:15","guid":{"rendered":"http:\/\/congresocoahuila.gob.mx\/portal\/?page_id=39912"},"modified":"2021-01-13T08:52:25","modified_gmt":"2021-01-13T14:52:25","slug":"claudia-isela-ramirez-pineda-2","status":"publish","type":"page","link":"https:\/\/www.congresocoahuila.gob.mx\/portal\/claudia-isela-ramirez-pineda-2\/","title":{"rendered":"CLAUDIA ISELA RAM\u00cdREZ PINEDA"},"content":{"rendered":"\n<p><\/p>\n\n\n<p>\u00a0<\/p>\n<table style=\"width: 457px;\" border=\"0\" width=\"459\" cellspacing=\"0\" cellpadding=\"0\">\n<tbody>\n<tr>\n<td style=\"width: 121px;\" bgcolor=\"#FFFFFF\" width=\"165\">\n<h3>\u00a0<img loading=\"lazy\" decoding=\"async\" class=\"alignnone wp-image-29881 size-full\" src=\"http:\/\/congresocoahuila.gob.mx\/portal\/wp-content\/uploads\/2014\/12\/25-1.jpg\" alt=\"\" width=\"218\" height=\"266\" \/><\/h3>\n<p style=\"text-align: center;\"><a href=\"https:\/\/congresocoahuila.gob.mx\/transparencia\/02\/DIP_CV\/LXI\/25_DIP_CLAUDIA_RAMIREZ_PINEDA.pdf\">CURR\u00cdCULUM<\/a><\/p>\n<p style=\"text-align: center;\">\u00a0<\/p>\n<\/td>\n<td style=\"text-align: left; width: 336px;\" valign=\"middle\" bgcolor=\"#FFFFFF\" width=\"425\">\n<p><strong><u>COMISIONES PERMANENTES:<\/u><\/strong><br \/>Atenci\u00f3n a Grupos en Situaci\u00f3n de Vulnerabilidad (Coordinadora)<br \/>Presupuesto (Secretaria)<br \/>Reglamentos y Pr\u00e1cticas Parlamentarias<br \/>Gobernaci\u00f3n, Puntos Constitucionales y Justicia<br \/>Finanzas<br \/>Hacienda<br \/>Auditor\u00eda Gubernamental y Cuenta P\u00fablica<br \/>Trabajo y Previsi\u00f3n Social<br \/>Seguridad P\u00fablica<br \/>Transparencia y Acceso a la Informaci\u00f3n<br \/>Instructora de Juicio Pol\u00edtico y de Declaraci\u00f3n de Procedencia en Materia de Responsabilidad Penal<\/p>\n<p><strong>COMIT\u00c9S<\/strong>:<br \/>Editorial (Presidenta)<br \/>Adquisiciones<br \/>Gestor\u00eda y Quejas<\/p>\n<\/td>\n<\/tr>\n<\/tbody>\n<\/table>\n<h3 style=\"text-align: center;\"><span style=\"font-family: arial, helvetica, sans-serif; font-size: 10pt;\"><a href=\"https:\/\/congresocoahuila.gob.mx\/transparencia\/03\/Decretos-2018-2020\/Decreto001-18.doc\">DECRETO 1<\/a><\/span><\/h3>","protected":false},"excerpt":{"rendered":"<p>\u00a0 \u00a0 CURR\u00cdCULUM \u00a0 COMISIONES PERMANENTES:Atenci\u00f3n a Grupos en Situaci\u00f3n de Vulnerabilidad (Coordinadora)Presupuesto (Secretaria)Reglamentos y Pr\u00e1cticas ParlamentariasGobernaci\u00f3n, Puntos Constitucionales y JusticiaFinanzasHaciendaAuditor\u00eda Gubernamental y Cuenta P\u00fablicaTrabajo y Previsi\u00f3n SocialSeguridad P\u00fablicaTransparencia y Acceso a la Informaci\u00f3nInstructora de Juicio Pol\u00edtico y de Declaraci\u00f3n de Procedencia en Materia de Responsabilidad Penal COMIT\u00c9S:Editorial (Presidenta)AdquisicionesGestor\u00eda y Quejas DECRETO 1<\/p>\n","protected":false},"author":6,"featured_media":0,"parent":0,"menu_order":0,"comment_status":"closed","ping_status":"closed","template":"","meta":{"footnotes":""},"categories":[],"tags":[],"class_list":["post-39912","page","type-page","status-publish","hentry"],"_links":{"self":[{"href":"https:\/\/www.congresocoahuila.gob.mx\/portal\/wp-json\/wp\/v2\/pages\/39912","targetHints":{"allow":["GET"]}}],"collection":[{"href":"https:\/\/www.congresocoahuila.gob.mx\/portal\/wp-json\/wp\/v2\/pages"}],"about":[{"href":"https:\/\/www.congresocoahuila.gob.mx\/portal\/wp-json\/wp\/v2\/types\/page"}],"author":[{"embeddable":true,"href":"https:\/\/www.congresocoahuila.gob.mx\/portal\/wp-json\/wp\/v2\/users\/6"}],"replies":[{"embeddable":true,"href":"https:\/\/www.congresocoahuila.gob.mx\/portal\/wp-json\/wp\/v2\/comments?post=39912"}],"version-history":[{"count":2,"href":"https:\/\/www.congresocoahuila.gob.mx\/portal\/wp-json\/wp\/v2\/pages\/39912\/revisions"}],"predecessor-version":[{"id":39914,"href":"https:\/\/www.congresocoahuila.gob.mx\/portal\/wp-json\/wp\/v2\/pages\/39912\/revisions\/39914"}],"wp:attachment":[{"href":"https:\/\/www.congresocoahuila.gob.mx\/portal\/wp-json\/wp\/v2\/media?parent=39912"}],"wp:term":[{"taxonomy":"category","embeddable":true,"href":"https:\/\/www.congresocoahuila.gob.mx\/portal\/wp-json\/wp\/v2\/categories?post=39912"},{"taxonomy":"post_tag","embeddable":true,"href":"https:\/\/www.congresocoahuila.gob.mx\/portal\/wp-json\/wp\/v2\/tags?post=39912"}],"curies":[{"name":"wp","href":"https:\/\/api.w.org\/{rel}","templated":true}]}}