{"id":40085,"date":"2021-01-21T12:21:59","date_gmt":"2021-01-21T18:21:59","guid":{"rendered":"http:\/\/congresocoahuila.gob.mx\/portal\/?page_id=40085"},"modified":"2021-02-25T14:42:15","modified_gmt":"2021-02-25T20:42:15","slug":"primer-periodo-de-la-diputacion-permanente-de-la-lxii-legislatura-2021","status":"publish","type":"page","link":"https:\/\/www.congresocoahuila.gob.mx\/portal\/primer-periodo-de-la-diputacion-permanente-de-la-lxii-legislatura-2021\/","title":{"rendered":"PRIMER PER\u00cdODO DE LA DIPUTACI\u00d3N PERMANENTE DE LA LXII LEGISLATURA 2021"},"content":{"rendered":"<p><strong>LISTA DE ASISTENCIA<\/strong><\/p>\n<p><a href=\"https:\/\/congresocoahuila.gob.mx\/transparencia\/ART\/26\/05\/1ER_PERIODO_DIPUTACION_PERMANENTE_LXII_2021\/PPR_S01_20210120.pdf\" target=\"_blank\" rel=\"noreferrer noopener\" aria-label=\" (abre en una nueva pesta\u00f1a)\">Primera Sesi\u00f3n del d\u00eda 20 de enero de 2021<\/a><br \/><a href=\"https:\/\/congresocoahuila.gob.mx\/transparencia\/ART\/26\/05\/1ER_PERIODO_DIPUTACION_PERMANENTE_LXII_2021\/PPR_S02_20210127.pdf\" target=\"_blank\" rel=\"noreferrer noopener\" aria-label=\" (abre en una nueva pesta\u00f1a)\">Segunda Sesi\u00f3n del d\u00eda 27 de enero de 2021<\/a><br \/><a href=\"https:\/\/congresocoahuila.gob.mx\/transparencia\/ART\/26\/05\/1ER_PERIODO_DIPUTACION_PERMANENTE_LXII_2021\/PPR_S03_20210203.pdf\" target=\"_blank\" rel=\"noreferrer noopener\" aria-label=\" (abre en una nueva pesta\u00f1a)\">Tercera Sesi\u00f3n del d\u00eda 03 de febrero de 2021<\/a><br \/><a href=\"https:\/\/congresocoahuila.gob.mx\/transparencia\/ART\/26\/05\/1ER_PERIODO_DIPUTACION_PERMANENTE_LXII_2021\/PPR_S04_20210210.pdf\" target=\"_blank\" rel=\"noreferrer noopener\" aria-label=\" (abre en una nueva pesta\u00f1a)\">Cuarta Sesi\u00f3n del d\u00eda 10 de febrero de 2021<\/a><br \/><a href=\"https:\/\/congresocoahuila.gob.mx\/transparencia\/ART\/26\/05\/1ER_PERIODO_DIPUTACION_PERMANENTE_LXII_2021\/PPR_S05_20210217.pdf\" target=\"_blank\" rel=\"noreferrer noopener\" aria-label=\" (abre en una nueva pesta\u00f1a)\">Quinta Sesi\u00f3n del d\u00eda 17 de febrero de 2021<\/a><br \/><a href=\"https:\/\/congresocoahuila.gob.mx\/transparencia\/ART\/26\/05\/1ER_PERIODO_DIPUTACION_PERMANENTE_LXII_2021\/20210219_Solemne.pdf\">Sesi\u00f3n Solemne \u2013 19 de febrero de 2021 \u2013 para conmemorar el \u00abD\u00eda del Ej\u00e9rcito\u00bb, as\u00ed como para rendir homenaje a Don Venustiano Carranza y a los Diputados del Vig\u00e9simo Segundo Congreso Constitucional del Estado<\/a><br \/><a href=\"https:\/\/congresocoahuila.gob.mx\/transparencia\/ART\/26\/05\/1ER_PERIODO_DIPUTACION_PERMANENTE_LXII_2021\/PPR_S06_20210224.pdf\" target=\"_blank\" rel=\"noreferrer noopener\" aria-label=\" (abre en una nueva pesta\u00f1a)\" data-wplink-edit=\"true\">Sexta Sesi\u00f3n del d\u00eda 24 de febrero de 2021<\/a><\/p>\n\n\n<p><\/p>\n","protected":false},"excerpt":{"rendered":"<p>LISTA DE ASISTENCIA Primera Sesi\u00f3n del d\u00eda 20 de enero de 2021Segunda Sesi\u00f3n del d\u00eda 27 de enero de 2021Tercera Sesi\u00f3n del d\u00eda 03 de febrero de 2021Cuarta Sesi\u00f3n del d\u00eda 10 de febrero de 2021Quinta Sesi\u00f3n del d\u00eda 17 de febrero de 2021Sesi\u00f3n Solemne \u2013 19 de febrero de 2021 \u2013 para conmemorar el [&hellip;]<\/p>\n","protected":false},"author":5,"featured_media":0,"parent":0,"menu_order":0,"comment_status":"closed","ping_status":"closed","template":"","meta":{"footnotes":""},"categories":[],"tags":[],"class_list":["post-40085","page","type-page","status-publish","hentry"],"_links":{"self":[{"href":"https:\/\/www.congresocoahuila.gob.mx\/portal\/wp-json\/wp\/v2\/pages\/40085","targetHints":{"allow":["GET"]}}],"collection":[{"href":"https:\/\/www.congresocoahuila.gob.mx\/portal\/wp-json\/wp\/v2\/pages"}],"about":[{"href":"https:\/\/www.congresocoahuila.gob.mx\/portal\/wp-json\/wp\/v2\/types\/page"}],"author":[{"embeddable":true,"href":"https:\/\/www.congresocoahuila.gob.mx\/portal\/wp-json\/wp\/v2\/users\/5"}],"replies":[{"embeddable":true,"href":"https:\/\/www.congresocoahuila.gob.mx\/portal\/wp-json\/wp\/v2\/comments?post=40085"}],"version-history":[{"count":9,"href":"https:\/\/www.congresocoahuila.gob.mx\/portal\/wp-json\/wp\/v2\/pages\/40085\/revisions"}],"predecessor-version":[{"id":40623,"href":"https:\/\/www.congresocoahuila.gob.mx\/portal\/wp-json\/wp\/v2\/pages\/40085\/revisions\/40623"}],"wp:attachment":[{"href":"https:\/\/www.congresocoahuila.gob.mx\/portal\/wp-json\/wp\/v2\/media?parent=40085"}],"wp:term":[{"taxonomy":"category","embeddable":true,"href":"https:\/\/www.congresocoahuila.gob.mx\/portal\/wp-json\/wp\/v2\/categories?post=40085"},{"taxonomy":"post_tag","embeddable":true,"href":"https:\/\/www.congresocoahuila.gob.mx\/portal\/wp-json\/wp\/v2\/tags?post=40085"}],"curies":[{"name":"wp","href":"https:\/\/api.w.org\/{rel}","templated":true}]}}