{"id":40136,"date":"2021-01-27T10:40:52","date_gmt":"2021-01-27T16:40:52","guid":{"rendered":"http:\/\/congresocoahuila.gob.mx\/portal\/?page_id=40136"},"modified":"2021-04-08T13:06:06","modified_gmt":"2021-04-08T18:06:06","slug":"jorge-antonio-abdala-serna","status":"publish","type":"page","link":"https:\/\/www.congresocoahuila.gob.mx\/portal\/jorge-antonio-abdala-serna\/","title":{"rendered":"JORGE ANTONIO ABDALA SERNA"},"content":{"rendered":"\n<p><\/p>\n\n\n<p>\u00a0<\/p>\n<table style=\"width: 457px;\" border=\"0\" width=\"459\" cellspacing=\"0\" cellpadding=\"0\">\n<tbody>\n<tr>\n<td style=\"width: 121px;\" bgcolor=\"#FFFFFF\" width=\"165\">\n<h3><img loading=\"lazy\" decoding=\"async\" class=\"alignnone wp-image-39951 size-full\" src=\"http:\/\/congresocoahuila.gob.mx\/portal\/wp-content\/uploads\/2021\/01\/JORGE_ANTONIO_ABDALA_SERNA.jpg\" alt=\"\" width=\"199\" height=\"238\" \/><\/h3>\n<p style=\"text-align: center;\">CURR\u00cdCULUM<\/p>\n<p style=\"text-align: center;\">\u00a0<\/p>\n<\/td>\n<td style=\"text-align: left; width: 336px;\" valign=\"middle\" bgcolor=\"#FFFFFF\" width=\"425\">\n<p><strong><u>COMISIONES PERMANENTES:<\/u><\/strong><br \/>Desarrollo Rural. (Coordinador)<br \/>Finanzas. (Secretario)<br \/>Auditor\u00eda Gubernamental y Cuenta P\u00fablica.<br \/>Seguridad P\u00fablica. <br \/>Instructora de Juicio Pol\u00edtico.<br \/>Contra la Trata de Personas.<\/p>\n<p><strong>Comit\u00e9s:<\/strong><br \/>Adquisiciones. (Vocal)<\/p>\n<h6 style=\"text-align: right;\"><strong><a href=\"https:\/\/congresocoahuila.gob.mx\/transparencia\/DECRETO_01.pdf\">DECRETO 1<\/a><\/strong><\/h6>\n<p style=\"text-align: right;\">\u00a0<\/p>\n<\/td>\n<\/tr>\n<\/tbody>\n<\/table>\n<h3>\u00a0<\/h3>\n<h3 style=\"text-align: center;\">\u00a0<\/h3>","protected":false},"excerpt":{"rendered":"<p>\u00a0 CURR\u00cdCULUM \u00a0 COMISIONES PERMANENTES:Desarrollo Rural. (Coordinador)Finanzas. (Secretario)Auditor\u00eda Gubernamental y Cuenta P\u00fablica.Seguridad P\u00fablica. Instructora de Juicio Pol\u00edtico.Contra la Trata de Personas. Comit\u00e9s:Adquisiciones. (Vocal) DECRETO 1 \u00a0 \u00a0 \u00a0<\/p>\n","protected":false},"author":6,"featured_media":0,"parent":0,"menu_order":0,"comment_status":"closed","ping_status":"closed","template":"","meta":{"footnotes":""},"categories":[],"tags":[],"class_list":["post-40136","page","type-page","status-publish","hentry"],"_links":{"self":[{"href":"https:\/\/www.congresocoahuila.gob.mx\/portal\/wp-json\/wp\/v2\/pages\/40136","targetHints":{"allow":["GET"]}}],"collection":[{"href":"https:\/\/www.congresocoahuila.gob.mx\/portal\/wp-json\/wp\/v2\/pages"}],"about":[{"href":"https:\/\/www.congresocoahuila.gob.mx\/portal\/wp-json\/wp\/v2\/types\/page"}],"author":[{"embeddable":true,"href":"https:\/\/www.congresocoahuila.gob.mx\/portal\/wp-json\/wp\/v2\/users\/6"}],"replies":[{"embeddable":true,"href":"https:\/\/www.congresocoahuila.gob.mx\/portal\/wp-json\/wp\/v2\/comments?post=40136"}],"version-history":[{"count":2,"href":"https:\/\/www.congresocoahuila.gob.mx\/portal\/wp-json\/wp\/v2\/pages\/40136\/revisions"}],"predecessor-version":[{"id":41374,"href":"https:\/\/www.congresocoahuila.gob.mx\/portal\/wp-json\/wp\/v2\/pages\/40136\/revisions\/41374"}],"wp:attachment":[{"href":"https:\/\/www.congresocoahuila.gob.mx\/portal\/wp-json\/wp\/v2\/media?parent=40136"}],"wp:term":[{"taxonomy":"category","embeddable":true,"href":"https:\/\/www.congresocoahuila.gob.mx\/portal\/wp-json\/wp\/v2\/categories?post=40136"},{"taxonomy":"post_tag","embeddable":true,"href":"https:\/\/www.congresocoahuila.gob.mx\/portal\/wp-json\/wp\/v2\/tags?post=40136"}],"curies":[{"name":"wp","href":"https:\/\/api.w.org\/{rel}","templated":true}]}}