{"id":40151,"date":"2021-01-27T11:35:25","date_gmt":"2021-01-27T17:35:25","guid":{"rendered":"http:\/\/congresocoahuila.gob.mx\/portal\/?page_id=40151"},"modified":"2021-04-08T13:09:46","modified_gmt":"2021-04-08T18:09:46","slug":"mario-cepeda-ramirez","status":"publish","type":"page","link":"https:\/\/www.congresocoahuila.gob.mx\/portal\/mario-cepeda-ramirez\/","title":{"rendered":"MARIO CEPEDA RAM\u00cdREZ"},"content":{"rendered":"\n<p><\/p>\n\n\n<p>\u00a0<\/p>\n<table style=\"width: 457px;\" border=\"0\" width=\"459\" cellspacing=\"0\" cellpadding=\"0\">\n<tbody>\n<tr>\n<td style=\"width: 121px;\" bgcolor=\"#FFFFFF\" width=\"165\">\n<h3><img loading=\"lazy\" decoding=\"async\" class=\"alignnone wp-image-39989 size-full\" src=\"http:\/\/congresocoahuila.gob.mx\/portal\/wp-content\/uploads\/2021\/01\/MARIO_CEPEDA_RAMIREZ.jpg\" alt=\"\" width=\"199\" height=\"238\" \/><\/h3>\n<p style=\"text-align: center;\">CURR\u00cdCULUM<\/p>\n<p style=\"text-align: center;\">\u00a0<\/p>\n<\/td>\n<td style=\"text-align: left; width: 336px;\" valign=\"middle\" bgcolor=\"#FFFFFF\" width=\"425\">\n<p><strong><u>COMISIONES PERMANENTES:<\/u><\/strong><br \/>Desarrollo Urbano, Infraestructura, Transporte y Movilidad Sustentable. (Coordinador)<br \/>Trabajo y Previsi\u00f3n Social. (Secretario)<br \/>Desarrollo Social<br \/>Educaci\u00f3n, Cultura, Familias, Desarrollo Humano y Actividades C\u00edvicas<br \/>Salud, Medio Ambiente, Recursos Naturales y Agua<br \/>Atenci\u00f3n a Grupos en Situaci\u00f3n de Vulnerabilidad<\/p>\n<p><strong>Comit\u00e9s:<\/strong><br \/>Editorial. (Secretario)<\/p>\n<h6 style=\"text-align: right;\"><strong><a href=\"https:\/\/congresocoahuila.gob.mx\/transparencia\/DECRETO_01.pdf\">DECRETO 1<\/a><\/strong><\/h6>\n<p style=\"text-align: right;\">\u00a0<\/p>\n<\/td>\n<\/tr>\n<\/tbody>\n<\/table>\n<h3>\u00a0<\/h3>\n<h3 style=\"text-align: center;\">\u00a0<\/h3>","protected":false},"excerpt":{"rendered":"<p>\u00a0 CURR\u00cdCULUM \u00a0 COMISIONES PERMANENTES:Desarrollo Urbano, Infraestructura, Transporte y Movilidad Sustentable. (Coordinador)Trabajo y Previsi\u00f3n Social. (Secretario)Desarrollo SocialEducaci\u00f3n, Cultura, Familias, Desarrollo Humano y Actividades C\u00edvicasSalud, Medio Ambiente, Recursos Naturales y AguaAtenci\u00f3n a Grupos en Situaci\u00f3n de Vulnerabilidad Comit\u00e9s:Editorial. (Secretario) DECRETO 1 \u00a0 \u00a0 \u00a0<\/p>\n","protected":false},"author":6,"featured_media":0,"parent":0,"menu_order":0,"comment_status":"closed","ping_status":"closed","template":"","meta":{"footnotes":""},"categories":[],"tags":[],"class_list":["post-40151","page","type-page","status-publish","hentry"],"_links":{"self":[{"href":"https:\/\/www.congresocoahuila.gob.mx\/portal\/wp-json\/wp\/v2\/pages\/40151","targetHints":{"allow":["GET"]}}],"collection":[{"href":"https:\/\/www.congresocoahuila.gob.mx\/portal\/wp-json\/wp\/v2\/pages"}],"about":[{"href":"https:\/\/www.congresocoahuila.gob.mx\/portal\/wp-json\/wp\/v2\/types\/page"}],"author":[{"embeddable":true,"href":"https:\/\/www.congresocoahuila.gob.mx\/portal\/wp-json\/wp\/v2\/users\/6"}],"replies":[{"embeddable":true,"href":"https:\/\/www.congresocoahuila.gob.mx\/portal\/wp-json\/wp\/v2\/comments?post=40151"}],"version-history":[{"count":3,"href":"https:\/\/www.congresocoahuila.gob.mx\/portal\/wp-json\/wp\/v2\/pages\/40151\/revisions"}],"predecessor-version":[{"id":41380,"href":"https:\/\/www.congresocoahuila.gob.mx\/portal\/wp-json\/wp\/v2\/pages\/40151\/revisions\/41380"}],"wp:attachment":[{"href":"https:\/\/www.congresocoahuila.gob.mx\/portal\/wp-json\/wp\/v2\/media?parent=40151"}],"wp:term":[{"taxonomy":"category","embeddable":true,"href":"https:\/\/www.congresocoahuila.gob.mx\/portal\/wp-json\/wp\/v2\/categories?post=40151"},{"taxonomy":"post_tag","embeddable":true,"href":"https:\/\/www.congresocoahuila.gob.mx\/portal\/wp-json\/wp\/v2\/tags?post=40151"}],"curies":[{"name":"wp","href":"https:\/\/api.w.org\/{rel}","templated":true}]}}