{"id":40164,"date":"2021-01-27T11:51:47","date_gmt":"2021-01-27T17:51:47","guid":{"rendered":"http:\/\/congresocoahuila.gob.mx\/portal\/?page_id=40164"},"modified":"2021-04-08T13:13:43","modified_gmt":"2021-04-08T18:13:43","slug":"maria-barbara-cepeda-boehringer","status":"publish","type":"page","link":"https:\/\/www.congresocoahuila.gob.mx\/portal\/maria-barbara-cepeda-boehringer\/","title":{"rendered":"MAR\u00cdA B\u00c1RBARA CEPEDA BOEHRINGER"},"content":{"rendered":"\n<p><\/p>\n\n\n<p>\u00a0<\/p>\n<table style=\"width: 457px;\" border=\"0\" width=\"459\" cellspacing=\"0\" cellpadding=\"0\">\n<tbody>\n<tr>\n<td style=\"width: 121px;\" bgcolor=\"#FFFFFF\" width=\"165\">\n<h3><img loading=\"lazy\" decoding=\"async\" class=\"alignnone wp-image-39979 size-full\" src=\"http:\/\/congresocoahuila.gob.mx\/portal\/wp-content\/uploads\/2021\/01\/MARIA_BARBARA_CEPEDA_BOEHRINGER.jpg\" alt=\"\" width=\"199\" height=\"238\" \/><\/h3>\n<p style=\"text-align: center;\">CURR\u00cdCULUM<\/p>\n<p style=\"text-align: center;\">\u00a0<\/p>\n<\/td>\n<td style=\"text-align: left; width: 336px;\" valign=\"middle\" bgcolor=\"#FFFFFF\" width=\"425\">\n<p><strong><u>COMISIONES PERMANENTES:<\/u><\/strong><br \/>Deporte y Juventud (Coordinadora)<br \/>Transparencia y Acceso a la Informaci\u00f3n (Secretaria)<br \/>Reglamento y Pr\u00e1cticas Parlamentarias.<br \/>Gobernaci\u00f3n, Puntos Constitucionales y Justicia<br \/>Hacienda\u00a0<br \/>Desarrollo Econ\u00f3mico, Competitividad y Turismo<br \/>Instructora de Juicio Pol\u00edtico<\/p>\n<p><strong>Comit\u00e9s:<\/strong><br \/>Gestor\u00eda y Quejas. (Vocal)<\/p>\n<h6 style=\"text-align: right;\"><strong><a href=\"https:\/\/congresocoahuila.gob.mx\/transparencia\/DECRETO_01.pdf\">DECRETO 1<\/a><\/strong><\/h6>\n<p style=\"text-align: right;\">\u00a0<\/p>\n<\/td>\n<\/tr>\n<\/tbody>\n<\/table>\n<h3>\u00a0<\/h3>\n<h3 style=\"text-align: center;\">\u00a0<\/h3>","protected":false},"excerpt":{"rendered":"<p>\u00a0 CURR\u00cdCULUM \u00a0 COMISIONES PERMANENTES:Deporte y Juventud (Coordinadora)Transparencia y Acceso a la Informaci\u00f3n (Secretaria)Reglamento y Pr\u00e1cticas Parlamentarias.Gobernaci\u00f3n, Puntos Constitucionales y JusticiaHacienda\u00a0Desarrollo Econ\u00f3mico, Competitividad y TurismoInstructora de Juicio Pol\u00edtico Comit\u00e9s:Gestor\u00eda y Quejas. (Vocal) DECRETO 1 \u00a0 \u00a0 \u00a0<\/p>\n","protected":false},"author":6,"featured_media":0,"parent":0,"menu_order":0,"comment_status":"closed","ping_status":"closed","template":"","meta":{"footnotes":""},"categories":[],"tags":[],"class_list":["post-40164","page","type-page","status-publish","hentry"],"_links":{"self":[{"href":"https:\/\/www.congresocoahuila.gob.mx\/portal\/wp-json\/wp\/v2\/pages\/40164","targetHints":{"allow":["GET"]}}],"collection":[{"href":"https:\/\/www.congresocoahuila.gob.mx\/portal\/wp-json\/wp\/v2\/pages"}],"about":[{"href":"https:\/\/www.congresocoahuila.gob.mx\/portal\/wp-json\/wp\/v2\/types\/page"}],"author":[{"embeddable":true,"href":"https:\/\/www.congresocoahuila.gob.mx\/portal\/wp-json\/wp\/v2\/users\/6"}],"replies":[{"embeddable":true,"href":"https:\/\/www.congresocoahuila.gob.mx\/portal\/wp-json\/wp\/v2\/comments?post=40164"}],"version-history":[{"count":2,"href":"https:\/\/www.congresocoahuila.gob.mx\/portal\/wp-json\/wp\/v2\/pages\/40164\/revisions"}],"predecessor-version":[{"id":41384,"href":"https:\/\/www.congresocoahuila.gob.mx\/portal\/wp-json\/wp\/v2\/pages\/40164\/revisions\/41384"}],"wp:attachment":[{"href":"https:\/\/www.congresocoahuila.gob.mx\/portal\/wp-json\/wp\/v2\/media?parent=40164"}],"wp:term":[{"taxonomy":"category","embeddable":true,"href":"https:\/\/www.congresocoahuila.gob.mx\/portal\/wp-json\/wp\/v2\/categories?post=40164"},{"taxonomy":"post_tag","embeddable":true,"href":"https:\/\/www.congresocoahuila.gob.mx\/portal\/wp-json\/wp\/v2\/tags?post=40164"}],"curies":[{"name":"wp","href":"https:\/\/api.w.org\/{rel}","templated":true}]}}