{"id":40179,"date":"2021-01-27T12:17:12","date_gmt":"2021-01-27T18:17:12","guid":{"rendered":"http:\/\/congresocoahuila.gob.mx\/portal\/?page_id=40179"},"modified":"2021-04-08T13:16:38","modified_gmt":"2021-04-08T18:16:38","slug":"lizbeth-ogazon-nava","status":"publish","type":"page","link":"https:\/\/www.congresocoahuila.gob.mx\/portal\/lizbeth-ogazon-nava\/","title":{"rendered":"LIZBETH OGAZ\u00d3N NAVA"},"content":{"rendered":"\n<p><\/p>\n\n\n<p>\u00a0<\/p>\n<table style=\"width: 457px;\" border=\"0\" width=\"459\" cellspacing=\"0\" cellpadding=\"0\">\n<tbody>\n<tr>\n<td style=\"width: 121px;\" bgcolor=\"#FFFFFF\" width=\"165\">\n<h3><img loading=\"lazy\" decoding=\"async\" class=\"alignnone wp-image-39990 size-full\" src=\"http:\/\/congresocoahuila.gob.mx\/portal\/wp-content\/uploads\/2021\/01\/LIZBETH_OGAZON_NAVA.jpg\" alt=\"\" width=\"199\" height=\"238\" \/><\/h3>\n<p style=\"text-align: center;\"><a href=\"https:\/\/congresocoahuila.gob.mx\/transparencia\/ART\/21\/8\/LXII_2021_2023\/DIPUTADOS\/DIP_LIZBETH_OGAZON_NAVA.docx\">CURR\u00cdCULUM<\/a><\/p>\n<p style=\"text-align: center;\">\u00a0<\/p>\n<\/td>\n<td style=\"text-align: left; width: 336px;\" valign=\"middle\" bgcolor=\"#FFFFFF\" width=\"425\">\n<p><strong><u>COMISIONES PERMANENTES:<\/u><\/strong><br \/>Transparencia y Acceso a la Informaci\u00f3n. (Coordinadora)<br \/>Auditor\u00eda Gubernamental y Cuenta P\u00fablica. (Secretaria)<br \/>Desarrollo Econ\u00f3mico, Competitividad y Turismo (Secretaria)<br \/>Reglamento y Pr\u00e1cticas Parlamentarias.<br \/>Gobernaci\u00f3n, Puntos Constitucionales y Justicia<br \/>Igualdad y No Discriminaci\u00f3n<\/p>\n<h6 style=\"text-align: right;\"><strong><a href=\"https:\/\/congresocoahuila.gob.mx\/transparencia\/DECRETO_01.pdf\">DECRETO 1<\/a><\/strong><\/h6>\n<p style=\"text-align: right;\">\u00a0<\/p>\n<\/td>\n<\/tr>\n<\/tbody>\n<\/table>\n<h3>\u00a0<\/h3>\n<h3 style=\"text-align: center;\">\u00a0<\/h3>","protected":false},"excerpt":{"rendered":"<p>\u00a0 CURR\u00cdCULUM \u00a0 COMISIONES PERMANENTES:Transparencia y Acceso a la Informaci\u00f3n. (Coordinadora)Auditor\u00eda Gubernamental y Cuenta P\u00fablica. (Secretaria)Desarrollo Econ\u00f3mico, Competitividad y Turismo (Secretaria)Reglamento y Pr\u00e1cticas Parlamentarias.Gobernaci\u00f3n, Puntos Constitucionales y JusticiaIgualdad y No Discriminaci\u00f3n DECRETO 1 \u00a0 \u00a0 \u00a0<\/p>\n","protected":false},"author":6,"featured_media":0,"parent":0,"menu_order":0,"comment_status":"closed","ping_status":"closed","template":"","meta":{"footnotes":""},"categories":[],"tags":[],"class_list":["post-40179","page","type-page","status-publish","hentry"],"_links":{"self":[{"href":"https:\/\/www.congresocoahuila.gob.mx\/portal\/wp-json\/wp\/v2\/pages\/40179","targetHints":{"allow":["GET"]}}],"collection":[{"href":"https:\/\/www.congresocoahuila.gob.mx\/portal\/wp-json\/wp\/v2\/pages"}],"about":[{"href":"https:\/\/www.congresocoahuila.gob.mx\/portal\/wp-json\/wp\/v2\/types\/page"}],"author":[{"embeddable":true,"href":"https:\/\/www.congresocoahuila.gob.mx\/portal\/wp-json\/wp\/v2\/users\/6"}],"replies":[{"embeddable":true,"href":"https:\/\/www.congresocoahuila.gob.mx\/portal\/wp-json\/wp\/v2\/comments?post=40179"}],"version-history":[{"count":3,"href":"https:\/\/www.congresocoahuila.gob.mx\/portal\/wp-json\/wp\/v2\/pages\/40179\/revisions"}],"predecessor-version":[{"id":41390,"href":"https:\/\/www.congresocoahuila.gob.mx\/portal\/wp-json\/wp\/v2\/pages\/40179\/revisions\/41390"}],"wp:attachment":[{"href":"https:\/\/www.congresocoahuila.gob.mx\/portal\/wp-json\/wp\/v2\/media?parent=40179"}],"wp:term":[{"taxonomy":"category","embeddable":true,"href":"https:\/\/www.congresocoahuila.gob.mx\/portal\/wp-json\/wp\/v2\/categories?post=40179"},{"taxonomy":"post_tag","embeddable":true,"href":"https:\/\/www.congresocoahuila.gob.mx\/portal\/wp-json\/wp\/v2\/tags?post=40179"}],"curies":[{"name":"wp","href":"https:\/\/api.w.org\/{rel}","templated":true}]}}