{"id":40191,"date":"2021-01-27T12:41:57","date_gmt":"2021-01-27T18:41:57","guid":{"rendered":"http:\/\/congresocoahuila.gob.mx\/portal\/?page_id=40191"},"modified":"2021-04-08T13:21:35","modified_gmt":"2021-04-08T18:21:35","slug":"luz-natalia-virgil-orona","status":"publish","type":"page","link":"https:\/\/www.congresocoahuila.gob.mx\/portal\/luz-natalia-virgil-orona\/","title":{"rendered":"LUZ NATALIA VIRGIL ORONA"},"content":{"rendered":"\n<p><\/p>\n\n\n<p>\u00a0<\/p>\n<table style=\"width: 457px;\" border=\"0\" width=\"459\" cellspacing=\"0\" cellpadding=\"0\">\n<tbody>\n<tr>\n<td style=\"width: 121px;\" bgcolor=\"#FFFFFF\" width=\"165\">\n<h3><img loading=\"lazy\" decoding=\"async\" class=\"alignnone wp-image-39988 size-full\" src=\"http:\/\/congresocoahuila.gob.mx\/portal\/wp-content\/uploads\/2021\/01\/LUZ_NATALIA_VIRGIL_ORONA.jpg\" alt=\"\" width=\"199\" height=\"238\" \/><\/h3>\n<p style=\"text-align: center;\"><a href=\"https:\/\/congresocoahuila.gob.mx\/transparencia\/ART\/21\/8\/LXII_2021_2023\/DIPUTADOS\/DIP_LUZ_NATALIA_VIRGILDIP_ORONA.docx\">CURR\u00cdCULUM<\/a><\/p>\n<p style=\"text-align: center;\">\u00a0<\/p>\n<\/td>\n<td style=\"text-align: left; width: 336px;\" valign=\"middle\" bgcolor=\"#FFFFFF\" width=\"425\">\n<p><strong><u>COMISIONES PERMANENTES:<\/u><\/strong><br \/>Trabajo y Previsi\u00f3n Social (Coordinadora)<br \/>Desarrollo Urbano, Infraestructura, Transporte y Movilidad Sustentable (Secretaria)<br \/>Finanzas<br \/>Hacienda<br \/>Desarrollo Social<br \/>Instructora de Juicio Pol\u00edtico<\/p>\n<p><strong>Comit\u00e9s<\/strong>:<br \/>Gestor\u00eda y Quejas. (Secretaria)<\/p>\n<h6 style=\"text-align: right;\"><strong><a href=\"https:\/\/congresocoahuila.gob.mx\/transparencia\/DECRETO_01.pdf\">DECRETO 1<\/a><\/strong><\/h6>\n<p style=\"text-align: right;\">\u00a0<\/p>\n<\/td>\n<\/tr>\n<\/tbody>\n<\/table>\n<h3>\u00a0<\/h3>\n<h3 style=\"text-align: center;\">\u00a0<\/h3>","protected":false},"excerpt":{"rendered":"<p>\u00a0 CURR\u00cdCULUM \u00a0 COMISIONES PERMANENTES:Trabajo y Previsi\u00f3n Social (Coordinadora)Desarrollo Urbano, Infraestructura, Transporte y Movilidad Sustentable (Secretaria)FinanzasHaciendaDesarrollo SocialInstructora de Juicio Pol\u00edtico Comit\u00e9s:Gestor\u00eda y Quejas. (Secretaria) DECRETO 1 \u00a0 \u00a0 \u00a0<\/p>\n","protected":false},"author":6,"featured_media":0,"parent":0,"menu_order":0,"comment_status":"closed","ping_status":"closed","template":"","meta":{"footnotes":""},"categories":[],"tags":[],"class_list":["post-40191","page","type-page","status-publish","hentry"],"_links":{"self":[{"href":"https:\/\/www.congresocoahuila.gob.mx\/portal\/wp-json\/wp\/v2\/pages\/40191","targetHints":{"allow":["GET"]}}],"collection":[{"href":"https:\/\/www.congresocoahuila.gob.mx\/portal\/wp-json\/wp\/v2\/pages"}],"about":[{"href":"https:\/\/www.congresocoahuila.gob.mx\/portal\/wp-json\/wp\/v2\/types\/page"}],"author":[{"embeddable":true,"href":"https:\/\/www.congresocoahuila.gob.mx\/portal\/wp-json\/wp\/v2\/users\/6"}],"replies":[{"embeddable":true,"href":"https:\/\/www.congresocoahuila.gob.mx\/portal\/wp-json\/wp\/v2\/comments?post=40191"}],"version-history":[{"count":3,"href":"https:\/\/www.congresocoahuila.gob.mx\/portal\/wp-json\/wp\/v2\/pages\/40191\/revisions"}],"predecessor-version":[{"id":41395,"href":"https:\/\/www.congresocoahuila.gob.mx\/portal\/wp-json\/wp\/v2\/pages\/40191\/revisions\/41395"}],"wp:attachment":[{"href":"https:\/\/www.congresocoahuila.gob.mx\/portal\/wp-json\/wp\/v2\/media?parent=40191"}],"wp:term":[{"taxonomy":"category","embeddable":true,"href":"https:\/\/www.congresocoahuila.gob.mx\/portal\/wp-json\/wp\/v2\/categories?post=40191"},{"taxonomy":"post_tag","embeddable":true,"href":"https:\/\/www.congresocoahuila.gob.mx\/portal\/wp-json\/wp\/v2\/tags?post=40191"}],"curies":[{"name":"wp","href":"https:\/\/api.w.org\/{rel}","templated":true}]}}