{"id":40269,"date":"2021-02-15T16:37:10","date_gmt":"2021-02-15T22:37:10","guid":{"rendered":"http:\/\/congresocoahuila.gob.mx\/portal\/?page_id=40269"},"modified":"2022-03-31T11:45:10","modified_gmt":"2022-03-31T17:45:10","slug":"articulo-21-xii-lxii","status":"publish","type":"page","link":"https:\/\/www.congresocoahuila.gob.mx\/portal\/articulo-21-xii-lxii\/","title":{"rendered":"ART\u00cdCULO 21-XII-LXII"},"content":{"rendered":"<div align=\"center\">\n<p><span class=\"Estilo21\"><span class=\"Estilo10\">LISTADO CON LOS SERVICIOS QUE OFRECE<\/span><\/span><\/p>\n<table style=\"height: 151px; width: 412px;\" border=\"0\" width=\"209\" cellspacing=\"1\" cellpadding=\"0\" align=\"center\">\n<tbody>\n<tr style=\"height: 22px;\">\n<td style=\"height: 22px; width: 408px;\" bgcolor=\"#CCCCCC\"><strong class=\"Estilo9\">CONSULTA<\/strong><\/td>\n<\/tr>\n<tr>\n<td style=\"width: 408px;\"><a href=\"https:\/\/congresocoahuila.gob.mx\/transparencia\/ART\/21\/12\/21_12_BIBLIOTECA_LXII.doc\">\u00c1rea de Biblioteca<\/a><\/td>\n<\/tr>\n<tr>\n<td style=\"width: 408px;\"><a href=\"https:\/\/congresocoahuila.gob.mx\/transparencia\/ART\/21\/12\/21_12_ARCHIVO_LXII.doc\">Archivo Hist\u00f3rico<\/a><\/td>\n<\/tr>\n<tr>\n<td style=\"width: 408px;\"><a href=\"https:\/\/congresocoahuila.gob.mx\/transparencia\/ART\/21\/12\/SOLICITUDES_INFORMACION_LXII.docx\">Solicitudes de Acceso a la Informaci\u00f3n<\/a><\/td>\n<\/tr>\n<tr style=\"height: 42px;\">\n<td style=\"height: 42px; width: 408px;\"><a href=\"https:\/\/congresocoahuila.gob.mx\/transparencia\/ART\/21\/12\/SOLICITUDES_DERECHO_ARCO_LXII.docx\">Solicitudes de Protecci\u00f3n de Datos Personales<\/a><\/td>\n<\/tr>\n<\/tbody>\n<\/table>\n<\/div>\n<div style=\"text-align: right;\" align=\"center\">\n<div><\/div>\n<div><\/div>\n<\/div>\n<div><\/div>\n<div style=\"text-align: right;\" align=\"center\">\n<div id=\":15h\" class=\"ii gt\">\n<div id=\":15g\" class=\"a3s aiL \">\n<div><strong>Fecha de Actualizaci\u00f3n:<\/strong>\u00a001 de abril de 2022<\/div>\n<div>\n<div><strong>Responsable de la Informaci\u00f3n:\u00a0<\/strong>Lic. Gerardo Blanco Guerra<\/div>\n<div>Oficial Mayor del H. Congreso del Estado de Coahuila<\/div>\n<\/div>\n<\/div>\n<div class=\"yj6qo\"><\/div>\n<\/div>\n<div id=\":17n\" class=\"hq gt\"><\/div>\n<\/div>\n","protected":false},"excerpt":{"rendered":"<p>LISTADO CON LOS SERVICIOS QUE OFRECE CONSULTA \u00c1rea de Biblioteca Archivo Hist\u00f3rico Solicitudes de Acceso a la Informaci\u00f3n Solicitudes de Protecci\u00f3n de Datos Personales Fecha de Actualizaci\u00f3n:\u00a001 de abril de 2022 Responsable de la Informaci\u00f3n:\u00a0Lic. Gerardo Blanco Guerra Oficial Mayor del H. Congreso del Estado de Coahuila<\/p>\n","protected":false},"author":3,"featured_media":0,"parent":0,"menu_order":0,"comment_status":"closed","ping_status":"closed","template":"","meta":{"footnotes":""},"categories":[],"tags":[],"class_list":["post-40269","page","type-page","status-publish","hentry"],"_links":{"self":[{"href":"https:\/\/www.congresocoahuila.gob.mx\/portal\/wp-json\/wp\/v2\/pages\/40269","targetHints":{"allow":["GET"]}}],"collection":[{"href":"https:\/\/www.congresocoahuila.gob.mx\/portal\/wp-json\/wp\/v2\/pages"}],"about":[{"href":"https:\/\/www.congresocoahuila.gob.mx\/portal\/wp-json\/wp\/v2\/types\/page"}],"author":[{"embeddable":true,"href":"https:\/\/www.congresocoahuila.gob.mx\/portal\/wp-json\/wp\/v2\/users\/3"}],"replies":[{"embeddable":true,"href":"https:\/\/www.congresocoahuila.gob.mx\/portal\/wp-json\/wp\/v2\/comments?post=40269"}],"version-history":[{"count":16,"href":"https:\/\/www.congresocoahuila.gob.mx\/portal\/wp-json\/wp\/v2\/pages\/40269\/revisions"}],"predecessor-version":[{"id":43296,"href":"https:\/\/www.congresocoahuila.gob.mx\/portal\/wp-json\/wp\/v2\/pages\/40269\/revisions\/43296"}],"wp:attachment":[{"href":"https:\/\/www.congresocoahuila.gob.mx\/portal\/wp-json\/wp\/v2\/media?parent=40269"}],"wp:term":[{"taxonomy":"category","embeddable":true,"href":"https:\/\/www.congresocoahuila.gob.mx\/portal\/wp-json\/wp\/v2\/categories?post=40269"},{"taxonomy":"post_tag","embeddable":true,"href":"https:\/\/www.congresocoahuila.gob.mx\/portal\/wp-json\/wp\/v2\/tags?post=40269"}],"curies":[{"name":"wp","href":"https:\/\/api.w.org\/{rel}","templated":true}]}}