{"id":40299,"date":"2021-02-16T14:15:12","date_gmt":"2021-02-16T20:15:12","guid":{"rendered":"http:\/\/congresocoahuila.gob.mx\/portal\/?page_id=40299"},"modified":"2022-07-04T22:19:07","modified_gmt":"2022-07-05T03:19:07","slug":"articulo-21-xiv-lxii-legislatura-2021-2023","status":"publish","type":"page","link":"https:\/\/www.congresocoahuila.gob.mx\/portal\/articulo-21-xiv-lxii-legislatura-2021-2023\/","title":{"rendered":"21-XIV LXII Legislatura 2021 -2023"},"content":{"rendered":"\r\n<p><strong>Fecha de Actualizaci\u00f3n:<\/strong> 1 de julio de 2022<br \/><strong>Responsable de la Informaci\u00f3n:\u00a0<\/strong>Lic. Gerardo Blanco Guerra,<br \/>Oficial Mayor del H. Congreso del Estado de Coahuila.<\/p>\r\n<p><br \/>PARTICIPACI\u00d3N CIUDADANA.<\/p>\r\n\r\n\r\n\r\n<p>El Congreso del Estado, conforme a lo dispuesto en el art\u00edculo 8 de la Constituci\u00f3n Pol\u00edtica para el Estado de Coahuila de Zaragoza establece que; en el Estado de Coahuila de Zaragoza, el ejercicio de los derechos fundamentales no tiene m\u00e1s l\u00edmites que las disposiciones prohibitivas de la ley, de \u00e9sta emanan la autoridad de los que gobiernen y las obligaciones de los gobernados. En consecuencia, el ejercicio de la autoridad debe concretarse a las atribuciones determinadas en las leyes.<\/p>\r\n\r\n\r\n\r\n<p>La ley establecer\u00e1 las formas, t\u00e9rminos y procedimientos de los instrumentos de participaci\u00f3n ciudadana y comunitaria, para garantizar el derecho a participar en la vida p\u00fablica del estado y de los municipios.<\/p>\r\n\r\n\r\n\r\n<p>De igual manera en su art\u00edculo 59 de la Constituci\u00f3n Local y art\u00edculo 152 de la Ley Org\u00e1nica del Congreso del Estado Independiente, Libre y Soberano de Coahuila de Zaragoza, prev\u00e9 que el derecho de iniciar leyes o decretos compete a los Diputados, Gobernador del Estado, Tribunal Superior, Ayuntamientos del Estado, Organismos P\u00fablicos Aut\u00f3nomos, Ciudadanos Coahuilenses y a los que sin serlo acrediten que han residido en el Estado por m\u00e1s de tres a\u00f1os y al Instituto Coahuilense de Acceso a la Informaci\u00f3n P\u00fablica.<\/p>\r\n\r\n\r\n\r\n<p>Por otra parte, la Ley de Participaci\u00f3n Ciudadana para el Estado de Coahuila de Zaragoza, en su art\u00edculo 4, se\u00f1ala los instrumentos de Participaci\u00f3n Ciudadana y\/o Comunitaria:<\/p>\r\n\r\n\r\n\r\n<p>\u201cLEY DE PARTICIPACI\u00d3N CIUDADANA<\/p>\r\n\r\n\r\n\r\n<p>ART\u00cdCULO 4\u00b0. LOS INSTRUMENTOS DE PARTICIPACI\u00d3N CIUDADANA Y\/O<br \/>COMUNITARIA. Los instrumentos de participaci\u00f3n ciudadana y\/o comunitaria<br \/>son:<\/p>\r\n\r\n\r\n\r\n<p>I. El plebiscito.<\/p>\r\n\r\n\r\n\r\n<p>II. El referendo.<\/p>\r\n\r\n\r\n\r\n<p>III. La iniciativa popular.<\/p>\r\n\r\n\r\n\r\n<p>IV. La consulta popular.<\/p>\r\n\r\n\r\n\r\n<p>V. La colaboraci\u00f3n comunitaria.<\/p>\r\n\r\n\r\n\r\n<p>VI. La audiencia p\u00fablica.<\/p>\r\n\r\n\r\n\r\n<p>VII. Los dem\u00e1s que establezcan otras disposiciones aplicables o las autoridades estatales o municipales, en los \u00e1mbitos de sus competencias, para garantizar la participaci\u00f3n ciudadana y comunitaria en su vida p\u00fablica.<\/p>\r\n\r\n\r\n\r\n<p>Los instrumentos de participaci\u00f3n y organizaci\u00f3n ciudadana y comunitaria son complementarios entre s\u00ed.\u201d<\/p>\r\n\r\n\r\n\r\n<p>En este orden de ideas, se menciona que el Congreso del Estado de Coahuila de Zaragoza, es quien conoce de la iniciativa popular, cuyos requisitos y tr\u00e1mites pueden ser consultados en la Ley de Participaci\u00f3n Ciudadana para el Estado de Coahuila de Zaragoza, en los art\u00edculos 39 al 47.<\/p>\r\n\r\n\r\n\r\n<p>De igual manera con la finalidad de promover la participaci\u00f3n ciudadana, bajo el esquema de un Parlamento Abierto, el Congreso del Estado podr\u00e1 realizar: foros de consulta, coloquios, sesiones a trav\u00e9s del Congreso Itinerante, entre otros, ello conforme a los establecido en la propia Ley Org\u00e1nica del Congreso Independiente, Libre y Soberano de Coahuila de Zaragoza.<\/p>\r\n\r\n\r\n\r\n<p>Congreso Itinerante:<br \/>Con fundamento en los establecido en el art\u00edculo 217 de la Ley Org\u00e1nica del Congreso del Estado de Coahuila de Zaragoza, los integrantes de la LXII Legislatura acuden a un municipio del Estado para realizar una sesi\u00f3n, a fin de informar de manera directa a la ciudadan\u00eda sobre el trabajo legislativo efectuado, as\u00ed como realizar las gestiones correspondientes y en su caso las adecuaciones legales necesarias, con motivo de las necesidades y problem\u00e1ticas que se planteen en dichas sesi\u00f3n.<\/p>\r\n<p>&nbsp;<\/p>\r\n<div>Ciudad que se celebro congreso itinerante:<\/div>\r\n<div>\u00a0<\/div>\r\n<div><a href=\"https:\/\/congresocoahuila.gob.mx\/transparencia\/ART\/21\/14\/2022\/20220228_PPRS08.docx\">Torre\u00f3n, Coahuila.<\/a><\/div>\r\n<p>&nbsp;<\/p>\r\n\r\n\r\n\r\n<p>&nbsp;<\/p>\r\n","protected":false},"excerpt":{"rendered":"<p>Fecha de Actualizaci\u00f3n: 1 de julio de 2022Responsable de la Informaci\u00f3n:\u00a0Lic. Gerardo Blanco Guerra,Oficial Mayor del H. Congreso del Estado de Coahuila. PARTICIPACI\u00d3N CIUDADANA. El Congreso del Estado, conforme a lo dispuesto en el art\u00edculo 8 de la Constituci\u00f3n Pol\u00edtica para el Estado de Coahuila de Zaragoza establece que; en el Estado de Coahuila de [&hellip;]<\/p>\n","protected":false},"author":3,"featured_media":0,"parent":0,"menu_order":0,"comment_status":"closed","ping_status":"closed","template":"","meta":{"footnotes":""},"categories":[],"tags":[],"class_list":["post-40299","page","type-page","status-publish","hentry"],"_links":{"self":[{"href":"https:\/\/www.congresocoahuila.gob.mx\/portal\/wp-json\/wp\/v2\/pages\/40299","targetHints":{"allow":["GET"]}}],"collection":[{"href":"https:\/\/www.congresocoahuila.gob.mx\/portal\/wp-json\/wp\/v2\/pages"}],"about":[{"href":"https:\/\/www.congresocoahuila.gob.mx\/portal\/wp-json\/wp\/v2\/types\/page"}],"author":[{"embeddable":true,"href":"https:\/\/www.congresocoahuila.gob.mx\/portal\/wp-json\/wp\/v2\/users\/3"}],"replies":[{"embeddable":true,"href":"https:\/\/www.congresocoahuila.gob.mx\/portal\/wp-json\/wp\/v2\/comments?post=40299"}],"version-history":[{"count":30,"href":"https:\/\/www.congresocoahuila.gob.mx\/portal\/wp-json\/wp\/v2\/pages\/40299\/revisions"}],"predecessor-version":[{"id":43802,"href":"https:\/\/www.congresocoahuila.gob.mx\/portal\/wp-json\/wp\/v2\/pages\/40299\/revisions\/43802"}],"wp:attachment":[{"href":"https:\/\/www.congresocoahuila.gob.mx\/portal\/wp-json\/wp\/v2\/media?parent=40299"}],"wp:term":[{"taxonomy":"category","embeddable":true,"href":"https:\/\/www.congresocoahuila.gob.mx\/portal\/wp-json\/wp\/v2\/categories?post=40299"},{"taxonomy":"post_tag","embeddable":true,"href":"https:\/\/www.congresocoahuila.gob.mx\/portal\/wp-json\/wp\/v2\/tags?post=40299"}],"curies":[{"name":"wp","href":"https:\/\/api.w.org\/{rel}","templated":true}]}}